{"id":839,"date":"2017-02-21T15:42:19","date_gmt":"2017-02-21T14:42:19","guid":{"rendered":"http:\/\/tflinc.ca\/?page_id=839"},"modified":"2017-03-10T14:55:29","modified_gmt":"2017-03-10T13:55:29","slug":"revetement-exterieur","status":"publish","type":"page","link":"https:\/\/tflinc.ca\/index.php\/revetement-exterieur\/","title":{"rendered":"Rev\u00eatement ext\u00e9rieur"},"content":{"rendered":"<div data-section=\"image &#038; text\/2.html\">\n<section class=\"section-area\">\n<div class=\"container\">\n<div class=\"row scrollr\">\n<div class=\"col-xs-12\">\n<h2 class=\"title-btn ui-title-block\">\n                       <a href=\"#x3qT1\" class=\"title-btn__inner js-scroll\">about us<\/a><br \/>\n                       <button type=\"button\" data-toggle=\"collapse\" data-target=\"#x3qT1\" class=\"title-btn__btn\"><br \/>\n                           <span class=\"icon fa fa-caret-down\"><\/span><br \/>\n                       <\/button><br \/>\n                   <\/h2>\n<div id=\"x3qT1\" class=\"section-area collapse in\">\n<div class=\"row\">\n<div class=\"col-lg-4\">\n<section class=\"post-a\">\n<div class=\"entry-media\">\n<div class=\"post-a__img\">\n                                           <img decoding=\"async\" src=\"http:\/\/tflinc.ca\/wp-content\/uploads\/2016\/06\/revetement-small.jpg\" alt=\"foto\" class=\"img-responsive\">\n                                       <\/div>\n<\/p><\/div>\n<div class=\"entry-main\">\n<div class=\"entry-content\">\n<h3 class=\"post-a__title ui-title-block\">Rev\u00eatement de vinyle<\/h3>\n<div class=\"post-a__text\">Le rev\u00eatement de vinyle est le premier choix de parement ext\u00e9rieur au Canada et aux \u00c9tats-Unis.<\/div>\n<\/p><\/div>\n<p>                                       <a href=\"http:\/\/tflinc.ca\/index.php\/revetement-de-vinyle\/\" class=\"post-a__btn btn btn-default btn-effect\">En savoir plus<\/a>\n                                   <\/div>\n<\/section><\/div>\n<div class=\"col-lg-4\">\n<section class=\"post-a\">\n<div class=\"entry-media\">\n<div class=\"post-a__img\">\n                                           <img decoding=\"async\" src=\"http:\/\/tflinc.ca\/wp-content\/uploads\/2017\/02\/revetement-exterieur-small-2.jpg\" alt=\"foto\" class=\"img-responsive\">\n                                       <\/div>\n<\/p><\/div>\n<div class=\"entry-main\">\n<div class=\"entry-content\">\n<h3 class=\"post-a__title ui-title-block\">Rev\u00eatement d&#8217;aluminium<\/h3>\n<div class=\"post-a__text\">Gr\u00e2ce \u00e0 notre rev\u00eatement en aluminium, vous prot\u00e9gez votre demeure avec les propri\u00e9t\u00e9s \u00e0 hautes performances de l\u2019aluminium.<\/div>\n<p>                                           <a href=\"http:\/\/tflinc.ca\/index.php\/revetement-aluminium\/\" class=\"post-a__btn btn btn-default btn-effect\">En savoir plus<\/a>\n                                       <\/div>\n<\/p><\/div>\n<\/section><\/div>\n<div class=\"col-lg-4\">\n<section class=\"post-a post-a_last\">\n<div class=\"entry-media\">\n<div class=\"post-a__img\">\n                                           <img decoding=\"async\" src=\"http:\/\/tflinc.ca\/wp-content\/uploads\/2017\/02\/revetement-exterieur-small.jpg\" alt=\"foto\" class=\"img-responsive\">\n                                       <\/div>\n<\/p><\/div>\n<div class=\"entry-main\">\n<div class=\"entry-content\">\n<h3 class=\"post-a__title ui-title-block\">Rev\u00eatement sp\u00e9cialis\u00e9<\/h3>\n<div class=\"post-a__text\">Le vaste choix de nos rev\u00eatements sp\u00e9cialis\u00e9s se distingue par la polyvalence et l\u2019attention irr\u00e9prochable que nous portons au d\u00e9tail.<\/div>\n<p>                                           <a href=\"http:\/\/tflinc.ca\/index.php\/revetement-specialise\/\" class=\"post-a__btn btn btn-default btn-effect\">En savoir plus<\/a>\n                                       <\/div>\n<\/p><\/div>\n<\/section><\/div>\n<\/p><\/div>\n<\/p><\/div>\n<\/p><\/div>\n<\/p><\/div>\n<\/p><\/div>\n<\/section>\n<\/div>\n","protected":false},"excerpt":{"rendered":"<p>about us Rev\u00eatement de vinyle Le rev\u00eatement de vinyle est le premier choix de parement ext\u00e9rieur au Canada et aux \u00c9tats-Unis. En savoir plus Rev\u00eatement d&#8217;aluminium Gr\u00e2ce \u00e0 notre rev\u00eatement en aluminium, vous prot\u00e9gez votre demeure avec les propri\u00e9t\u00e9s \u00e0 hautes performances de l\u2019aluminium. En savoir plus Rev\u00eatement sp\u00e9cialis\u00e9 Le vaste choix de nos rev\u00eatements [&hellip;]<\/p>\n","protected":false},"author":1,"featured_media":817,"parent":0,"menu_order":0,"comment_status":"closed","ping_status":"closed","template":"page-templates\/without-container.php","meta":{"_custom_body_class":"azh","_custom_post_class":"","footnotes":""},"class_list":["post-839","page","type-page","status-publish","has-post-thumbnail","hentry"],"yoast_head":"<!-- This site is optimized with the Yoast SEO plugin v27.3 - https:\/\/yoast.com\/product\/yoast-seo-wordpress\/ -->\n<title>Rev\u00eatement ext\u00e9rieur - Traitement Fen\u00eatres Laval<\/title>\n<meta name=\"robots\" content=\"index, follow, max-snippet:-1, max-image-preview:large, max-video-preview:-1\" \/>\n<link rel=\"canonical\" href=\"https:\/\/tflinc.ca\/index.php\/revetement-exterieur\/\" \/>\n<meta property=\"og:locale\" content=\"fr_FR\" \/>\n<meta property=\"og:type\" content=\"article\" \/>\n<meta property=\"og:title\" content=\"Rev\u00eatement ext\u00e9rieur - Traitement Fen\u00eatres Laval\" \/>\n<meta property=\"og:description\" content=\"about us Rev\u00eatement de vinyle Le rev\u00eatement de vinyle est le premier choix de parement ext\u00e9rieur au Canada et aux \u00c9tats-Unis. En savoir plus Rev\u00eatement d&#8217;aluminium Gr\u00e2ce \u00e0 notre rev\u00eatement en aluminium, vous prot\u00e9gez votre demeure avec les propri\u00e9t\u00e9s \u00e0 hautes performances de l\u2019aluminium. En savoir plus Rev\u00eatement sp\u00e9cialis\u00e9 Le vaste choix de nos rev\u00eatements [&hellip;]\" \/>\n<meta property=\"og:url\" content=\"https:\/\/tflinc.ca\/index.php\/revetement-exterieur\/\" \/>\n<meta property=\"og:site_name\" content=\"Traitement Fen\u00eatres Laval\" \/>\n<meta property=\"article:modified_time\" content=\"2017-03-10T13:55:29+00:00\" \/>\n<meta property=\"og:image\" content=\"https:\/\/tflinc.ca\/wp-content\/uploads\/2016\/11\/revetement-slide.jpg\" \/>\n\t<meta property=\"og:image:width\" content=\"1920\" \/>\n\t<meta property=\"og:image:height\" content=\"1280\" \/>\n\t<meta property=\"og:image:type\" content=\"image\/jpeg\" \/>\n<meta name=\"twitter:card\" content=\"summary_large_image\" \/>\n<script type=\"application\/ld+json\" class=\"yoast-schema-graph\">{\"@context\":\"https:\\\/\\\/schema.org\",\"@graph\":[{\"@type\":\"WebPage\",\"@id\":\"https:\\\/\\\/tflinc.ca\\\/index.php\\\/revetement-exterieur\\\/\",\"url\":\"https:\\\/\\\/tflinc.ca\\\/index.php\\\/revetement-exterieur\\\/\",\"name\":\"Rev\u00eatement ext\u00e9rieur - Traitement Fen\u00eatres Laval\",\"isPartOf\":{\"@id\":\"https:\\\/\\\/tflinc.ca\\\/#website\"},\"primaryImageOfPage\":{\"@id\":\"https:\\\/\\\/tflinc.ca\\\/index.php\\\/revetement-exterieur\\\/#primaryimage\"},\"image\":{\"@id\":\"https:\\\/\\\/tflinc.ca\\\/index.php\\\/revetement-exterieur\\\/#primaryimage\"},\"thumbnailUrl\":\"https:\\\/\\\/tflinc.ca\\\/wp-content\\\/uploads\\\/2016\\\/11\\\/revetement-slide.jpg\",\"datePublished\":\"2017-02-21T14:42:19+00:00\",\"dateModified\":\"2017-03-10T13:55:29+00:00\",\"breadcrumb\":{\"@id\":\"https:\\\/\\\/tflinc.ca\\\/index.php\\\/revetement-exterieur\\\/#breadcrumb\"},\"inLanguage\":\"fr-FR\",\"potentialAction\":[{\"@type\":\"ReadAction\",\"target\":[\"https:\\\/\\\/tflinc.ca\\\/index.php\\\/revetement-exterieur\\\/\"]}]},{\"@type\":\"ImageObject\",\"inLanguage\":\"fr-FR\",\"@id\":\"https:\\\/\\\/tflinc.ca\\\/index.php\\\/revetement-exterieur\\\/#primaryimage\",\"url\":\"https:\\\/\\\/tflinc.ca\\\/wp-content\\\/uploads\\\/2016\\\/11\\\/revetement-slide.jpg\",\"contentUrl\":\"https:\\\/\\\/tflinc.ca\\\/wp-content\\\/uploads\\\/2016\\\/11\\\/revetement-slide.jpg\",\"width\":1920,\"height\":1280,\"caption\":\"A row of newly-built houses in a residential subdivision.\"},{\"@type\":\"BreadcrumbList\",\"@id\":\"https:\\\/\\\/tflinc.ca\\\/index.php\\\/revetement-exterieur\\\/#breadcrumb\",\"itemListElement\":[{\"@type\":\"ListItem\",\"position\":1,\"name\":\"Accueil\",\"item\":\"https:\\\/\\\/tflinc.ca\\\/\"},{\"@type\":\"ListItem\",\"position\":2,\"name\":\"Rev\u00eatement ext\u00e9rieur\"}]},{\"@type\":\"WebSite\",\"@id\":\"https:\\\/\\\/tflinc.ca\\\/#website\",\"url\":\"https:\\\/\\\/tflinc.ca\\\/\",\"name\":\"Traitement Fen\u00eatres Laval\",\"description\":\"\",\"potentialAction\":[{\"@type\":\"SearchAction\",\"target\":{\"@type\":\"EntryPoint\",\"urlTemplate\":\"https:\\\/\\\/tflinc.ca\\\/?s={search_term_string}\"},\"query-input\":{\"@type\":\"PropertyValueSpecification\",\"valueRequired\":true,\"valueName\":\"search_term_string\"}}],\"inLanguage\":\"fr-FR\"}]}<\/script>\n<!-- \/ Yoast SEO plugin. -->","yoast_head_json":{"title":"Rev\u00eatement ext\u00e9rieur - Traitement Fen\u00eatres Laval","robots":{"index":"index","follow":"follow","max-snippet":"max-snippet:-1","max-image-preview":"max-image-preview:large","max-video-preview":"max-video-preview:-1"},"canonical":"https:\/\/tflinc.ca\/index.php\/revetement-exterieur\/","og_locale":"fr_FR","og_type":"article","og_title":"Rev\u00eatement ext\u00e9rieur - Traitement Fen\u00eatres Laval","og_description":"about us Rev\u00eatement de vinyle Le rev\u00eatement de vinyle est le premier choix de parement ext\u00e9rieur au Canada et aux \u00c9tats-Unis. En savoir plus Rev\u00eatement d&#8217;aluminium Gr\u00e2ce \u00e0 notre rev\u00eatement en aluminium, vous prot\u00e9gez votre demeure avec les propri\u00e9t\u00e9s \u00e0 hautes performances de l\u2019aluminium. En savoir plus Rev\u00eatement sp\u00e9cialis\u00e9 Le vaste choix de nos rev\u00eatements [&hellip;]","og_url":"https:\/\/tflinc.ca\/index.php\/revetement-exterieur\/","og_site_name":"Traitement Fen\u00eatres Laval","article_modified_time":"2017-03-10T13:55:29+00:00","og_image":[{"width":1920,"height":1280,"url":"https:\/\/tflinc.ca\/wp-content\/uploads\/2016\/11\/revetement-slide.jpg","type":"image\/jpeg"}],"twitter_card":"summary_large_image","schema":{"@context":"https:\/\/schema.org","@graph":[{"@type":"WebPage","@id":"https:\/\/tflinc.ca\/index.php\/revetement-exterieur\/","url":"https:\/\/tflinc.ca\/index.php\/revetement-exterieur\/","name":"Rev\u00eatement ext\u00e9rieur - Traitement Fen\u00eatres Laval","isPartOf":{"@id":"https:\/\/tflinc.ca\/#website"},"primaryImageOfPage":{"@id":"https:\/\/tflinc.ca\/index.php\/revetement-exterieur\/#primaryimage"},"image":{"@id":"https:\/\/tflinc.ca\/index.php\/revetement-exterieur\/#primaryimage"},"thumbnailUrl":"https:\/\/tflinc.ca\/wp-content\/uploads\/2016\/11\/revetement-slide.jpg","datePublished":"2017-02-21T14:42:19+00:00","dateModified":"2017-03-10T13:55:29+00:00","breadcrumb":{"@id":"https:\/\/tflinc.ca\/index.php\/revetement-exterieur\/#breadcrumb"},"inLanguage":"fr-FR","potentialAction":[{"@type":"ReadAction","target":["https:\/\/tflinc.ca\/index.php\/revetement-exterieur\/"]}]},{"@type":"ImageObject","inLanguage":"fr-FR","@id":"https:\/\/tflinc.ca\/index.php\/revetement-exterieur\/#primaryimage","url":"https:\/\/tflinc.ca\/wp-content\/uploads\/2016\/11\/revetement-slide.jpg","contentUrl":"https:\/\/tflinc.ca\/wp-content\/uploads\/2016\/11\/revetement-slide.jpg","width":1920,"height":1280,"caption":"A row of newly-built houses in a residential subdivision."},{"@type":"BreadcrumbList","@id":"https:\/\/tflinc.ca\/index.php\/revetement-exterieur\/#breadcrumb","itemListElement":[{"@type":"ListItem","position":1,"name":"Accueil","item":"https:\/\/tflinc.ca\/"},{"@type":"ListItem","position":2,"name":"Rev\u00eatement ext\u00e9rieur"}]},{"@type":"WebSite","@id":"https:\/\/tflinc.ca\/#website","url":"https:\/\/tflinc.ca\/","name":"Traitement Fen\u00eatres Laval","description":"","potentialAction":[{"@type":"SearchAction","target":{"@type":"EntryPoint","urlTemplate":"https:\/\/tflinc.ca\/?s={search_term_string}"},"query-input":{"@type":"PropertyValueSpecification","valueRequired":true,"valueName":"search_term_string"}}],"inLanguage":"fr-FR"}]}},"_links":{"self":[{"href":"https:\/\/tflinc.ca\/index.php\/wp-json\/wp\/v2\/pages\/839","targetHints":{"allow":["GET"]}}],"collection":[{"href":"https:\/\/tflinc.ca\/index.php\/wp-json\/wp\/v2\/pages"}],"about":[{"href":"https:\/\/tflinc.ca\/index.php\/wp-json\/wp\/v2\/types\/page"}],"author":[{"embeddable":true,"href":"https:\/\/tflinc.ca\/index.php\/wp-json\/wp\/v2\/users\/1"}],"replies":[{"embeddable":true,"href":"https:\/\/tflinc.ca\/index.php\/wp-json\/wp\/v2\/comments?post=839"}],"version-history":[{"count":6,"href":"https:\/\/tflinc.ca\/index.php\/wp-json\/wp\/v2\/pages\/839\/revisions"}],"predecessor-version":[{"id":1081,"href":"https:\/\/tflinc.ca\/index.php\/wp-json\/wp\/v2\/pages\/839\/revisions\/1081"}],"wp:featuredmedia":[{"embeddable":true,"href":"https:\/\/tflinc.ca\/index.php\/wp-json\/wp\/v2\/media\/817"}],"wp:attachment":[{"href":"https:\/\/tflinc.ca\/index.php\/wp-json\/wp\/v2\/media?parent=839"}],"curies":[{"name":"wp","href":"https:\/\/api.w.org\/{rel}","templated":true}]}}