{"id":828,"date":"2017-02-21T15:30:57","date_gmt":"2017-02-21T14:30:57","guid":{"rendered":"http:\/\/tflinc.ca\/?page_id=828"},"modified":"2026-04-02T16:57:06","modified_gmt":"2026-04-02T14:57:06","slug":"fenetres-neuves","status":"publish","type":"page","link":"https:\/\/tflinc.ca\/index.php\/fenetres-neuves\/","title":{"rendered":"Fen\u00eatres neuves"},"content":{"rendered":"<div data-section=\"image &#038; text\/2.html\">\n<section class=\"section-area\">\n<div class=\"container\">\n<div class=\"row scrollr\">\n<div class=\"col-xs-12\">\n<h2 class=\"title-btn ui-title-block\">\n                       <a href=\"#NnpTc\" class=\"title-btn__inner js-scroll\">Nos fen\u00eatres neuves<\/a><br \/>\n                       <button type=\"button\" data-toggle=\"collapse\" data-target=\"#NnpTc\" class=\"title-btn__btn\"><br \/>\n                           <span class=\"icon fa fa-caret-down\"><\/span><br \/>\n                       <\/button><br \/>\n                   <\/h2>\n<div id=\"NnpTc\" class=\"section-area collapse in\">\n<div class=\"row\">\n<div class=\"col-lg-6\">\n<section class=\"post-a\">\n<div class=\"entry-media\">\n<div class=\"post-a__img\">\n                                           <img decoding=\"async\" src=\"http:\/\/tflinc.ca\/wp-content\/uploads\/2017\/02\/fenetre-pvc-medium.jpg\" alt=\"foto\" class=\"img-responsive\">\n                                       <\/div>\n<\/p><\/div>\n<div class=\"entry-main\">\n<div class=\"entry-content\">\n<h3 class=\"post-a__title ui-title-block\">Fen\u00eatres neuves en PVC<\/h3>\n<div class=\"post-a__text\">La gamme de fen\u00eatres en PVC est fabriqu\u00e9e de mani\u00e8re \u00e0 vous offrir un rendement thermique sup\u00e9rieur. De plus, elle r\u00e9pond aux exigences Energy Star.<\/div>\n<\/p><\/div>\n<p>                                       <a href=\"http:\/\/tflinc.ca\/index.php\/fenetres-neuves-pvc\/\" class=\"post-a__btn btn btn-default btn-effect\">En savoir plus<\/a>\n                                   <\/div>\n<\/section><\/div>\n<div class=\"col-lg-6\">\n<section class=\"post-a\">\n<div class=\"entry-media\">\n<div class=\"post-a__img\">\n                                           <img decoding=\"async\" src=\"http:\/\/tflinc.ca\/wp-content\/uploads\/2017\/02\/fenetre-bois-medium.jpg\" alt=\"foto\" class=\"img-responsive\">\n                                       <\/div>\n<\/p><\/div>\n<div class=\"entry-main\">\n<div class=\"entry-content\">\n<h3 class=\"post-a__title ui-title-block\">Fen\u00eatres neuves en bois<\/h3>\n<div class=\"post-a__text\">Chaleureusement accueillantes et procurant une isolation thermique sup\u00e9rieure, les fen\u00eatres de bois sont un choix naturel lorsqu\u2019il s\u2019agit d\u2019habiller votre maison.<\/div>\n<p>                                           <a href=\"http:\/\/tflinc.ca\/index.php\/fenetres-neuves-bois\/\" class=\"post-a__btn btn btn-default btn-effect\">En savoir plus<\/a>\n                                       <\/div>\n<\/p><\/div>\n<\/section><\/div>\n<\/p><\/div>\n<\/p><\/div>\n<\/p><\/div>\n<\/p><\/div>\n<\/p><\/div>\n<\/section>\n<\/div>\n<div data-section=\"text\/1.html\">\n<div class=\"container\">\n<section class=\"section_mod-b block-2-col\" style=\"background-color:#000;padding-bottom:6rem;padding-top:6rem;\">\n<div class=\"row scrollr\">\n<div class=\"col-xs-12\">\n                   <center><br \/>\n                       <a href=\"https:\/\/tflinc.ca\/wp-content\/uploads\/2019\/05\/MostEfficient2019_CAf_poster.pdf\" target=\"_blank\" rel=\"noopener\"><br \/>\n                           <img decoding=\"async\" class=\"img-promo-estar\" src=\"https:\/\/tflinc.ca\/wp-content\/uploads\/2019\/05\/promo-energy-star.jpg\" \/><br \/>\n                       <\/a><br \/>\n                   <\/center>\n               <\/div>\n<\/p><\/div>\n<\/section><\/div>\n<\/div>\n<div data-section=\"form\/3.html\">\n<div class=\"container\">\n<div class=\"bg_mod-d\">\n<div class=\"row\">\n<div class=\"col-md-6\">\n<section id=\"KuuJH\" class=\"section-default block-padd-14\">\n<h2 class=\"ui-title-block_w-border\">Estimation gratuite pour vos fen\u00eatres neuves<\/h2>\n<\/p>\n<p>                       \n<div class=\"wpcf7 no-js\" id=\"wpcf7-f456-o1\" lang=\"fr-FR\" dir=\"ltr\" data-wpcf7-id=\"456\">\n<div class=\"screen-reader-response\"><p role=\"status\" aria-live=\"polite\" aria-atomic=\"true\"><\/p> <ul><\/ul><\/div>\n<form action=\"\/index.php\/wp-json\/wp\/v2\/pages\/828#wpcf7-f456-o1\" method=\"post\" class=\"wpcf7-form init\" aria-label=\"Formulaire de contact\" novalidate=\"novalidate\" data-status=\"init\">\n<fieldset class=\"hidden-fields-container\"><input type=\"hidden\" name=\"_wpcf7\" value=\"456\" \/><input type=\"hidden\" name=\"_wpcf7_version\" value=\"6.1.5\" \/><input type=\"hidden\" name=\"_wpcf7_locale\" value=\"fr_FR\" \/><input type=\"hidden\" name=\"_wpcf7_unit_tag\" value=\"wpcf7-f456-o1\" \/><input type=\"hidden\" name=\"_wpcf7_container_post\" value=\"0\" \/><input type=\"hidden\" name=\"_wpcf7_posted_data_hash\" value=\"\" \/><input type=\"hidden\" name=\"_wpcf7dtx_version\" value=\"5.0.5\" \/><input type=\"hidden\" name=\"_wpcf7_recaptcha_response\" value=\"\" \/>\n<\/fieldset>\n<div class=\"input-with-icon\">\n\t<p><i class=\"wp-svg-users-2 users-2\"><\/i><span class=\"wpcf7-form-control-wrap\" data-name=\"nom\"><input size=\"40\" maxlength=\"400\" class=\"wpcf7-form-control wpcf7-text wpcf7-validates-as-required form-accueil-2\" aria-required=\"true\" aria-invalid=\"false\" placeholder=\"Nom *\" value=\"\" type=\"text\" name=\"nom\" \/><\/span>\n\t<\/p>\n<\/div>\n<div class=\"input-with-icon\">\n\t<p><i class=\"wp-svg-mail-2 mail-2\"><\/i><span class=\"wpcf7-form-control-wrap\" data-name=\"courriel\"><input size=\"40\" maxlength=\"400\" class=\"wpcf7-form-control wpcf7-email wpcf7-validates-as-required wpcf7-text wpcf7-validates-as-email form-accueil-2\" aria-required=\"true\" aria-invalid=\"false\" placeholder=\"Courriel *\" value=\"\" type=\"email\" name=\"courriel\" \/><\/span>\n\t<\/p>\n<\/div>\n<div class=\"input-with-icon\">\n\t<p><i class=\"wp-svg-phone phone\"><\/i><span class=\"wpcf7-form-control-wrap\" data-name=\"tel\"><input size=\"40\" maxlength=\"400\" class=\"wpcf7-form-control wpcf7-tel wpcf7-text wpcf7-validates-as-tel form-accueil-2\" aria-invalid=\"false\" placeholder=\"T\u00e9l\u00e9phone\" value=\"\" type=\"tel\" name=\"tel\" \/><\/span>\n\t<\/p>\n<\/div>\n<p>\n\t<center><input class=\"wpcf7-form-control wpcf7-submit has-spinner btn btn-primary btn-effect form-div-btn\" type=\"submit\" value=\"ENVOYER\" \/>\n\t<\/center>\n<\/p><div class=\"wpcf7-response-output\" aria-hidden=\"true\"><\/div>\n<\/form>\n<\/div>\n<br \/>\n                   <\/section>\n<\/p><\/div>\n<div class=\"col-md-6\">\n<div class=\"wrap-text\">\n                       <img decoding=\"async\" src=\"https:\/\/tflinc.ca\/wp-content\/themes\/prometheus\/prometheus\/azh\/prometheus\/assets\/media\/content\/840x840\/3.jpg\" alt=\"foto\" class=\"img-full\">\n                   <\/div>\n<\/p><\/div>\n<\/p><\/div>\n<\/p><\/div>\n<\/p><\/div>\n<\/div>\n","protected":false},"excerpt":{"rendered":"<p>Nos fen\u00eatres neuves Fen\u00eatres neuves en PVC La gamme de fen\u00eatres en PVC est fabriqu\u00e9e de mani\u00e8re \u00e0 vous offrir un rendement thermique sup\u00e9rieur. De plus, elle r\u00e9pond aux exigences Energy Star. En savoir plus Fen\u00eatres neuves en bois Chaleureusement accueillantes et procurant une isolation thermique sup\u00e9rieure, les fen\u00eatres de bois sont un choix naturel [&hellip;]<\/p>\n","protected":false},"author":1,"featured_media":798,"parent":0,"menu_order":0,"comment_status":"closed","ping_status":"closed","template":"page-templates\/without-container.php","meta":{"_custom_body_class":"azh","_custom_post_class":"","footnotes":""},"class_list":["post-828","page","type-page","status-publish","has-post-thumbnail","hentry"],"yoast_head":"<!-- This site is optimized with the Yoast SEO plugin v27.3 - https:\/\/yoast.com\/product\/yoast-seo-wordpress\/ -->\n<title>Fen\u00eatre Neuves \u2013 Vente &amp; Installation \u2013 Prix \u2013 Traitement Fen\u00eatres Laval<\/title>\n<meta name=\"description\" content=\"Nos fen\u00eatres neuves Fen\u00eatres neuves en PVC La gamme de fen\u00eatres en PVC est fabriqu\u00e9e de mani\u00e8re \u00e0 vous offrir un rendement thermique sup\u00e9rieur. Estimation gratuite.\" \/>\n<meta name=\"robots\" content=\"index, follow, max-snippet:-1, max-image-preview:large, max-video-preview:-1\" \/>\n<link rel=\"canonical\" href=\"https:\/\/tflinc.ca\/index.php\/fenetres-neuves\/\" \/>\n<meta property=\"og:locale\" content=\"fr_FR\" \/>\n<meta property=\"og:type\" content=\"article\" \/>\n<meta property=\"og:title\" content=\"Fen\u00eatre Neuves \u2013 Vente &amp; Installation \u2013 Prix \u2013 Traitement Fen\u00eatres Laval\" \/>\n<meta property=\"og:description\" content=\"Nos fen\u00eatres neuves Fen\u00eatres neuves en PVC La gamme de fen\u00eatres en PVC est fabriqu\u00e9e de mani\u00e8re \u00e0 vous offrir un rendement thermique sup\u00e9rieur. Estimation gratuite.\" \/>\n<meta property=\"og:url\" content=\"https:\/\/tflinc.ca\/index.php\/fenetres-neuves\/\" \/>\n<meta property=\"og:site_name\" content=\"Traitement Fen\u00eatres Laval\" \/>\n<meta property=\"article:modified_time\" content=\"2026-04-02T14:57:06+00:00\" \/>\n<meta property=\"og:image\" content=\"https:\/\/tflinc.ca\/wp-content\/uploads\/2016\/11\/restauration-slide.jpg\" \/>\n\t<meta property=\"og:image:width\" content=\"1920\" \/>\n\t<meta property=\"og:image:height\" content=\"1257\" \/>\n\t<meta property=\"og:image:type\" content=\"image\/jpeg\" \/>\n<meta name=\"twitter:card\" content=\"summary_large_image\" \/>\n<meta name=\"twitter:label1\" content=\"Dur\u00e9e de lecture estim\u00e9e\" \/>\n\t<meta name=\"twitter:data1\" content=\"2 minutes\" \/>\n<script type=\"application\/ld+json\" class=\"yoast-schema-graph\">{\"@context\":\"https:\\\/\\\/schema.org\",\"@graph\":[{\"@type\":\"WebPage\",\"@id\":\"https:\\\/\\\/tflinc.ca\\\/index.php\\\/fenetres-neuves\\\/\",\"url\":\"https:\\\/\\\/tflinc.ca\\\/index.php\\\/fenetres-neuves\\\/\",\"name\":\"Fen\u00eatre Neuves \u2013 Vente & Installation \u2013 Prix \u2013 Traitement Fen\u00eatres Laval\",\"isPartOf\":{\"@id\":\"https:\\\/\\\/tflinc.ca\\\/#website\"},\"primaryImageOfPage\":{\"@id\":\"https:\\\/\\\/tflinc.ca\\\/index.php\\\/fenetres-neuves\\\/#primaryimage\"},\"image\":{\"@id\":\"https:\\\/\\\/tflinc.ca\\\/index.php\\\/fenetres-neuves\\\/#primaryimage\"},\"thumbnailUrl\":\"https:\\\/\\\/tflinc.ca\\\/wp-content\\\/uploads\\\/2016\\\/11\\\/restauration-slide.jpg\",\"datePublished\":\"2017-02-21T14:30:57+00:00\",\"dateModified\":\"2026-04-02T14:57:06+00:00\",\"description\":\"Nos fen\u00eatres neuves Fen\u00eatres neuves en PVC La gamme de fen\u00eatres en PVC est fabriqu\u00e9e de mani\u00e8re \u00e0 vous offrir un rendement thermique sup\u00e9rieur. Estimation gratuite.\",\"breadcrumb\":{\"@id\":\"https:\\\/\\\/tflinc.ca\\\/index.php\\\/fenetres-neuves\\\/#breadcrumb\"},\"inLanguage\":\"fr-FR\",\"potentialAction\":[{\"@type\":\"ReadAction\",\"target\":[\"https:\\\/\\\/tflinc.ca\\\/index.php\\\/fenetres-neuves\\\/\"]}]},{\"@type\":\"ImageObject\",\"inLanguage\":\"fr-FR\",\"@id\":\"https:\\\/\\\/tflinc.ca\\\/index.php\\\/fenetres-neuves\\\/#primaryimage\",\"url\":\"https:\\\/\\\/tflinc.ca\\\/wp-content\\\/uploads\\\/2016\\\/11\\\/restauration-slide.jpg\",\"contentUrl\":\"https:\\\/\\\/tflinc.ca\\\/wp-content\\\/uploads\\\/2016\\\/11\\\/restauration-slide.jpg\",\"width\":1920,\"height\":1257,\"caption\":\"light kitchen interior, chairs, desk, windows\"},{\"@type\":\"BreadcrumbList\",\"@id\":\"https:\\\/\\\/tflinc.ca\\\/index.php\\\/fenetres-neuves\\\/#breadcrumb\",\"itemListElement\":[{\"@type\":\"ListItem\",\"position\":1,\"name\":\"Accueil\",\"item\":\"https:\\\/\\\/tflinc.ca\\\/\"},{\"@type\":\"ListItem\",\"position\":2,\"name\":\"Fen\u00eatres neuves\"}]},{\"@type\":\"WebSite\",\"@id\":\"https:\\\/\\\/tflinc.ca\\\/#website\",\"url\":\"https:\\\/\\\/tflinc.ca\\\/\",\"name\":\"Traitement Fen\u00eatres Laval\",\"description\":\"\",\"potentialAction\":[{\"@type\":\"SearchAction\",\"target\":{\"@type\":\"EntryPoint\",\"urlTemplate\":\"https:\\\/\\\/tflinc.ca\\\/?s={search_term_string}\"},\"query-input\":{\"@type\":\"PropertyValueSpecification\",\"valueRequired\":true,\"valueName\":\"search_term_string\"}}],\"inLanguage\":\"fr-FR\"}]}<\/script>\n<!-- \/ Yoast SEO plugin. -->","yoast_head_json":{"title":"Fen\u00eatre Neuves \u2013 Vente & Installation \u2013 Prix \u2013 Traitement Fen\u00eatres Laval","description":"Nos fen\u00eatres neuves Fen\u00eatres neuves en PVC La gamme de fen\u00eatres en PVC est fabriqu\u00e9e de mani\u00e8re \u00e0 vous offrir un rendement thermique sup\u00e9rieur. Estimation gratuite.","robots":{"index":"index","follow":"follow","max-snippet":"max-snippet:-1","max-image-preview":"max-image-preview:large","max-video-preview":"max-video-preview:-1"},"canonical":"https:\/\/tflinc.ca\/index.php\/fenetres-neuves\/","og_locale":"fr_FR","og_type":"article","og_title":"Fen\u00eatre Neuves \u2013 Vente & Installation \u2013 Prix \u2013 Traitement Fen\u00eatres Laval","og_description":"Nos fen\u00eatres neuves Fen\u00eatres neuves en PVC La gamme de fen\u00eatres en PVC est fabriqu\u00e9e de mani\u00e8re \u00e0 vous offrir un rendement thermique sup\u00e9rieur. Estimation gratuite.","og_url":"https:\/\/tflinc.ca\/index.php\/fenetres-neuves\/","og_site_name":"Traitement Fen\u00eatres Laval","article_modified_time":"2026-04-02T14:57:06+00:00","og_image":[{"width":1920,"height":1257,"url":"https:\/\/tflinc.ca\/wp-content\/uploads\/2016\/11\/restauration-slide.jpg","type":"image\/jpeg"}],"twitter_card":"summary_large_image","twitter_misc":{"Dur\u00e9e de lecture estim\u00e9e":"2 minutes"},"schema":{"@context":"https:\/\/schema.org","@graph":[{"@type":"WebPage","@id":"https:\/\/tflinc.ca\/index.php\/fenetres-neuves\/","url":"https:\/\/tflinc.ca\/index.php\/fenetres-neuves\/","name":"Fen\u00eatre Neuves \u2013 Vente & Installation \u2013 Prix \u2013 Traitement Fen\u00eatres Laval","isPartOf":{"@id":"https:\/\/tflinc.ca\/#website"},"primaryImageOfPage":{"@id":"https:\/\/tflinc.ca\/index.php\/fenetres-neuves\/#primaryimage"},"image":{"@id":"https:\/\/tflinc.ca\/index.php\/fenetres-neuves\/#primaryimage"},"thumbnailUrl":"https:\/\/tflinc.ca\/wp-content\/uploads\/2016\/11\/restauration-slide.jpg","datePublished":"2017-02-21T14:30:57+00:00","dateModified":"2026-04-02T14:57:06+00:00","description":"Nos fen\u00eatres neuves Fen\u00eatres neuves en PVC La gamme de fen\u00eatres en PVC est fabriqu\u00e9e de mani\u00e8re \u00e0 vous offrir un rendement thermique sup\u00e9rieur. Estimation gratuite.","breadcrumb":{"@id":"https:\/\/tflinc.ca\/index.php\/fenetres-neuves\/#breadcrumb"},"inLanguage":"fr-FR","potentialAction":[{"@type":"ReadAction","target":["https:\/\/tflinc.ca\/index.php\/fenetres-neuves\/"]}]},{"@type":"ImageObject","inLanguage":"fr-FR","@id":"https:\/\/tflinc.ca\/index.php\/fenetres-neuves\/#primaryimage","url":"https:\/\/tflinc.ca\/wp-content\/uploads\/2016\/11\/restauration-slide.jpg","contentUrl":"https:\/\/tflinc.ca\/wp-content\/uploads\/2016\/11\/restauration-slide.jpg","width":1920,"height":1257,"caption":"light kitchen interior, chairs, desk, windows"},{"@type":"BreadcrumbList","@id":"https:\/\/tflinc.ca\/index.php\/fenetres-neuves\/#breadcrumb","itemListElement":[{"@type":"ListItem","position":1,"name":"Accueil","item":"https:\/\/tflinc.ca\/"},{"@type":"ListItem","position":2,"name":"Fen\u00eatres neuves"}]},{"@type":"WebSite","@id":"https:\/\/tflinc.ca\/#website","url":"https:\/\/tflinc.ca\/","name":"Traitement Fen\u00eatres Laval","description":"","potentialAction":[{"@type":"SearchAction","target":{"@type":"EntryPoint","urlTemplate":"https:\/\/tflinc.ca\/?s={search_term_string}"},"query-input":{"@type":"PropertyValueSpecification","valueRequired":true,"valueName":"search_term_string"}}],"inLanguage":"fr-FR"}]}},"_links":{"self":[{"href":"https:\/\/tflinc.ca\/index.php\/wp-json\/wp\/v2\/pages\/828","targetHints":{"allow":["GET"]}}],"collection":[{"href":"https:\/\/tflinc.ca\/index.php\/wp-json\/wp\/v2\/pages"}],"about":[{"href":"https:\/\/tflinc.ca\/index.php\/wp-json\/wp\/v2\/types\/page"}],"author":[{"embeddable":true,"href":"https:\/\/tflinc.ca\/index.php\/wp-json\/wp\/v2\/users\/1"}],"replies":[{"embeddable":true,"href":"https:\/\/tflinc.ca\/index.php\/wp-json\/wp\/v2\/comments?post=828"}],"version-history":[{"count":28,"href":"https:\/\/tflinc.ca\/index.php\/wp-json\/wp\/v2\/pages\/828\/revisions"}],"predecessor-version":[{"id":4530,"href":"https:\/\/tflinc.ca\/index.php\/wp-json\/wp\/v2\/pages\/828\/revisions\/4530"}],"wp:featuredmedia":[{"embeddable":true,"href":"https:\/\/tflinc.ca\/index.php\/wp-json\/wp\/v2\/media\/798"}],"wp:attachment":[{"href":"https:\/\/tflinc.ca\/index.php\/wp-json\/wp\/v2\/media?parent=828"}],"curies":[{"name":"wp","href":"https:\/\/api.w.org\/{rel}","templated":true}]}}