{"id":60,"date":"2016-06-16T05:58:27","date_gmt":"2016-06-16T05:58:27","guid":{"rendered":"http:\/\/azexo.com\/prometheus\/?page_id=60"},"modified":"2026-03-31T19:58:44","modified_gmt":"2026-03-31T17:58:44","slug":"traitement-fenetre-laval-contact","status":"publish","type":"page","link":"https:\/\/tflinc.ca\/index.php\/traitement-fenetre-laval-contact\/","title":{"rendered":"Contactez-nous"},"content":{"rendered":"<div data-section=\"form\/2.html\">\n<section class=\"section-area\">\n<div class=\"container\">\n<div class=\"row\">\n<div class=\"col-xs-12\">\n<h2 class=\"title-btn ui-title-block\">\n                       <a href=\"#wh5al\" class=\"title-btn__inner js-scroll\">Contacts<\/a><br \/>\n                       <button type=\"button\" data-toggle=\"collapse\" data-target=\"#wh5al\" class=\"title-btn__btn\"><br \/>\n                           <span class=\"icon fa fa-caret-down\"><\/span><br \/>\n                       <\/button><br \/>\n                   <\/h2>\n<\/p><\/div>\n<\/p><\/div>\n<div id=\"wh5al\" class=\"collapse in\">\n<div class=\"table-row\">\n<div class=\"table-cell table-cell_md col-md-3 bg-primary\">\n<div class=\"row\">\n<div class=\"wrap-text\">\n<div class=\"contacts__item contacts__item_mod-b\">\n                                   <img decoding=\"async\" src=\"http:\/\/tflinc.ca\/wp-content\/uploads\/2016\/06\/restauration-small.jpg\" alt=\"foto\" class=\"img-responsive\">\n                               <\/div>\n<\/p><\/div>\n<div class=\"wrap-text\">\n<div class=\"contacts__item contacts__item_mod-a bg-primary text-center\">\n<div class=\"contacts__item-wrap vertical-align\"><i class=\"icon icon-pointer\"><\/i><\/p>\n<div class=\"contacts__title ui-title-inner color-light\">Adresse<\/div>\n<div class=\"contacts__info color-light\">Traitement Fen\u00eatres Laval<br \/>3578, ch. du Souvenir,<br \/>Laval, Qc, Canada<br \/>H7V 1X2<\/div>\n<\/p><\/div>\n<p>                                   <span class=\"helper-2\"><\/span>\n                               <\/div>\n<\/p><\/div>\n<\/p><\/div>\n<\/p><\/div>\n<div class=\"table-cell table-cell_md col-md-6 bg_mod-d\">\n<section class=\"section-default block-padd-14 vertical-align\">\n<div class=\"contacts\">\n<h2 class=\"ui-title-block_w-border\">Contactez-nous<\/h2>\n<p>Notre personnel courtois saura r\u00e9pondre rapidement \u00e0 toutes vos questions. Chez Le Traitement des Fen\u00eatre Laval, toute question vaut la peine d&#8217;\u00eatre pos\u00e9e. N&#8217;h\u00e9sitez pas!<\/p>\n\n<div class=\"wpcf7 no-js\" id=\"wpcf7-f203-o1\" lang=\"fr-FR\" dir=\"ltr\" data-wpcf7-id=\"203\">\n<div class=\"screen-reader-response\"><p role=\"status\" aria-live=\"polite\" aria-atomic=\"true\"><\/p> <ul><\/ul><\/div>\n<form action=\"\/index.php\/wp-json\/wp\/v2\/pages\/60#wpcf7-f203-o1\" method=\"post\" class=\"wpcf7-form init\" aria-label=\"Formulaire de contact\" novalidate=\"novalidate\" data-status=\"init\">\n<fieldset class=\"hidden-fields-container\"><input type=\"hidden\" name=\"_wpcf7\" value=\"203\" \/><input type=\"hidden\" name=\"_wpcf7_version\" value=\"6.1.5\" \/><input type=\"hidden\" name=\"_wpcf7_locale\" value=\"fr_FR\" \/><input type=\"hidden\" name=\"_wpcf7_unit_tag\" value=\"wpcf7-f203-o1\" \/><input type=\"hidden\" name=\"_wpcf7_container_post\" value=\"0\" \/><input type=\"hidden\" name=\"_wpcf7_posted_data_hash\" value=\"\" \/><input type=\"hidden\" name=\"_wpcf7dtx_version\" value=\"5.0.5\" \/><input type=\"hidden\" name=\"_wpcf7_recaptcha_response\" value=\"\" \/>\n<\/fieldset>\n<div class=\"row\">\n\t<div class=\"col-md-6 col-xs-12\">\n\t\t<p><span class=\"wpcf7-form-control-wrap\" data-name=\"nom\"><input size=\"40\" maxlength=\"400\" class=\"wpcf7-form-control wpcf7-text wpcf7-validates-as-required form-contact\" aria-required=\"true\" aria-invalid=\"false\" placeholder=\"Nom *\" value=\"\" type=\"text\" name=\"nom\" \/><\/span>\n\t\t<\/p>\n\t<\/div>\n\t<div class=\"col-md-6 col-xs-12\">\n\t\t<p><span class=\"wpcf7-form-control-wrap\" data-name=\"courriel\"><input size=\"40\" maxlength=\"400\" class=\"wpcf7-form-control wpcf7-email wpcf7-validates-as-required wpcf7-text wpcf7-validates-as-email form-contact\" aria-required=\"true\" aria-invalid=\"false\" placeholder=\"Courriel *\" value=\"\" type=\"email\" name=\"courriel\" \/><\/span>\n\t\t<\/p>\n\t<\/div>\n<\/div>\n<div class=\"row\">\n\t<div class=\"col-md-6 col-xs-12\">\n\t\t<p><span class=\"wpcf7-form-control-wrap\" data-name=\"telephone\"><input size=\"40\" maxlength=\"400\" class=\"wpcf7-form-control wpcf7-tel wpcf7-text wpcf7-validates-as-tel form-contact\" aria-invalid=\"false\" placeholder=\"T\u00e9l\u00e9phone *\" value=\"\" type=\"tel\" name=\"telephone\" \/><\/span>\n\t\t<\/p>\n\t<\/div>\n\t<div class=\"col-md-6 col-xs-12\">\n\t\t<p><span class=\"wpcf7-form-control-wrap\" data-name=\"sujet\"><select class=\"wpcf7-form-control wpcf7-select form-contact\" aria-invalid=\"false\" name=\"sujet\"><option value=\"Sujet\">Sujet<\/option><option value=\"Demande de soumission\">Demande de soumission<\/option><option value=\"Demande de rendez-vous\">Demande de rendez-vous<\/option><option value=\"Besoin d&#039;information\">Besoin d&#039;information<\/option><option value=\"Facturation\">Facturation<\/option><option value=\"Demande de service\">Demande de service<\/option><option value=\"Autre\">Autre<\/option><\/select><\/span>\n\t\t<\/p>\n\t<\/div>\n<\/div>\n<div class=\"row\">\n\t<div class=\"col-md-12 col-xs-12\">\n\t\t<p><span class=\"wpcf7-form-control-wrap\" data-name=\"message\"><textarea cols=\"40\" rows=\"10\" maxlength=\"2000\" class=\"wpcf7-form-control wpcf7-textarea form-contact\" aria-invalid=\"false\" placeholder=\"Message\" name=\"message\"><\/textarea><\/span>\n\t\t<\/p>\n\t<\/div>\n<\/div>\n<div class=\"row\">\n\t<div class=\"col-md-12 col-xs-12\">\n\t\t<p><input class=\"wpcf7-form-control wpcf7-submit has-spinner form-contact\" type=\"submit\" value=\"ENVOYER\" \/>\n\t\t<\/p>\n\t<\/div>\n<\/div><div class=\"wpcf7-response-output\" aria-hidden=\"true\"><\/div>\n<\/form>\n<\/div>\n<\/div>\n<\/section>\n<p>                       <span class=\"helper-2\"><\/span>\n                   <\/div>\n<div class=\"table-cell table-cell_md col-md-3\" style=\"background-color:#252525;width:100%;\">\n<div class=\"row\">\n<div class=\"row\">\n<div class=\"contacts__item contacts__item_mod-a contacts__item_bd-btm text-center\">\n<div class=\"contacts__item-wrap vertical-align\">\n                                       <i class=\"icon icon-call-end color-primary\"><\/i><\/p>\n<div class=\"contacts__title ui-title-inner color-light\">T\u00e9l\u00e9phones<\/div>\n<div class=\"contacts__info\">Laval :<br \/>\n                                           <a href=\"callto:+14506828928\">450 682-8928<\/a><br \/>Rive-Sud :<br \/>\n                                           <a href=\"callto:+15149904449\">514-990-4449<\/a><br \/>T\u00e9l\u00e9copieur :<br \/>\n                                           <a href=\"callto:+14506825665\">450-682-5665<\/a>\n                                       <\/div>\n<\/p><\/div>\n<p>                                   <span class=\"helper-2\"><\/span>\n                               <\/div>\n<\/p><\/div>\n<div class=\"row\">\n<div class=\"contacts__item contacts__item_mod-a text-center\">\n<div class=\"contacts__item-wrap vertical-align\">\n                                       <i class=\"icon icon-envelope color-primary\" style=\"margin-top:1em\"><\/i><\/p>\n<div class=\"contacts__title ui-title-inner color-light\">Kevin Laquerre<\/div>\n<div class=\"contacts__info\" style=\"margin-bottom:25px\">Pr\u00e9sident<\/div>\n<div class=\"contacts__title ui-title-inner color-light\">Daniel Malouin<\/div>\n<div class=\"contacts__info\" style=\"margin-bottom:25px\">Associ\u00e9 &#8211; Directeur des ventes<\/div>\n<div class=\"contacts__title ui-title-inner color-light\">Antoine Cowan<\/div>\n<div class=\"contacts__info\" style=\"margin-bottom:25px\">Associ\u00e9 &#8211; Directeur Communications<\/div>\n<div class=\"contacts__title ui-title-inner color-light\">\u00c9tienne Cummins<\/div>\n<div class=\"contacts__info\" style=\"margin-bottom:25px\">Repr\u00e9sentant marketing<\/div>\n<div class=\"contacts__title ui-title-inner color-light\">Martin Savard<\/div>\n<div class=\"contacts__info\" style=\"margin-bottom:25px\">Repr\u00e9sentant<\/div>\n<div class=\"contacts__title ui-title-inner color-light\"><\/div>\n<div class=\"contacts__info\"><\/div>\n<\/p><\/div>\n<p>                                   <span class=\"helper-2\"><\/span>\n                               <\/div>\n<\/p><\/div>\n<\/p><\/div>\n<\/p><\/div>\n<\/p><\/div>\n<div class=\"section-contacts\">\n<div class=\"row\">\n<div class=\"col-xs-12\">\n                           <iframe src=\"https:\/\/www.google.com\/maps\/embed?pb=!1m18!1m12!1m3!1d2793.9813964108894!2d-73.75125238406288!3d45.550699779102096!2m3!1f0!2f0!3f0!3m2!1i1024!2i768!4f13.1!3m3!1m2!1s0x4cc923afc0cd4703%3A0xfc3c16f15caba6f4!2sTraitement+des+Fen%C3%A9tres+de+Laval!5e0!3m2!1sfr!2sca!4v1475156157642\" frameborder=\"0\" style=\"border:0; width:100%; height:450px\" allowfullscreen><\/iframe>\n                       <\/div>\n<\/p><\/div>\n<\/p><\/div>\n<\/p><\/div>\n<\/p><\/div>\n<\/section>\n<\/div>\n","protected":false},"excerpt":{"rendered":"<p>Contacts Adresse Traitement Fen\u00eatres Laval3578, ch. du Souvenir,Laval, Qc, CanadaH7V 1X2 Contactez-nous Notre personnel courtois saura r\u00e9pondre rapidement \u00e0 toutes vos questions. Chez Le Traitement des Fen\u00eatre Laval, toute question vaut la peine d&#8217;\u00eatre pos\u00e9e. N&#8217;h\u00e9sitez pas! T\u00e9l\u00e9phones Laval : 450 682-8928Rive-Sud : 514-990-4449T\u00e9l\u00e9copieur : 450-682-5665 Kevin Laquerre Pr\u00e9sident Daniel Malouin Associ\u00e9 &#8211; Directeur des [&hellip;]<\/p>\n","protected":false},"author":1,"featured_media":126,"parent":0,"menu_order":0,"comment_status":"closed","ping_status":"closed","template":"page-templates\/without-container.php","meta":{"_custom_body_class":"azh","_custom_post_class":"","footnotes":""},"class_list":["post-60","page","type-page","status-publish","has-post-thumbnail","hentry"],"yoast_head":"<!-- This site is optimized with the Yoast SEO plugin v27.3 - https:\/\/yoast.com\/product\/yoast-seo-wordpress\/ -->\n<title>Traitement des Fen\u00eatres Laval - TFL Inc<\/title>\n<meta name=\"description\" content=\"Contactez-nous au 450 682-8928 pour une estimation gratuite ou toute autre question concernant les fen\u00eatres. Traitement des Fen\u00eatres Laval se situe au 3578, ch. du Souvenir, Laval\" \/>\n<meta name=\"robots\" content=\"index, follow, max-snippet:-1, max-image-preview:large, max-video-preview:-1\" \/>\n<link rel=\"canonical\" href=\"https:\/\/tflinc.ca\/index.php\/traitement-fenetre-laval-contact\/\" \/>\n<meta property=\"og:locale\" content=\"fr_FR\" \/>\n<meta property=\"og:type\" content=\"article\" \/>\n<meta property=\"og:title\" content=\"Traitement des Fen\u00eatres Laval - TFL Inc\" \/>\n<meta property=\"og:description\" content=\"Contactez-nous au 450 682-8928 pour une estimation gratuite ou toute autre question concernant les fen\u00eatres. Traitement des Fen\u00eatres Laval se situe au 3578, ch. du Souvenir, Laval\" \/>\n<meta property=\"og:url\" content=\"https:\/\/tflinc.ca\/index.php\/traitement-fenetre-laval-contact\/\" \/>\n<meta property=\"og:site_name\" content=\"Traitement Fen\u00eatres Laval\" \/>\n<meta property=\"article:modified_time\" content=\"2026-03-31T17:58:44+00:00\" \/>\n<meta property=\"og:image\" content=\"https:\/\/tflinc.ca\/wp-content\/uploads\/2016\/06\/8.jpg\" \/>\n\t<meta property=\"og:image:width\" content=\"1820\" \/>\n\t<meta property=\"og:image:height\" content=\"980\" \/>\n\t<meta property=\"og:image:type\" content=\"image\/jpeg\" \/>\n<meta name=\"twitter:card\" content=\"summary_large_image\" \/>\n<meta name=\"twitter:label1\" content=\"Dur\u00e9e de lecture estim\u00e9e\" \/>\n\t<meta name=\"twitter:data1\" content=\"1 minute\" \/>\n<script type=\"application\/ld+json\" class=\"yoast-schema-graph\">{\"@context\":\"https:\\\/\\\/schema.org\",\"@graph\":[{\"@type\":\"WebPage\",\"@id\":\"https:\\\/\\\/tflinc.ca\\\/index.php\\\/traitement-fenetre-laval-contact\\\/\",\"url\":\"https:\\\/\\\/tflinc.ca\\\/index.php\\\/traitement-fenetre-laval-contact\\\/\",\"name\":\"Traitement des Fen\u00eatres Laval - TFL Inc\",\"isPartOf\":{\"@id\":\"https:\\\/\\\/tflinc.ca\\\/#website\"},\"primaryImageOfPage\":{\"@id\":\"https:\\\/\\\/tflinc.ca\\\/index.php\\\/traitement-fenetre-laval-contact\\\/#primaryimage\"},\"image\":{\"@id\":\"https:\\\/\\\/tflinc.ca\\\/index.php\\\/traitement-fenetre-laval-contact\\\/#primaryimage\"},\"thumbnailUrl\":\"https:\\\/\\\/tflinc.ca\\\/wp-content\\\/uploads\\\/2016\\\/06\\\/8.jpg\",\"datePublished\":\"2016-06-16T05:58:27+00:00\",\"dateModified\":\"2026-03-31T17:58:44+00:00\",\"description\":\"Contactez-nous au 450 682-8928 pour une estimation gratuite ou toute autre question concernant les fen\u00eatres. Traitement des Fen\u00eatres Laval se situe au 3578, ch. du Souvenir, Laval\",\"breadcrumb\":{\"@id\":\"https:\\\/\\\/tflinc.ca\\\/index.php\\\/traitement-fenetre-laval-contact\\\/#breadcrumb\"},\"inLanguage\":\"fr-FR\",\"potentialAction\":[{\"@type\":\"ReadAction\",\"target\":[\"https:\\\/\\\/tflinc.ca\\\/index.php\\\/traitement-fenetre-laval-contact\\\/\"]}]},{\"@type\":\"ImageObject\",\"inLanguage\":\"fr-FR\",\"@id\":\"https:\\\/\\\/tflinc.ca\\\/index.php\\\/traitement-fenetre-laval-contact\\\/#primaryimage\",\"url\":\"https:\\\/\\\/tflinc.ca\\\/wp-content\\\/uploads\\\/2016\\\/06\\\/8.jpg\",\"contentUrl\":\"https:\\\/\\\/tflinc.ca\\\/wp-content\\\/uploads\\\/2016\\\/06\\\/8.jpg\",\"width\":1820,\"height\":980},{\"@type\":\"BreadcrumbList\",\"@id\":\"https:\\\/\\\/tflinc.ca\\\/index.php\\\/traitement-fenetre-laval-contact\\\/#breadcrumb\",\"itemListElement\":[{\"@type\":\"ListItem\",\"position\":1,\"name\":\"Accueil\",\"item\":\"https:\\\/\\\/tflinc.ca\\\/\"},{\"@type\":\"ListItem\",\"position\":2,\"name\":\"Contactez-nous\"}]},{\"@type\":\"WebSite\",\"@id\":\"https:\\\/\\\/tflinc.ca\\\/#website\",\"url\":\"https:\\\/\\\/tflinc.ca\\\/\",\"name\":\"Traitement Fen\u00eatres Laval\",\"description\":\"\",\"potentialAction\":[{\"@type\":\"SearchAction\",\"target\":{\"@type\":\"EntryPoint\",\"urlTemplate\":\"https:\\\/\\\/tflinc.ca\\\/?s={search_term_string}\"},\"query-input\":{\"@type\":\"PropertyValueSpecification\",\"valueRequired\":true,\"valueName\":\"search_term_string\"}}],\"inLanguage\":\"fr-FR\"}]}<\/script>\n<!-- \/ Yoast SEO plugin. -->","yoast_head_json":{"title":"Traitement des Fen\u00eatres Laval - TFL Inc","description":"Contactez-nous au 450 682-8928 pour une estimation gratuite ou toute autre question concernant les fen\u00eatres. Traitement des Fen\u00eatres Laval se situe au 3578, ch. du Souvenir, Laval","robots":{"index":"index","follow":"follow","max-snippet":"max-snippet:-1","max-image-preview":"max-image-preview:large","max-video-preview":"max-video-preview:-1"},"canonical":"https:\/\/tflinc.ca\/index.php\/traitement-fenetre-laval-contact\/","og_locale":"fr_FR","og_type":"article","og_title":"Traitement des Fen\u00eatres Laval - TFL Inc","og_description":"Contactez-nous au 450 682-8928 pour une estimation gratuite ou toute autre question concernant les fen\u00eatres. Traitement des Fen\u00eatres Laval se situe au 3578, ch. du Souvenir, Laval","og_url":"https:\/\/tflinc.ca\/index.php\/traitement-fenetre-laval-contact\/","og_site_name":"Traitement Fen\u00eatres Laval","article_modified_time":"2026-03-31T17:58:44+00:00","og_image":[{"width":1820,"height":980,"url":"https:\/\/tflinc.ca\/wp-content\/uploads\/2016\/06\/8.jpg","type":"image\/jpeg"}],"twitter_card":"summary_large_image","twitter_misc":{"Dur\u00e9e de lecture estim\u00e9e":"1 minute"},"schema":{"@context":"https:\/\/schema.org","@graph":[{"@type":"WebPage","@id":"https:\/\/tflinc.ca\/index.php\/traitement-fenetre-laval-contact\/","url":"https:\/\/tflinc.ca\/index.php\/traitement-fenetre-laval-contact\/","name":"Traitement des Fen\u00eatres Laval - TFL Inc","isPartOf":{"@id":"https:\/\/tflinc.ca\/#website"},"primaryImageOfPage":{"@id":"https:\/\/tflinc.ca\/index.php\/traitement-fenetre-laval-contact\/#primaryimage"},"image":{"@id":"https:\/\/tflinc.ca\/index.php\/traitement-fenetre-laval-contact\/#primaryimage"},"thumbnailUrl":"https:\/\/tflinc.ca\/wp-content\/uploads\/2016\/06\/8.jpg","datePublished":"2016-06-16T05:58:27+00:00","dateModified":"2026-03-31T17:58:44+00:00","description":"Contactez-nous au 450 682-8928 pour une estimation gratuite ou toute autre question concernant les fen\u00eatres. Traitement des Fen\u00eatres Laval se situe au 3578, ch. du Souvenir, Laval","breadcrumb":{"@id":"https:\/\/tflinc.ca\/index.php\/traitement-fenetre-laval-contact\/#breadcrumb"},"inLanguage":"fr-FR","potentialAction":[{"@type":"ReadAction","target":["https:\/\/tflinc.ca\/index.php\/traitement-fenetre-laval-contact\/"]}]},{"@type":"ImageObject","inLanguage":"fr-FR","@id":"https:\/\/tflinc.ca\/index.php\/traitement-fenetre-laval-contact\/#primaryimage","url":"https:\/\/tflinc.ca\/wp-content\/uploads\/2016\/06\/8.jpg","contentUrl":"https:\/\/tflinc.ca\/wp-content\/uploads\/2016\/06\/8.jpg","width":1820,"height":980},{"@type":"BreadcrumbList","@id":"https:\/\/tflinc.ca\/index.php\/traitement-fenetre-laval-contact\/#breadcrumb","itemListElement":[{"@type":"ListItem","position":1,"name":"Accueil","item":"https:\/\/tflinc.ca\/"},{"@type":"ListItem","position":2,"name":"Contactez-nous"}]},{"@type":"WebSite","@id":"https:\/\/tflinc.ca\/#website","url":"https:\/\/tflinc.ca\/","name":"Traitement Fen\u00eatres Laval","description":"","potentialAction":[{"@type":"SearchAction","target":{"@type":"EntryPoint","urlTemplate":"https:\/\/tflinc.ca\/?s={search_term_string}"},"query-input":{"@type":"PropertyValueSpecification","valueRequired":true,"valueName":"search_term_string"}}],"inLanguage":"fr-FR"}]}},"_links":{"self":[{"href":"https:\/\/tflinc.ca\/index.php\/wp-json\/wp\/v2\/pages\/60","targetHints":{"allow":["GET"]}}],"collection":[{"href":"https:\/\/tflinc.ca\/index.php\/wp-json\/wp\/v2\/pages"}],"about":[{"href":"https:\/\/tflinc.ca\/index.php\/wp-json\/wp\/v2\/types\/page"}],"author":[{"embeddable":true,"href":"https:\/\/tflinc.ca\/index.php\/wp-json\/wp\/v2\/users\/1"}],"replies":[{"embeddable":true,"href":"https:\/\/tflinc.ca\/index.php\/wp-json\/wp\/v2\/comments?post=60"}],"version-history":[{"count":38,"href":"https:\/\/tflinc.ca\/index.php\/wp-json\/wp\/v2\/pages\/60\/revisions"}],"predecessor-version":[{"id":4520,"href":"https:\/\/tflinc.ca\/index.php\/wp-json\/wp\/v2\/pages\/60\/revisions\/4520"}],"wp:featuredmedia":[{"embeddable":true,"href":"https:\/\/tflinc.ca\/index.php\/wp-json\/wp\/v2\/media\/126"}],"wp:attachment":[{"href":"https:\/\/tflinc.ca\/index.php\/wp-json\/wp\/v2\/media?parent=60"}],"curies":[{"name":"wp","href":"https:\/\/api.w.org\/{rel}","templated":true}]}}