{"id":351,"date":"2016-11-11T16:40:02","date_gmt":"2016-11-11T15:40:02","guid":{"rendered":"http:\/\/tflinc.ca\/?page_id=351"},"modified":"2025-02-21T19:10:22","modified_gmt":"2025-02-21T18:10:22","slug":"expositions","status":"publish","type":"page","link":"https:\/\/tflinc.ca\/index.php\/expositions\/","title":{"rendered":"Expositions"},"content":{"rendered":"<div data-section=\"text\/1.html\">\n<div class=\"container\">\n<section class=\"section_mod-b block-2-col bg-light\">\n<div class=\"row scrollr\">\n<div class=\"col-xs-12\">\n<h2 class=\"block-2-col__title ui-title-inner text-center\">exposition<\/h2>\n<\/p><\/div>\n<div class=\"col-md-8 col-md-offset-2 col-sm-10 col-sm-offset-1\">\n<p class=\"color-grey text-center\">\n                       <img decoding=\"async\" src=\"http:\/\/tflinc.ca\/wp-content\/uploads\/2016\/11\/logo-salon-habitation.jpg\" \/><br \/> La 43e \u00e9dition du Salon National de l\u2019Habitation du 13 au 16 mars 2025.<br \/> Plus de 8 millions de visiteurs en 43 ans. L\u2019\u00e9v\u00e8nement incontournable en mati\u00e8re d\u2019habitation.<br \/>Quatres jours pour vous permettre de d\u00e9couvrir nos produits et les nouvelles tendances tout en ayant la possibilit\u00e9 de demander des conseils \u00e0 nos professionnels de la r\u00e9paration de fen\u00eatre.<br \/> L\u2019\u00e9quipe de TFL Inc. vous y attend.<\/p>\n<p>                   <img decoding=\"async\" src=\"https:\/\/tflinc.ca\/wp-content\/uploads\/2023\/03\/exposition-01-scaled.jpg\" class=\"alignnone\" style=\"width:24%\" \/><br \/>\n                   <img decoding=\"async\" src=\"https:\/\/tflinc.ca\/wp-content\/uploads\/2023\/03\/exposition-02-scaled.jpg\" class=\"alignnone\" style=\"width:25%\" \/><br \/>\n                   <img decoding=\"async\" src=\"https:\/\/tflinc.ca\/wp-content\/uploads\/2023\/03\/exposition-03-scaled.jpg\" class=\"alignnone\" style=\"width:25%\" \/><br \/>\n                   <img decoding=\"async\" src=\"https:\/\/tflinc.ca\/wp-content\/uploads\/2023\/03\/exposition-04.jpg\" class=\"alignnone\" style=\"width:25%\" \/><br \/>\n                   <img decoding=\"async\" src=\"https:\/\/tflinc.ca\/wp-content\/uploads\/2024\/07\/tfl-palais-des-congres-2-scaled.jpg\" class=\"alignnone\" style=\"width:49%\" \/><br \/>\n                   <img decoding=\"async\" src=\"https:\/\/tflinc.ca\/wp-content\/uploads\/2024\/07\/tfl-palais-des-congres-scaled.jpg\" class=\"alignnone\" style=\"width:50%\" \/>\n               <\/div>\n<\/p><\/div>\n<\/section><\/div>\n<\/div>\n<\/div>\n<\/div>\n<div data-section=\"form\/3.html\">\n<div class=\"container\">\n<div class=\"bg_mod-d\">\n<div class=\"row\">\n<div class=\"col-md-6\">\n<section id=\"cmXMX\" class=\"section-default block-padd-14\">\n<h2 class=\"ui-title-block_w-border\">Vous avez une question?<\/h2>\n<\/p>\n<p>                       \n<div class=\"wpcf7 no-js\" id=\"wpcf7-f227-o1\" lang=\"fr-FR\" dir=\"ltr\" data-wpcf7-id=\"227\">\n<div class=\"screen-reader-response\"><p role=\"status\" aria-live=\"polite\" aria-atomic=\"true\"><\/p> <ul><\/ul><\/div>\n<form action=\"\/index.php\/wp-json\/wp\/v2\/pages\/351#wpcf7-f227-o1\" method=\"post\" class=\"wpcf7-form init\" aria-label=\"Formulaire de contact\" novalidate=\"novalidate\" data-status=\"init\">\n<fieldset class=\"hidden-fields-container\"><input type=\"hidden\" name=\"_wpcf7\" value=\"227\" \/><input type=\"hidden\" name=\"_wpcf7_version\" value=\"6.1.5\" \/><input type=\"hidden\" name=\"_wpcf7_locale\" value=\"fr_FR\" \/><input type=\"hidden\" name=\"_wpcf7_unit_tag\" value=\"wpcf7-f227-o1\" \/><input type=\"hidden\" name=\"_wpcf7_container_post\" value=\"0\" \/><input type=\"hidden\" name=\"_wpcf7_posted_data_hash\" value=\"\" \/><input type=\"hidden\" name=\"_wpcf7dtx_version\" value=\"5.0.5\" \/><input type=\"hidden\" name=\"_wpcf7_recaptcha_response\" value=\"\" \/>\n<\/fieldset>\n<div class=\"row\">\n\t<div class=\"col-md-6 col-xs-12\">\n\t\t<p><span class=\"wpcf7-form-control-wrap\" data-name=\"nom\"><input size=\"40\" maxlength=\"400\" class=\"wpcf7-form-control wpcf7-text wpcf7-validates-as-required form-contact\" aria-required=\"true\" aria-invalid=\"false\" placeholder=\"Nom *\" value=\"\" type=\"text\" name=\"nom\" \/><\/span>\n\t\t<\/p>\n\t<\/div>\n\t<div class=\"col-md-6 col-xs-12\">\n\t\t<p><span class=\"wpcf7-form-control-wrap\" data-name=\"courriel\"><input size=\"40\" maxlength=\"400\" class=\"wpcf7-form-control wpcf7-email wpcf7-validates-as-required wpcf7-text wpcf7-validates-as-email form-contact\" aria-required=\"true\" aria-invalid=\"false\" placeholder=\"Courriel *\" value=\"\" type=\"email\" name=\"courriel\" \/><\/span>\n\t\t<\/p>\n\t<\/div>\n<\/div>\n<div class=\"row\">\n\t<div class=\"col-md-12 col-xs-12\">\n\t\t<p><span class=\"wpcf7-form-control-wrap\" data-name=\"message\"><textarea cols=\"40\" rows=\"10\" maxlength=\"2000\" class=\"wpcf7-form-control wpcf7-textarea form-contact\" aria-invalid=\"false\" placeholder=\"Message\" name=\"message\"><\/textarea><\/span>\n\t\t<\/p>\n\t<\/div>\n<\/div>\n<div class=\"row\">\n\t<div class=\"col-md-12 col-xs-12\">\n\t\t<p><input class=\"wpcf7-form-control wpcf7-submit has-spinner form-contact\" type=\"submit\" value=\"ENVOYER\" \/>\n\t\t<\/p>\n\t<\/div>\n<\/div><div class=\"wpcf7-response-output\" aria-hidden=\"true\"><\/div>\n<\/form>\n<\/div>\n<br \/>\n                   <\/section>\n<\/p><\/div>\n<div class=\"col-md-6\">\n<div class=\"wrap-text\">\n                       <img decoding=\"async\" src=\"https:\/\/tflinc.ca\/wp-content\/themes\/prometheus\/prometheus\/azh\/prometheus\/assets\/media\/content\/840x840\/3.jpg\" alt=\"foto\" class=\"img-full\">\n                   <\/div>\n<\/p><\/div>\n<\/p><\/div>\n<\/p><\/div>\n<\/p><\/div>\n<\/div>\n","protected":false},"excerpt":{"rendered":"<p>exposition La 43e \u00e9dition du Salon National de l\u2019Habitation du 13 au 16 mars 2025. Plus de 8 millions de visiteurs en 43 ans. L\u2019\u00e9v\u00e8nement incontournable en mati\u00e8re d\u2019habitation.Quatres jours pour vous permettre de d\u00e9couvrir nos produits et les nouvelles tendances tout en ayant la possibilit\u00e9 de demander des conseils \u00e0 nos professionnels de la [&hellip;]<\/p>\n","protected":false},"author":1,"featured_media":0,"parent":0,"menu_order":0,"comment_status":"closed","ping_status":"closed","template":"page-templates\/without-container.php","meta":{"_custom_body_class":"azh","_custom_post_class":"","footnotes":""},"class_list":["post-351","page","type-page","status-publish","hentry"],"yoast_head":"<!-- This site is optimized with the Yoast SEO plugin v27.3 - https:\/\/yoast.com\/product\/yoast-seo-wordpress\/ -->\n<title>Expositions - Fen\u00eatres Laval<\/title>\n<meta name=\"description\" content=\"TRAITEMENT FENETRES LAVAL - 450 682-8928\" \/>\n<meta name=\"robots\" content=\"index, follow, max-snippet:-1, max-image-preview:large, max-video-preview:-1\" \/>\n<link rel=\"canonical\" href=\"https:\/\/tflinc.ca\/index.php\/expositions\/\" \/>\n<meta property=\"og:locale\" content=\"fr_FR\" \/>\n<meta property=\"og:type\" content=\"article\" \/>\n<meta property=\"og:title\" content=\"Expositions - Fen\u00eatres Laval\" \/>\n<meta property=\"og:description\" content=\"TRAITEMENT FENETRES LAVAL - 450 682-8928\" \/>\n<meta property=\"og:url\" content=\"https:\/\/tflinc.ca\/index.php\/expositions\/\" \/>\n<meta property=\"og:site_name\" content=\"Traitement Fen\u00eatres Laval\" \/>\n<meta property=\"article:modified_time\" content=\"2025-02-21T18:10:22+00:00\" \/>\n<meta property=\"og:image\" content=\"http:\/\/tflinc.ca\/wp-content\/uploads\/2016\/11\/logo-salon-habitation.jpg\" \/>\n<meta name=\"twitter:card\" content=\"summary_large_image\" \/>\n<meta name=\"twitter:label1\" content=\"Dur\u00e9e de lecture estim\u00e9e\" \/>\n\t<meta name=\"twitter:data1\" content=\"2 minutes\" \/>\n<script type=\"application\/ld+json\" class=\"yoast-schema-graph\">{\"@context\":\"https:\\\/\\\/schema.org\",\"@graph\":[{\"@type\":\"WebPage\",\"@id\":\"https:\\\/\\\/tflinc.ca\\\/index.php\\\/expositions\\\/\",\"url\":\"https:\\\/\\\/tflinc.ca\\\/index.php\\\/expositions\\\/\",\"name\":\"Expositions - Fen\u00eatres Laval\",\"isPartOf\":{\"@id\":\"https:\\\/\\\/tflinc.ca\\\/#website\"},\"primaryImageOfPage\":{\"@id\":\"https:\\\/\\\/tflinc.ca\\\/index.php\\\/expositions\\\/#primaryimage\"},\"image\":{\"@id\":\"https:\\\/\\\/tflinc.ca\\\/index.php\\\/expositions\\\/#primaryimage\"},\"thumbnailUrl\":\"http:\\\/\\\/tflinc.ca\\\/wp-content\\\/uploads\\\/2016\\\/11\\\/logo-salon-habitation.jpg\",\"datePublished\":\"2016-11-11T15:40:02+00:00\",\"dateModified\":\"2025-02-21T18:10:22+00:00\",\"description\":\"TRAITEMENT FENETRES LAVAL - 450 682-8928\",\"breadcrumb\":{\"@id\":\"https:\\\/\\\/tflinc.ca\\\/index.php\\\/expositions\\\/#breadcrumb\"},\"inLanguage\":\"fr-FR\",\"potentialAction\":[{\"@type\":\"ReadAction\",\"target\":[\"https:\\\/\\\/tflinc.ca\\\/index.php\\\/expositions\\\/\"]}]},{\"@type\":\"ImageObject\",\"inLanguage\":\"fr-FR\",\"@id\":\"https:\\\/\\\/tflinc.ca\\\/index.php\\\/expositions\\\/#primaryimage\",\"url\":\"https:\\\/\\\/tflinc.ca\\\/wp-content\\\/uploads\\\/2016\\\/11\\\/logo-salon-habitation.jpg\",\"contentUrl\":\"https:\\\/\\\/tflinc.ca\\\/wp-content\\\/uploads\\\/2016\\\/11\\\/logo-salon-habitation.jpg\",\"width\":150,\"height\":150},{\"@type\":\"BreadcrumbList\",\"@id\":\"https:\\\/\\\/tflinc.ca\\\/index.php\\\/expositions\\\/#breadcrumb\",\"itemListElement\":[{\"@type\":\"ListItem\",\"position\":1,\"name\":\"Accueil\",\"item\":\"https:\\\/\\\/tflinc.ca\\\/\"},{\"@type\":\"ListItem\",\"position\":2,\"name\":\"Expositions\"}]},{\"@type\":\"WebSite\",\"@id\":\"https:\\\/\\\/tflinc.ca\\\/#website\",\"url\":\"https:\\\/\\\/tflinc.ca\\\/\",\"name\":\"Traitement Fen\u00eatres Laval\",\"description\":\"\",\"potentialAction\":[{\"@type\":\"SearchAction\",\"target\":{\"@type\":\"EntryPoint\",\"urlTemplate\":\"https:\\\/\\\/tflinc.ca\\\/?s={search_term_string}\"},\"query-input\":{\"@type\":\"PropertyValueSpecification\",\"valueRequired\":true,\"valueName\":\"search_term_string\"}}],\"inLanguage\":\"fr-FR\"}]}<\/script>\n<!-- \/ Yoast SEO plugin. -->","yoast_head_json":{"title":"Expositions - Fen\u00eatres Laval","description":"TRAITEMENT FENETRES LAVAL - 450 682-8928","robots":{"index":"index","follow":"follow","max-snippet":"max-snippet:-1","max-image-preview":"max-image-preview:large","max-video-preview":"max-video-preview:-1"},"canonical":"https:\/\/tflinc.ca\/index.php\/expositions\/","og_locale":"fr_FR","og_type":"article","og_title":"Expositions - Fen\u00eatres Laval","og_description":"TRAITEMENT FENETRES LAVAL - 450 682-8928","og_url":"https:\/\/tflinc.ca\/index.php\/expositions\/","og_site_name":"Traitement Fen\u00eatres Laval","article_modified_time":"2025-02-21T18:10:22+00:00","og_image":[{"url":"http:\/\/tflinc.ca\/wp-content\/uploads\/2016\/11\/logo-salon-habitation.jpg","type":"","width":"","height":""}],"twitter_card":"summary_large_image","twitter_misc":{"Dur\u00e9e de lecture estim\u00e9e":"2 minutes"},"schema":{"@context":"https:\/\/schema.org","@graph":[{"@type":"WebPage","@id":"https:\/\/tflinc.ca\/index.php\/expositions\/","url":"https:\/\/tflinc.ca\/index.php\/expositions\/","name":"Expositions - Fen\u00eatres Laval","isPartOf":{"@id":"https:\/\/tflinc.ca\/#website"},"primaryImageOfPage":{"@id":"https:\/\/tflinc.ca\/index.php\/expositions\/#primaryimage"},"image":{"@id":"https:\/\/tflinc.ca\/index.php\/expositions\/#primaryimage"},"thumbnailUrl":"http:\/\/tflinc.ca\/wp-content\/uploads\/2016\/11\/logo-salon-habitation.jpg","datePublished":"2016-11-11T15:40:02+00:00","dateModified":"2025-02-21T18:10:22+00:00","description":"TRAITEMENT FENETRES LAVAL - 450 682-8928","breadcrumb":{"@id":"https:\/\/tflinc.ca\/index.php\/expositions\/#breadcrumb"},"inLanguage":"fr-FR","potentialAction":[{"@type":"ReadAction","target":["https:\/\/tflinc.ca\/index.php\/expositions\/"]}]},{"@type":"ImageObject","inLanguage":"fr-FR","@id":"https:\/\/tflinc.ca\/index.php\/expositions\/#primaryimage","url":"https:\/\/tflinc.ca\/wp-content\/uploads\/2016\/11\/logo-salon-habitation.jpg","contentUrl":"https:\/\/tflinc.ca\/wp-content\/uploads\/2016\/11\/logo-salon-habitation.jpg","width":150,"height":150},{"@type":"BreadcrumbList","@id":"https:\/\/tflinc.ca\/index.php\/expositions\/#breadcrumb","itemListElement":[{"@type":"ListItem","position":1,"name":"Accueil","item":"https:\/\/tflinc.ca\/"},{"@type":"ListItem","position":2,"name":"Expositions"}]},{"@type":"WebSite","@id":"https:\/\/tflinc.ca\/#website","url":"https:\/\/tflinc.ca\/","name":"Traitement Fen\u00eatres Laval","description":"","potentialAction":[{"@type":"SearchAction","target":{"@type":"EntryPoint","urlTemplate":"https:\/\/tflinc.ca\/?s={search_term_string}"},"query-input":{"@type":"PropertyValueSpecification","valueRequired":true,"valueName":"search_term_string"}}],"inLanguage":"fr-FR"}]}},"_links":{"self":[{"href":"https:\/\/tflinc.ca\/index.php\/wp-json\/wp\/v2\/pages\/351","targetHints":{"allow":["GET"]}}],"collection":[{"href":"https:\/\/tflinc.ca\/index.php\/wp-json\/wp\/v2\/pages"}],"about":[{"href":"https:\/\/tflinc.ca\/index.php\/wp-json\/wp\/v2\/types\/page"}],"author":[{"embeddable":true,"href":"https:\/\/tflinc.ca\/index.php\/wp-json\/wp\/v2\/users\/1"}],"replies":[{"embeddable":true,"href":"https:\/\/tflinc.ca\/index.php\/wp-json\/wp\/v2\/comments?post=351"}],"version-history":[{"count":18,"href":"https:\/\/tflinc.ca\/index.php\/wp-json\/wp\/v2\/pages\/351\/revisions"}],"predecessor-version":[{"id":3982,"href":"https:\/\/tflinc.ca\/index.php\/wp-json\/wp\/v2\/pages\/351\/revisions\/3982"}],"wp:attachment":[{"href":"https:\/\/tflinc.ca\/index.php\/wp-json\/wp\/v2\/media?parent=351"}],"curies":[{"name":"wp","href":"https:\/\/api.w.org\/{rel}","templated":true}]}}