{"id":318,"date":"2016-11-11T15:45:22","date_gmt":"2016-11-11T14:45:22","guid":{"rendered":"http:\/\/tflinc.ca\/?page_id=318"},"modified":"2017-02-21T18:45:59","modified_gmt":"2017-02-21T17:45:59","slug":"pieces-pour-fenetres","status":"publish","type":"page","link":"https:\/\/tflinc.ca\/index.php\/pieces-pour-fenetres\/","title":{"rendered":"Pi\u00e8ces pour Fen\u00eatres"},"content":{"rendered":"<div data-section=\"text\/2.html\">\n<section class=\"section-area\">\n<div class=\"container\">\n<div class=\"row scrollr\">\n<div class=\"col-xs-12\">\n<h2 class=\"title-btn ui-title-block\">\n                       <a href=\"#72zsN\" class=\"title-btn__inner js-scroll\">Pi\u00e8ces pour fen\u00eatres<\/a><br \/>\n                       <button type=\"button\" data-toggle=\"collapse\" data-target=\"#72zsN\" class=\"title-btn__btn\"><br \/>\n                           <span class=\"icon fa fa-caret-down\"><\/span><br \/>\n                       <\/button><br \/>\n                   <\/h2>\n<div id=\"72zsN\" class=\"container collapse in\">\n<div class=\"table-row\">\n<div class=\"col-md-6 bg-light table-cell\">\n<div class=\"col-md-8 col-md-offset-2\">\n<section class=\"section-default\">\n<h3 class=\"ui-title-block color-dark\">Pi\u00e8ces et accessoires pour fen\u00eatres<\/h3>\n<div class=\"color-grey\">\n<p>Traitement de Fen\u00eatres Laval, sont pass\u00e9s ma\u00eetres dans la r\u00e9paration de portes et de fen\u00eatres de toutes sortes. C\u2019est pourquoi nous maintenons un approvisionnement impressionnant de pi\u00e8ces pour plusieurs types de fen\u00eatre.<\/p>\n<p>Nos experts se feront un plaisir de les installer pour vous !<\/p>\n<ul>\n<li>Op\u00e9rateurs \u00e0 manivelle<\/li>\n<li>Poign\u00e9es d\u2019op\u00e9rateurs<\/li>\n<li>Serrures de fen\u00eatre<\/li>\n<li>Guides pour fermeture de volets \u00e0 battants<\/li>\n<li>\u00c9quilibreurs \u00e0 spirale ou balance \u00e0 corde pour volets guillotines<\/li>\n<li>Roulettes pour porte coulissante en verre ou pour porte-moustiquaire<\/li>\n<li>Barres de glissement pour fen\u00eatres<\/li>\n<li>Accessoire pour fabrication ou r\u00e9paration de moustiquaires<\/li>\n<li>Coupe-froids pour portes et fen\u00eatres<\/li>\n<\/ul><\/div>\n<\/section><\/div>\n<\/p><\/div>\n<div class=\"col-md-6 bg_mod-c table-cell\">\n<div class=\"col-md-8 col-md-offset-2\">\n<section class=\"section-default\">\n<h3 class=\"ui-title-block color-dark\">Vous cherchez des pi\u00e8ces ou de l&#8217;outillage pour vos fen\u00eatres?<\/h3>\n<div class=\"color-grey\">\n<p>Que ce soit pour vos portes moustiquaires, portes patio, fen\u00eatres \u00e0 battants, vos fen\u00eatres guillotines, ou toute autre porte et fen\u00eatre dans le milieu r\u00e9sidentiel ou commercial, nous pouvons vous aider \u00e0 trouver la pi\u00e8ce que vous cherchez.<\/p>\n<\/p><\/div>\n<\/section><\/div>\n<\/p><\/div>\n<\/p><\/div>\n<\/p><\/div>\n<\/p><\/div>\n<\/p><\/div>\n<\/p><\/div>\n<\/section>\n<\/div>\n<div data-section=\"form\/3.html \">\n<div class=\"container \">\n<div class=\"bg_mod-d \">\n<div class=\"row \">\n<div class=\"col-md-6 \">\n<section id=\"ask \" class=\"section-default block-padd-14 \">\n<h2 class=\"ui-title-block_w-border \">Estimation gratuite pour vos pi\u00e8ces de fen\u00eatres<\/h2>\n<\/p>\n<p>                       \n<div class=\"wpcf7 no-js\" id=\"wpcf7-f469-o1\" lang=\"fr-FR\" dir=\"ltr\" data-wpcf7-id=\"469\">\n<div class=\"screen-reader-response\"><p role=\"status\" aria-live=\"polite\" aria-atomic=\"true\"><\/p> <ul><\/ul><\/div>\n<form action=\"\/index.php\/wp-json\/wp\/v2\/pages\/318#wpcf7-f469-o1\" method=\"post\" class=\"wpcf7-form init\" aria-label=\"Formulaire de contact\" novalidate=\"novalidate\" data-status=\"init\">\n<fieldset class=\"hidden-fields-container\"><input type=\"hidden\" name=\"_wpcf7\" value=\"469\" \/><input type=\"hidden\" name=\"_wpcf7_version\" value=\"6.1.5\" \/><input type=\"hidden\" name=\"_wpcf7_locale\" value=\"fr_FR\" \/><input type=\"hidden\" name=\"_wpcf7_unit_tag\" value=\"wpcf7-f469-o1\" \/><input type=\"hidden\" name=\"_wpcf7_container_post\" value=\"0\" \/><input type=\"hidden\" name=\"_wpcf7_posted_data_hash\" value=\"\" \/><input type=\"hidden\" name=\"_wpcf7dtx_version\" value=\"5.0.5\" \/><input type=\"hidden\" name=\"_wpcf7_recaptcha_response\" value=\"\" \/>\n<\/fieldset>\n<div class=\"input-with-icon\">\n\t<p><i class=\"wp-svg-users-2 users-2\"><\/i><span class=\"wpcf7-form-control-wrap\" data-name=\"nom\"><input size=\"40\" maxlength=\"400\" class=\"wpcf7-form-control wpcf7-text wpcf7-validates-as-required form-accueil-2\" aria-required=\"true\" aria-invalid=\"false\" placeholder=\"Nom *\" value=\"\" type=\"text\" name=\"nom\" \/><\/span>\n\t<\/p>\n<\/div>\n<div class=\"input-with-icon\">\n\t<p><i class=\"wp-svg-mail-2 mail-2\"><\/i><span class=\"wpcf7-form-control-wrap\" data-name=\"courriel\"><input size=\"40\" maxlength=\"400\" class=\"wpcf7-form-control wpcf7-email wpcf7-validates-as-required wpcf7-text wpcf7-validates-as-email form-accueil-2\" aria-required=\"true\" aria-invalid=\"false\" placeholder=\"Courriel *\" value=\"\" type=\"email\" name=\"courriel\" \/><\/span>\n\t<\/p>\n<\/div>\n<div class=\"input-with-icon\">\n\t<p><i class=\"wp-svg-phone phone\"><\/i><span class=\"wpcf7-form-control-wrap\" data-name=\"tel\"><input size=\"40\" maxlength=\"400\" class=\"wpcf7-form-control wpcf7-tel wpcf7-text wpcf7-validates-as-tel form-accueil-2\" aria-invalid=\"false\" placeholder=\"T\u00e9l\u00e9phone\" value=\"\" type=\"tel\" name=\"tel\" \/><\/span>\n\t<\/p>\n<\/div>\n<p>\n\t<center><input class=\"wpcf7-form-control wpcf7-submit has-spinner btn btn-primary btn-effect form-div-btn\" type=\"submit\" value=\"ENVOYER\" \/>\n\t<\/center>\n<\/p><div class=\"wpcf7-response-output\" aria-hidden=\"true\"><\/div>\n<\/form>\n<\/div>\n<br \/>\n                   <\/section>\n<\/p><\/div>\n<div class=\"col-md-6 \">\n<div class=\"wrap-text \">\n                       <img decoding=\"async\" src=\"https:\/\/tflinc.ca\/wp-content\/themes\/prometheus\/prometheus\/azh\/prometheus\/assets\/media\/content\/840x840\/3.jpg \" alt=\"foto \" class=\"img-full \">\n                   <\/div>\n<\/p><\/div>\n<\/p><\/div>\n<\/p><\/div>\n<\/p><\/div>\n<\/div>\n","protected":false},"excerpt":{"rendered":"<p>Pi\u00e8ces pour fen\u00eatres Pi\u00e8ces et accessoires pour fen\u00eatres Traitement de Fen\u00eatres Laval, sont pass\u00e9s ma\u00eetres dans la r\u00e9paration de portes et de fen\u00eatres de toutes sortes. C\u2019est pourquoi nous maintenons un approvisionnement impressionnant de pi\u00e8ces pour plusieurs types de fen\u00eatre. Nos experts se feront un plaisir de les installer pour vous ! Op\u00e9rateurs \u00e0 manivelle [&hellip;]<\/p>\n","protected":false},"author":1,"featured_media":0,"parent":0,"menu_order":0,"comment_status":"closed","ping_status":"closed","template":"page-templates\/without-container.php","meta":{"_custom_body_class":"azh","_custom_post_class":"","footnotes":""},"class_list":["post-318","page","type-page","status-publish","hentry"],"yoast_head":"<!-- This site is optimized with the Yoast SEO plugin v27.3 - https:\/\/yoast.com\/product\/yoast-seo-wordpress\/ -->\n<title>Pi\u00e8ces pour Fen\u00eatres - Traitement Fen\u00eatres Laval<\/title>\n<meta name=\"description\" content=\"Traitement de Fen\u00eatres Laval maintiens un approvisionnement impressionnant de pi\u00e8ces pour plusieurs types de fen\u00eatres pour subvenir \u00e0 vos besoins.\" \/>\n<meta name=\"robots\" content=\"index, follow, max-snippet:-1, max-image-preview:large, max-video-preview:-1\" \/>\n<link rel=\"canonical\" href=\"https:\/\/tflinc.ca\/index.php\/pieces-pour-fenetres\/\" \/>\n<meta property=\"og:locale\" content=\"fr_FR\" \/>\n<meta property=\"og:type\" content=\"article\" \/>\n<meta property=\"og:title\" content=\"Pi\u00e8ces pour Fen\u00eatres - Traitement Fen\u00eatres Laval\" \/>\n<meta property=\"og:description\" content=\"Traitement de Fen\u00eatres Laval maintiens un approvisionnement impressionnant de pi\u00e8ces pour plusieurs types de fen\u00eatres pour subvenir \u00e0 vos besoins.\" \/>\n<meta property=\"og:url\" content=\"https:\/\/tflinc.ca\/index.php\/pieces-pour-fenetres\/\" \/>\n<meta property=\"og:site_name\" content=\"Traitement Fen\u00eatres Laval\" \/>\n<meta property=\"article:modified_time\" content=\"2017-02-21T17:45:59+00:00\" \/>\n<meta property=\"og:image\" content=\"http:\/\/azh-uri\/assets\/media\/content\/840x840\/3.jpg\" \/>\n<meta name=\"twitter:card\" content=\"summary_large_image\" \/>\n<meta name=\"twitter:label1\" content=\"Dur\u00e9e de lecture estim\u00e9e\" \/>\n\t<meta name=\"twitter:data1\" content=\"1 minute\" \/>\n<script type=\"application\/ld+json\" class=\"yoast-schema-graph\">{\"@context\":\"https:\\\/\\\/schema.org\",\"@graph\":[{\"@type\":\"WebPage\",\"@id\":\"https:\\\/\\\/tflinc.ca\\\/index.php\\\/pieces-pour-fenetres\\\/\",\"url\":\"https:\\\/\\\/tflinc.ca\\\/index.php\\\/pieces-pour-fenetres\\\/\",\"name\":\"Pi\u00e8ces pour Fen\u00eatres - Traitement Fen\u00eatres Laval\",\"isPartOf\":{\"@id\":\"https:\\\/\\\/tflinc.ca\\\/#website\"},\"datePublished\":\"2016-11-11T14:45:22+00:00\",\"dateModified\":\"2017-02-21T17:45:59+00:00\",\"description\":\"Traitement de Fen\u00eatres Laval maintiens un approvisionnement impressionnant de pi\u00e8ces pour plusieurs types de fen\u00eatres pour subvenir \u00e0 vos besoins.\",\"breadcrumb\":{\"@id\":\"https:\\\/\\\/tflinc.ca\\\/index.php\\\/pieces-pour-fenetres\\\/#breadcrumb\"},\"inLanguage\":\"fr-FR\",\"potentialAction\":[{\"@type\":\"ReadAction\",\"target\":[\"https:\\\/\\\/tflinc.ca\\\/index.php\\\/pieces-pour-fenetres\\\/\"]}]},{\"@type\":\"BreadcrumbList\",\"@id\":\"https:\\\/\\\/tflinc.ca\\\/index.php\\\/pieces-pour-fenetres\\\/#breadcrumb\",\"itemListElement\":[{\"@type\":\"ListItem\",\"position\":1,\"name\":\"Accueil\",\"item\":\"https:\\\/\\\/tflinc.ca\\\/\"},{\"@type\":\"ListItem\",\"position\":2,\"name\":\"Pi\u00e8ces pour Fen\u00eatres\"}]},{\"@type\":\"WebSite\",\"@id\":\"https:\\\/\\\/tflinc.ca\\\/#website\",\"url\":\"https:\\\/\\\/tflinc.ca\\\/\",\"name\":\"Traitement Fen\u00eatres Laval\",\"description\":\"\",\"potentialAction\":[{\"@type\":\"SearchAction\",\"target\":{\"@type\":\"EntryPoint\",\"urlTemplate\":\"https:\\\/\\\/tflinc.ca\\\/?s={search_term_string}\"},\"query-input\":{\"@type\":\"PropertyValueSpecification\",\"valueRequired\":true,\"valueName\":\"search_term_string\"}}],\"inLanguage\":\"fr-FR\"}]}<\/script>\n<!-- \/ Yoast SEO plugin. -->","yoast_head_json":{"title":"Pi\u00e8ces pour Fen\u00eatres - Traitement Fen\u00eatres Laval","description":"Traitement de Fen\u00eatres Laval maintiens un approvisionnement impressionnant de pi\u00e8ces pour plusieurs types de fen\u00eatres pour subvenir \u00e0 vos besoins.","robots":{"index":"index","follow":"follow","max-snippet":"max-snippet:-1","max-image-preview":"max-image-preview:large","max-video-preview":"max-video-preview:-1"},"canonical":"https:\/\/tflinc.ca\/index.php\/pieces-pour-fenetres\/","og_locale":"fr_FR","og_type":"article","og_title":"Pi\u00e8ces pour Fen\u00eatres - Traitement Fen\u00eatres Laval","og_description":"Traitement de Fen\u00eatres Laval maintiens un approvisionnement impressionnant de pi\u00e8ces pour plusieurs types de fen\u00eatres pour subvenir \u00e0 vos besoins.","og_url":"https:\/\/tflinc.ca\/index.php\/pieces-pour-fenetres\/","og_site_name":"Traitement Fen\u00eatres Laval","article_modified_time":"2017-02-21T17:45:59+00:00","og_image":[{"url":"{{azh-uri}}\/assets\/media\/content\/840x840\/3.jpg","type":"","width":"","height":""}],"twitter_card":"summary_large_image","twitter_misc":{"Dur\u00e9e de lecture estim\u00e9e":"1 minute"},"schema":{"@context":"https:\/\/schema.org","@graph":[{"@type":"WebPage","@id":"https:\/\/tflinc.ca\/index.php\/pieces-pour-fenetres\/","url":"https:\/\/tflinc.ca\/index.php\/pieces-pour-fenetres\/","name":"Pi\u00e8ces pour Fen\u00eatres - Traitement Fen\u00eatres Laval","isPartOf":{"@id":"https:\/\/tflinc.ca\/#website"},"datePublished":"2016-11-11T14:45:22+00:00","dateModified":"2017-02-21T17:45:59+00:00","description":"Traitement de Fen\u00eatres Laval maintiens un approvisionnement impressionnant de pi\u00e8ces pour plusieurs types de fen\u00eatres pour subvenir \u00e0 vos besoins.","breadcrumb":{"@id":"https:\/\/tflinc.ca\/index.php\/pieces-pour-fenetres\/#breadcrumb"},"inLanguage":"fr-FR","potentialAction":[{"@type":"ReadAction","target":["https:\/\/tflinc.ca\/index.php\/pieces-pour-fenetres\/"]}]},{"@type":"BreadcrumbList","@id":"https:\/\/tflinc.ca\/index.php\/pieces-pour-fenetres\/#breadcrumb","itemListElement":[{"@type":"ListItem","position":1,"name":"Accueil","item":"https:\/\/tflinc.ca\/"},{"@type":"ListItem","position":2,"name":"Pi\u00e8ces pour Fen\u00eatres"}]},{"@type":"WebSite","@id":"https:\/\/tflinc.ca\/#website","url":"https:\/\/tflinc.ca\/","name":"Traitement Fen\u00eatres Laval","description":"","potentialAction":[{"@type":"SearchAction","target":{"@type":"EntryPoint","urlTemplate":"https:\/\/tflinc.ca\/?s={search_term_string}"},"query-input":{"@type":"PropertyValueSpecification","valueRequired":true,"valueName":"search_term_string"}}],"inLanguage":"fr-FR"}]}},"_links":{"self":[{"href":"https:\/\/tflinc.ca\/index.php\/wp-json\/wp\/v2\/pages\/318","targetHints":{"allow":["GET"]}}],"collection":[{"href":"https:\/\/tflinc.ca\/index.php\/wp-json\/wp\/v2\/pages"}],"about":[{"href":"https:\/\/tflinc.ca\/index.php\/wp-json\/wp\/v2\/types\/page"}],"author":[{"embeddable":true,"href":"https:\/\/tflinc.ca\/index.php\/wp-json\/wp\/v2\/users\/1"}],"replies":[{"embeddable":true,"href":"https:\/\/tflinc.ca\/index.php\/wp-json\/wp\/v2\/comments?post=318"}],"version-history":[{"count":12,"href":"https:\/\/tflinc.ca\/index.php\/wp-json\/wp\/v2\/pages\/318\/revisions"}],"predecessor-version":[{"id":930,"href":"https:\/\/tflinc.ca\/index.php\/wp-json\/wp\/v2\/pages\/318\/revisions\/930"}],"wp:attachment":[{"href":"https:\/\/tflinc.ca\/index.php\/wp-json\/wp\/v2\/media?parent=318"}],"curies":[{"name":"wp","href":"https:\/\/api.w.org\/{rel}","templated":true}]}}