{"id":309,"date":"2016-11-11T15:32:38","date_gmt":"2016-11-11T14:32:38","guid":{"rendered":"http:\/\/tflinc.ca\/?page_id=309"},"modified":"2019-02-21T20:16:20","modified_gmt":"2019-02-21T19:16:20","slug":"restauration-fenetres-de-bois","status":"publish","type":"page","link":"https:\/\/tflinc.ca\/index.php\/restauration-fenetres-de-bois\/","title":{"rendered":"Restauration Fen\u00eatres de Bois"},"content":{"rendered":"<div data-section=\"text\/2.html\">\n<section class=\"section-area\">\n<div class=\"container\">\n<div class=\"row scrollr\">\n<div class=\"col-xs-12\">\n<h2 class=\"title-btn ui-title-block\">\n                       <a href=\"#MyJt7\" class=\"title-btn__inner js-scroll\">R\u00e9paration de fen\u00eatres de bois<\/a><br \/>\n                       <button type=\"button\" data-toggle=\"collapse\" data-target=\"#MyJt7\" class=\"title-btn__btn\"><br \/>\n                           <span class=\"icon fa fa-caret-down\"><\/span><br \/>\n                       <\/button><br \/>\n                   <\/h2>\n<div id=\"MyJt7\" class=\"container collapse in\">\n<div class=\"table-row\">\n<div class=\"col-md-6 bg-light table-cell\">\n<div class=\"col-md-8 col-md-offset-2\">\n<section class=\"section-default\">\n<h3 class=\"ui-title-block color-dark\">Restauration professionnelle de fen\u00eatres de bois<\/h3>\n<div class=\"color-grey\">\n<p>Remettre une fen\u00eatre \u00e0 neuf, c\u2019est d\u2019abord et avant tout, lui redonner ses qualit\u00e9s initiales de fonctionnement et de performance.<\/p>\n<p><strong>Il vous semble \u00e0 premi\u00e8re vue impossible de soigner ou de sauver certaines fen\u00eatres de bois?<\/strong><br \/> Consultez-nous d\u2019abord, car nos sp\u00e9cialistes \u00e9b\u00e9nistes et peintres, sauront leur donner une deuxi\u00e8me vie.<\/p>\n<p>Les experts de Traitement de Fen\u00eatres Laval fabriqueront sur mesure toutes vos pi\u00e8ces de boiseries et ce dans la m\u00eame essence de bois. ex : pins, c\u00e8dres, ch\u00eanes etc.<br \/> Et de plus, il nous est \u00e9galement possible de vernir, teindre et d&#8217;apporter la coloration d&#8217;autrefois.<\/p>\n<\/p><\/div>\n<\/section><\/div>\n<\/p><\/div>\n<div class=\"col-md-6 bg_mod-c table-cell\">\n<div class=\"col-md-8 col-md-offset-2\">\n<section class=\"section-default\">\n<h3 class=\"ui-title-block color-dark\">Nous remplacerons les pi\u00e8ces de bois ternies, pourris ou endommag\u00e9s avec le temps.<\/h3>\n<div class=\"color-grey\">\n<ul>\n<li>Cache manivelle<\/li>\n<li>Moulures \u00e0 thermos<\/li>\n<li>Volets r\u00e9usin\u00e9s<\/li>\n<li>Bases et cadres de fen\u00eatres<\/li>\n<li>Remplacement de vitres \/ thermos<\/li>\n<li>\u00c9b\u00e9nisterie<\/li>\n<\/ul>\n<p>                                           Donnez un coup de jeunesse \u00e0 vos fen\u00eatres de bois<br \/>\n                                           <a href=\"http:\/\/tflinc.ca\/index.php\/restauration-fenetres-de-bois\/#estimation-gratuite\" class=\"btn btn-primary btn-effect form-div-btn\" style=\"margin-top:25px\">Estimation gratuite<\/a>\n                                       <\/div>\n<\/section><\/div>\n<\/p><\/div>\n<\/p><\/div>\n<\/p><\/div>\n<\/p><\/div>\n<\/p><\/div>\n<\/p><\/div>\n<\/section>\n<\/div>\n<div data-section=\"testimonials\/1.html\">\n<div class=\"container\">\n<div class=\"section-reviews\" style=\"background-image:url(http:\/\/tflinc.ca\/wp-content\/uploads\/2016\/11\/temoignage-fenetre-bois.jpg)\">\n<div class=\"row scrollr\">\n<div class=\"col-xs-12\">\n<div data-pagination=\"false\" data-navigation=\"false\" data-single-item=\"true\" data-auto-play=\"false\" data-transition-style=\"fade\" data-main-text-animation=\"true\" data-after-init-delay=\"3000\" data-after-move-delay=\"1000\" data-stop-on-hover=\"true\" class=\"owl-carousel owl-theme enable-owl-carousel\">\n<div class=\"reviews reviews_mod-a\">\n<blockquote class=\"reviews__blockquote blockquote\">\n<p>Apr\u00e8s maintes d\u00e9marches, nous avons constat\u00e9 que Traitement Fen\u00eatres Laval \u00e9tait la seule entreprise en mesure de r\u00e9pondre \u00e0 l\u2019ensemble de nos besoins : restauration des fen\u00eatres en bois, remplacement des thermos et autres composantes, recouvrement en aluminium, etc&#8230;<br \/>\n                                   <a href=\"http:\/\/tflinc.ca\/wp-content\/uploads\/2017\/02\/condominium-le-viauville.pdf\" target=\"_blank\">Lire la suite<\/a>\n                               <\/p>\n<footer class=\"reviews__footer blockquote__footer\">\n                                   <cite title=\"Blockquote Title\"><span class=\"reviews__author ui-title-inner blockquote__autor\">Administration<\/span><span class=\"reviews__category blockquote__category\">Condominium Le Viauville<\/span><\/cite><br \/>\n                               <\/footer>\n<\/blockquote><\/div>\n<\/p><\/div>\n<\/p><\/div>\n<\/p><\/div>\n<\/p><\/div>\n<\/p><\/div>\n<\/div>\n<div data-section=\"text\/3.html\">\n<div class=\"container\">\n<section class=\"section_mod-b block-2-col block-2-col_mod-a bg-main\">\n<div class=\"row scrollr\">\n<div class=\"col-xs-12\">\n<h2 class=\"ui-title-inner ui-title-inner_mod-a color-light text-center\">BOISERIES<\/h2>\n<\/p><\/div>\n<div class=\"col-md-8 col-md-offset-2 col-sm-10 col-sm-offset-1\">\n<div class=\"block-2-col__inner\">\n                       <img decoding=\"async\" src=\"https:\/\/tflinc.ca\/wp-content\/uploads\/2019\/02\/boiseries01.jpg\" style=\"width:100%\" alt=\"Atelier de menuiserie\" \/>\n                   <\/div>\n<div class=\"block-2-col__inner\">\n                       <img decoding=\"async\" src=\"https:\/\/tflinc.ca\/wp-content\/uploads\/2019\/02\/boiseries02.jpg\" style=\"width:100%\" alt=\"Atelier de menuiserie\" \/>\n                   <\/div>\n<\/p><\/div>\n<\/p><\/div>\n<\/section><\/div>\n<\/div>\n<div data-section=\"form\/3.html\">\n<div class=\"container\">\n<div class=\"bg_mod-d\">\n<div class=\"row\">\n<div class=\"col-md-6\">\n<section id=\"estimation-gratuite\" class=\"section-default block-padd-14\">\n<h2 class=\"ui-title-block_w-border\">Estimation gratuite pour la restauration de vos fen\u00eatres en bois.<\/h2>\n<\/p>\n<p>                       \n<div class=\"wpcf7 no-js\" id=\"wpcf7-f465-o1\" lang=\"fr-FR\" dir=\"ltr\" data-wpcf7-id=\"465\">\n<div class=\"screen-reader-response\"><p role=\"status\" aria-live=\"polite\" aria-atomic=\"true\"><\/p> <ul><\/ul><\/div>\n<form action=\"\/index.php\/wp-json\/wp\/v2\/pages\/309#wpcf7-f465-o1\" method=\"post\" class=\"wpcf7-form init\" aria-label=\"Formulaire de contact\" novalidate=\"novalidate\" data-status=\"init\">\n<fieldset class=\"hidden-fields-container\"><input type=\"hidden\" name=\"_wpcf7\" value=\"465\" \/><input type=\"hidden\" name=\"_wpcf7_version\" value=\"6.1.5\" \/><input type=\"hidden\" name=\"_wpcf7_locale\" value=\"fr_FR\" \/><input type=\"hidden\" name=\"_wpcf7_unit_tag\" value=\"wpcf7-f465-o1\" \/><input type=\"hidden\" name=\"_wpcf7_container_post\" value=\"0\" \/><input type=\"hidden\" name=\"_wpcf7_posted_data_hash\" value=\"\" \/><input type=\"hidden\" name=\"_wpcf7dtx_version\" value=\"5.0.5\" \/><input type=\"hidden\" name=\"_wpcf7_recaptcha_response\" value=\"\" \/>\n<\/fieldset>\n<div class=\"input-with-icon\">\n\t<p><i class=\"wp-svg-users-2 users-2\"><\/i><span class=\"wpcf7-form-control-wrap\" data-name=\"nom\"><input size=\"40\" maxlength=\"400\" class=\"wpcf7-form-control wpcf7-text wpcf7-validates-as-required form-accueil-2\" aria-required=\"true\" aria-invalid=\"false\" placeholder=\"Nom *\" value=\"\" type=\"text\" name=\"nom\" \/><\/span>\n\t<\/p>\n<\/div>\n<div class=\"input-with-icon\">\n\t<p><i class=\"wp-svg-mail-2 mail-2\"><\/i><span class=\"wpcf7-form-control-wrap\" data-name=\"courriel\"><input size=\"40\" maxlength=\"400\" class=\"wpcf7-form-control wpcf7-email wpcf7-validates-as-required wpcf7-text wpcf7-validates-as-email form-accueil-2\" aria-required=\"true\" aria-invalid=\"false\" placeholder=\"Courriel *\" value=\"\" type=\"email\" name=\"courriel\" \/><\/span>\n\t<\/p>\n<\/div>\n<div class=\"input-with-icon\">\n\t<p><i class=\"wp-svg-phone phone\"><\/i><span class=\"wpcf7-form-control-wrap\" data-name=\"tel\"><input size=\"40\" maxlength=\"400\" class=\"wpcf7-form-control wpcf7-tel wpcf7-text wpcf7-validates-as-tel form-accueil-2\" aria-invalid=\"false\" placeholder=\"T\u00e9l\u00e9phone\" value=\"\" type=\"tel\" name=\"tel\" \/><\/span>\n\t<\/p>\n<\/div>\n<p>\n\t<center><input class=\"wpcf7-form-control wpcf7-submit has-spinner btn btn-primary btn-effect form-div-btn\" type=\"submit\" value=\"ENVOYER\" \/>\n\t<\/center>\n<\/p><div class=\"wpcf7-response-output\" aria-hidden=\"true\"><\/div>\n<\/form>\n<\/div>\n<br \/>\n                   <\/section>\n<\/p><\/div>\n<div class=\"col-md-6\">\n<div class=\"wrap-text\">\n                       <img decoding=\"async\" src=\"https:\/\/tflinc.ca\/wp-content\/themes\/prometheus\/prometheus\/azh\/prometheus\/assets\/media\/content\/840x840\/3.jpg\" alt=\"foto\" class=\"img-full\">\n                   <\/div>\n<\/p><\/div>\n<\/p><\/div>\n<\/p><\/div>\n<\/p><\/div>\n<\/div>\n","protected":false},"excerpt":{"rendered":"<p>R\u00e9paration de fen\u00eatres de bois Restauration professionnelle de fen\u00eatres de bois Remettre une fen\u00eatre \u00e0 neuf, c\u2019est d\u2019abord et avant tout, lui redonner ses qualit\u00e9s initiales de fonctionnement et de performance. Il vous semble \u00e0 premi\u00e8re vue impossible de soigner ou de sauver certaines fen\u00eatres de bois? Consultez-nous d\u2019abord, car nos sp\u00e9cialistes \u00e9b\u00e9nistes et peintres, [&hellip;]<\/p>\n","protected":false},"author":1,"featured_media":962,"parent":0,"menu_order":0,"comment_status":"closed","ping_status":"closed","template":"page-templates\/without-container.php","meta":{"_custom_body_class":"azh","_custom_post_class":"","footnotes":""},"class_list":["post-309","page","type-page","status-publish","has-post-thumbnail","hentry"],"yoast_head":"<!-- This site is optimized with the Yoast SEO plugin v27.3 - https:\/\/yoast.com\/product\/yoast-seo-wordpress\/ -->\n<title>Restauration Fen\u00eatres de Bois - Traitement Fen\u00eatres Laval<\/title>\n<meta name=\"description\" content=\"Les experts de Traitement de Fen\u00eatres Laval r\u00e9pareront vos fen\u00eatres de bois en rempla\u00e7ant les pi\u00e8ces de bois ternies, pourris ou endommag\u00e9s avec le temps.\" \/>\n<meta name=\"robots\" content=\"index, follow, max-snippet:-1, max-image-preview:large, max-video-preview:-1\" \/>\n<link rel=\"canonical\" href=\"https:\/\/tflinc.ca\/index.php\/restauration-fenetres-de-bois\/\" \/>\n<meta property=\"og:locale\" content=\"fr_FR\" \/>\n<meta property=\"og:type\" content=\"article\" \/>\n<meta property=\"og:title\" content=\"Restauration Fen\u00eatres de Bois - Traitement Fen\u00eatres Laval\" \/>\n<meta property=\"og:description\" content=\"Les experts de Traitement de Fen\u00eatres Laval r\u00e9pareront vos fen\u00eatres de bois en rempla\u00e7ant les pi\u00e8ces de bois ternies, pourris ou endommag\u00e9s avec le temps.\" \/>\n<meta property=\"og:url\" content=\"https:\/\/tflinc.ca\/index.php\/restauration-fenetres-de-bois\/\" \/>\n<meta property=\"og:site_name\" content=\"Traitement Fen\u00eatres Laval\" \/>\n<meta property=\"article:modified_time\" content=\"2019-02-21T19:16:20+00:00\" \/>\n<meta property=\"og:image\" content=\"https:\/\/tflinc.ca\/wp-content\/uploads\/2016\/11\/restauration-slide-2.jpg\" \/>\n\t<meta property=\"og:image:width\" content=\"1920\" \/>\n\t<meta property=\"og:image:height\" content=\"1280\" \/>\n\t<meta property=\"og:image:type\" content=\"image\/jpeg\" \/>\n<meta name=\"twitter:card\" content=\"summary_large_image\" \/>\n<meta name=\"twitter:label1\" content=\"Dur\u00e9e de lecture estim\u00e9e\" \/>\n\t<meta name=\"twitter:data1\" content=\"1 minute\" \/>\n<script type=\"application\/ld+json\" class=\"yoast-schema-graph\">{\"@context\":\"https:\\\/\\\/schema.org\",\"@graph\":[{\"@type\":\"WebPage\",\"@id\":\"https:\\\/\\\/tflinc.ca\\\/index.php\\\/restauration-fenetres-de-bois\\\/\",\"url\":\"https:\\\/\\\/tflinc.ca\\\/index.php\\\/restauration-fenetres-de-bois\\\/\",\"name\":\"Restauration Fen\u00eatres de Bois - Traitement Fen\u00eatres Laval\",\"isPartOf\":{\"@id\":\"https:\\\/\\\/tflinc.ca\\\/#website\"},\"primaryImageOfPage\":{\"@id\":\"https:\\\/\\\/tflinc.ca\\\/index.php\\\/restauration-fenetres-de-bois\\\/#primaryimage\"},\"image\":{\"@id\":\"https:\\\/\\\/tflinc.ca\\\/index.php\\\/restauration-fenetres-de-bois\\\/#primaryimage\"},\"thumbnailUrl\":\"https:\\\/\\\/tflinc.ca\\\/wp-content\\\/uploads\\\/2016\\\/11\\\/restauration-slide-2.jpg\",\"datePublished\":\"2016-11-11T14:32:38+00:00\",\"dateModified\":\"2019-02-21T19:16:20+00:00\",\"description\":\"Les experts de Traitement de Fen\u00eatres Laval r\u00e9pareront vos fen\u00eatres de bois en rempla\u00e7ant les pi\u00e8ces de bois ternies, pourris ou endommag\u00e9s avec le temps.\",\"breadcrumb\":{\"@id\":\"https:\\\/\\\/tflinc.ca\\\/index.php\\\/restauration-fenetres-de-bois\\\/#breadcrumb\"},\"inLanguage\":\"fr-FR\",\"potentialAction\":[{\"@type\":\"ReadAction\",\"target\":[\"https:\\\/\\\/tflinc.ca\\\/index.php\\\/restauration-fenetres-de-bois\\\/\"]}]},{\"@type\":\"ImageObject\",\"inLanguage\":\"fr-FR\",\"@id\":\"https:\\\/\\\/tflinc.ca\\\/index.php\\\/restauration-fenetres-de-bois\\\/#primaryimage\",\"url\":\"https:\\\/\\\/tflinc.ca\\\/wp-content\\\/uploads\\\/2016\\\/11\\\/restauration-slide-2.jpg\",\"contentUrl\":\"https:\\\/\\\/tflinc.ca\\\/wp-content\\\/uploads\\\/2016\\\/11\\\/restauration-slide-2.jpg\",\"width\":1920,\"height\":1280,\"caption\":\"man with paintbrush painting brown wooden house exterior\"},{\"@type\":\"BreadcrumbList\",\"@id\":\"https:\\\/\\\/tflinc.ca\\\/index.php\\\/restauration-fenetres-de-bois\\\/#breadcrumb\",\"itemListElement\":[{\"@type\":\"ListItem\",\"position\":1,\"name\":\"Accueil\",\"item\":\"https:\\\/\\\/tflinc.ca\\\/\"},{\"@type\":\"ListItem\",\"position\":2,\"name\":\"Restauration Fen\u00eatres de Bois\"}]},{\"@type\":\"WebSite\",\"@id\":\"https:\\\/\\\/tflinc.ca\\\/#website\",\"url\":\"https:\\\/\\\/tflinc.ca\\\/\",\"name\":\"Traitement Fen\u00eatres Laval\",\"description\":\"\",\"potentialAction\":[{\"@type\":\"SearchAction\",\"target\":{\"@type\":\"EntryPoint\",\"urlTemplate\":\"https:\\\/\\\/tflinc.ca\\\/?s={search_term_string}\"},\"query-input\":{\"@type\":\"PropertyValueSpecification\",\"valueRequired\":true,\"valueName\":\"search_term_string\"}}],\"inLanguage\":\"fr-FR\"}]}<\/script>\n<!-- \/ Yoast SEO plugin. -->","yoast_head_json":{"title":"Restauration Fen\u00eatres de Bois - Traitement Fen\u00eatres Laval","description":"Les experts de Traitement de Fen\u00eatres Laval r\u00e9pareront vos fen\u00eatres de bois en rempla\u00e7ant les pi\u00e8ces de bois ternies, pourris ou endommag\u00e9s avec le temps.","robots":{"index":"index","follow":"follow","max-snippet":"max-snippet:-1","max-image-preview":"max-image-preview:large","max-video-preview":"max-video-preview:-1"},"canonical":"https:\/\/tflinc.ca\/index.php\/restauration-fenetres-de-bois\/","og_locale":"fr_FR","og_type":"article","og_title":"Restauration Fen\u00eatres de Bois - Traitement Fen\u00eatres Laval","og_description":"Les experts de Traitement de Fen\u00eatres Laval r\u00e9pareront vos fen\u00eatres de bois en rempla\u00e7ant les pi\u00e8ces de bois ternies, pourris ou endommag\u00e9s avec le temps.","og_url":"https:\/\/tflinc.ca\/index.php\/restauration-fenetres-de-bois\/","og_site_name":"Traitement Fen\u00eatres Laval","article_modified_time":"2019-02-21T19:16:20+00:00","og_image":[{"width":1920,"height":1280,"url":"https:\/\/tflinc.ca\/wp-content\/uploads\/2016\/11\/restauration-slide-2.jpg","type":"image\/jpeg"}],"twitter_card":"summary_large_image","twitter_misc":{"Dur\u00e9e de lecture estim\u00e9e":"1 minute"},"schema":{"@context":"https:\/\/schema.org","@graph":[{"@type":"WebPage","@id":"https:\/\/tflinc.ca\/index.php\/restauration-fenetres-de-bois\/","url":"https:\/\/tflinc.ca\/index.php\/restauration-fenetres-de-bois\/","name":"Restauration Fen\u00eatres de Bois - Traitement Fen\u00eatres Laval","isPartOf":{"@id":"https:\/\/tflinc.ca\/#website"},"primaryImageOfPage":{"@id":"https:\/\/tflinc.ca\/index.php\/restauration-fenetres-de-bois\/#primaryimage"},"image":{"@id":"https:\/\/tflinc.ca\/index.php\/restauration-fenetres-de-bois\/#primaryimage"},"thumbnailUrl":"https:\/\/tflinc.ca\/wp-content\/uploads\/2016\/11\/restauration-slide-2.jpg","datePublished":"2016-11-11T14:32:38+00:00","dateModified":"2019-02-21T19:16:20+00:00","description":"Les experts de Traitement de Fen\u00eatres Laval r\u00e9pareront vos fen\u00eatres de bois en rempla\u00e7ant les pi\u00e8ces de bois ternies, pourris ou endommag\u00e9s avec le temps.","breadcrumb":{"@id":"https:\/\/tflinc.ca\/index.php\/restauration-fenetres-de-bois\/#breadcrumb"},"inLanguage":"fr-FR","potentialAction":[{"@type":"ReadAction","target":["https:\/\/tflinc.ca\/index.php\/restauration-fenetres-de-bois\/"]}]},{"@type":"ImageObject","inLanguage":"fr-FR","@id":"https:\/\/tflinc.ca\/index.php\/restauration-fenetres-de-bois\/#primaryimage","url":"https:\/\/tflinc.ca\/wp-content\/uploads\/2016\/11\/restauration-slide-2.jpg","contentUrl":"https:\/\/tflinc.ca\/wp-content\/uploads\/2016\/11\/restauration-slide-2.jpg","width":1920,"height":1280,"caption":"man with paintbrush painting brown wooden house exterior"},{"@type":"BreadcrumbList","@id":"https:\/\/tflinc.ca\/index.php\/restauration-fenetres-de-bois\/#breadcrumb","itemListElement":[{"@type":"ListItem","position":1,"name":"Accueil","item":"https:\/\/tflinc.ca\/"},{"@type":"ListItem","position":2,"name":"Restauration Fen\u00eatres de Bois"}]},{"@type":"WebSite","@id":"https:\/\/tflinc.ca\/#website","url":"https:\/\/tflinc.ca\/","name":"Traitement Fen\u00eatres Laval","description":"","potentialAction":[{"@type":"SearchAction","target":{"@type":"EntryPoint","urlTemplate":"https:\/\/tflinc.ca\/?s={search_term_string}"},"query-input":{"@type":"PropertyValueSpecification","valueRequired":true,"valueName":"search_term_string"}}],"inLanguage":"fr-FR"}]}},"_links":{"self":[{"href":"https:\/\/tflinc.ca\/index.php\/wp-json\/wp\/v2\/pages\/309","targetHints":{"allow":["GET"]}}],"collection":[{"href":"https:\/\/tflinc.ca\/index.php\/wp-json\/wp\/v2\/pages"}],"about":[{"href":"https:\/\/tflinc.ca\/index.php\/wp-json\/wp\/v2\/types\/page"}],"author":[{"embeddable":true,"href":"https:\/\/tflinc.ca\/index.php\/wp-json\/wp\/v2\/users\/1"}],"replies":[{"embeddable":true,"href":"https:\/\/tflinc.ca\/index.php\/wp-json\/wp\/v2\/comments?post=309"}],"version-history":[{"count":22,"href":"https:\/\/tflinc.ca\/index.php\/wp-json\/wp\/v2\/pages\/309\/revisions"}],"predecessor-version":[{"id":1570,"href":"https:\/\/tflinc.ca\/index.php\/wp-json\/wp\/v2\/pages\/309\/revisions\/1570"}],"wp:featuredmedia":[{"embeddable":true,"href":"https:\/\/tflinc.ca\/index.php\/wp-json\/wp\/v2\/media\/962"}],"wp:attachment":[{"href":"https:\/\/tflinc.ca\/index.php\/wp-json\/wp\/v2\/media?parent=309"}],"curies":[{"name":"wp","href":"https:\/\/api.w.org\/{rel}","templated":true}]}}