{"id":241,"date":"2016-09-29T17:37:04","date_gmt":"2016-09-29T15:37:04","guid":{"rendered":"http:\/\/tflinc.ca\/?page_id=241"},"modified":"2026-04-01T17:07:56","modified_gmt":"2026-04-01T15:07:56","slug":"fenetres-neuves-pvc","status":"publish","type":"page","link":"https:\/\/tflinc.ca\/index.php\/fenetres-neuves-pvc\/","title":{"rendered":"Fen\u00eatres neuves en PVC"},"content":{"rendered":"<div data-section=\"text\/2.html\">\n<section class=\"section-area\">\n<div class=\"container\">\n<div class=\"row scrollr\">\n<div class=\"col-xs-12\">\n<h2 class=\"title-btn ui-title-block\">\n                       <a href=\"#5IhFc\" class=\"title-btn__inner js-scroll\">Fen\u00eatres en PVC<\/a><br \/>\n                       <button type=\"button\" data-toggle=\"collapse\" data-target=\"#5IhFc\" class=\"title-btn__btn\"><br \/>\n                           <span class=\"icon fa fa-caret-down\"><\/span><br \/>\n                       <\/button><br \/>\n                   <\/h2>\n<div id=\"5IhFc\" class=\"container collapse in\">\n<div class=\"table-row\">\n<div class=\"col-md-6 bg-light table-cell\">\n<div class=\"col-md-8 col-md-offset-2\">\n<section class=\"section-default\">\n<h3 class=\"ui-title-block color-dark\">Fen\u00eatres neuves coulissantes<\/h3>\n<div class=\"color-grey\">\n<p>Nos \u00e9l\u00e9gantes fen\u00eatres coulissantes m\u00e9langent de belles lignes \u00e9pur\u00e9es et une fabrication solide pour une utilisation quotidienne. Les ch\u00e2ssis \u00e9lanc\u00e9s glissent horizontalement pour \u00eatre ouverts et ferm\u00e9s sans effort. Ils se soul\u00e8vent \u00e9galement, en facilitant le nettoyage.<\/p>\n<p>                                           <a href=\"http:\/\/tflinc.ca\/index.php\/fenetres-neuves-pvc\/#estimation-gratuite\" class=\"btn btn-primary btn-effect form-div-btn\">Estimation gratuite<\/a>\n                                       <\/div>\n<\/section><\/div>\n<\/p><\/div>\n<div class=\"col-md-6 bg_mod-c table-cell\">\n<div class=\"col-md-8 col-md-offset-2\">\n<section>\n<div class=\"color-grey text-center\">\n<p>\n                                               <img decoding=\"async\" src=\"http:\/\/tflinc.ca\/wp-content\/uploads\/2017\/01\/fenetre-coulissante.jpg\" class=\"fen-neuve-img\" \/>\n                                           <\/p>\n<\/p><\/div>\n<\/section><\/div>\n<\/p><\/div>\n<\/p><\/div>\n<div class=\"table-row\">\n<div class=\"col-md-6 bg_mod-c table-cell\">\n<div class=\"col-md-8 col-md-offset-2\">\n<section>\n<div class=\"color-grey text-center\">\n<p>\n                                               <img decoding=\"async\" src=\"http:\/\/tflinc.ca\/wp-content\/uploads\/2017\/01\/fenetre-battant.jpg\" class=\"fen-neuve-img\" \/>\n                                           <\/p>\n<\/p><\/div>\n<\/section><\/div>\n<\/p><\/div>\n<div class=\"col-md-6 bg-light table-cell\">\n<div class=\"col-md-8 col-md-offset-2\">\n<section class=\"section-default\">\n<h3 class=\"ui-title-block color-dark\">Fen\u00eatres neuves \u00e0 battant<\/h3>\n<div class=\"color-grey\">\n<p>Lorsque vous consid\u00e9rez les fen\u00eatres comme \u00e9tant un \u00e9l\u00e9ment de style pour votre maison, vous comprendrez pourquoi les fen\u00eatres \u00e0 battant sont si populaire. La fabrication \u00e9l\u00e9gante, la pr\u00e9sence g\u00e9n\u00e9reuse du verre et l&#8217;ouverture l\u00e9g\u00e8re vers l&#8217;ext\u00e9rieur du ch\u00e2ssis offrent une a\u00e9ration rafra\u00eechissante et un attrait esth\u00e9tique.<\/p>\n<p>                                           <a href=\"http:\/\/tflinc.ca\/index.php\/fenetres-neuves-pvc\/#estimation-gratuite\" class=\"btn btn-primary btn-effect form-div-btn\">Estimation gratuite<\/a>\n                                       <\/div>\n<\/section><\/div>\n<\/p><\/div>\n<\/p><\/div>\n<\/p><\/div>\n<\/p><\/div>\n<\/p><\/div>\n<\/p><\/div>\n<\/section>\n<\/div>\n<div data-section=\"text\/2.html\">\n<section class=\"section-area\">\n<div class=\"container\">\n<div class=\"row scrollr\">\n<div class=\"col-xs-12\">\n<h2 class=\"title-btn ui-title-block\">\n                       <a href=\"#2hb4l\" class=\"title-btn__inner js-scroll\">Nos mod\u00e8les<\/a><br \/>\n                       <button type=\"button\" data-toggle=\"collapse\" data-target=\"#2hb4l\" class=\"title-btn__btn\"><br \/>\n                           <span class=\"icon fa fa-caret-down\"><\/span><br \/>\n                       <\/button><br \/>\n                   <\/h2>\n<div id=\"2hb4l\" class=\"container collapse in\">\n<div class=\"table-row\">\n<div class=\"col-md-6 bg-light table-cell\">\n<div class=\"col-md-8 col-md-offset-2\">\n<section class=\"section-default\">\n<h3 class=\"ui-title-block color-dark\">Nos mod\u00e8les de fen\u00eatres<\/h3>\n<div class=\"color-grey\">\n<p>La gamme de fen\u00eatres de remplacement GENTEK (100% PVC) est fabriqu\u00e9e de mani\u00e8re \u00e0 vous offrir un rendement thermique sup\u00e9rieur. De plus, elle r\u00e9pond aux exigences Energy Star. Les fen\u00eatres GENTEK sont fabriqu\u00e9es sur mesure et sont soutenues par des d\u00e9cennies d\u2019expertise en fabrication de fen\u00eatres. Ing\u00e9nierie, innovation, tests rigoureux et contr\u00f4le strict, font parties int\u00e9grantes des normes et pratiques qui consiste en la conception efficace et sup\u00e9rieur d\u2019une fen\u00eatre \u00e0 la fine pointe de la technologie.<\/p>\n<p>\n                                               <img decoding=\"async\" src=\"http:\/\/tflinc.ca\/wp-content\/uploads\/2016\/09\/logo-gentek.png\" \/>\n                                           <\/p>\n<\/p><\/div>\n<\/section><\/div>\n<\/p><\/div>\n<div class=\"col-md-6 bg_mod-c table-cell\">\n<div class=\"col-md-8 col-md-offset-2\">\n<section class=\"section-default\">\n<h3 class=\"ui-title-block color-dark\">Regency<sup>TM<\/sup><\/h3>\n<div class=\"color-grey\">\n<p><strong>Fen\u00eatres \u00e0 haute performance<\/strong><\/p>\n<p>D&#8217;un style classique et d&#8217;une durabilit\u00e9 supr\u00eame, les fen\u00eatres de remplacement en vinyle Regency sont d&#8217;une qualit\u00e9 sup\u00e9rieure. Elles embelliront votre demeure tout en r\u00e9duisant vos co\u00fbts \u00e9nerg\u00e9tiques annuels. Fabriqu\u00e9s avec des extrusions en vinyle de qualit\u00e9 sup\u00e9rieure, le ch\u00e2ssis dot\u00e9 de mousse et le cadre principal, offrent une protection thermique incroyable et un confort tout au long de l&#8217;ann\u00e9e, tout en \u00e9tant tr\u00e8s attrayants.<\/p>\n<p>                                           <a href=\"https:\/\/tflinc.ca\/wp-content\/uploads\/2022\/03\/RegencyWin_CAf_broch.pdf\" target=\"_blank\" style=\"margin-bottom:55px\" class=\"btn btn-primary btn-effect form-div-btn\" rel=\"noopener\">Voir la brochure<\/a><\/p>\n<p><strong>S\u00e9rie 4000<\/strong><\/p>\n<p>Nec plus Ultra technologique, la s\u00e9rie 400 se d\u00e9marque par un souci du d\u00e9tail sup\u00e9rieure et une \u00e9l\u00e9gance raffin\u00e9e, en plus de vous offrir une efficacit\u00e9 \u00e9nerg\u00e9tique accrue. La s\u00e9rie 4000 sera \u00e0 la hauteur de vos attentes les plus \u00e9lev\u00e9es.<\/p>\n<p>                                           <a href=\"https:\/\/tflinc.ca\/wp-content\/uploads\/2026\/04\/Gentek-Window-Collection-Window-Brochure-ENG.pdf\" target=\"_blank\" class=\"btn btn-primary btn-effect form-div-btn\" rel=\"noopener\">Voir la brochure<\/a>\n                                       <\/div>\n<\/section><\/div>\n<\/p><\/div>\n<\/p><\/div>\n<\/p><\/div>\n<\/p><\/div>\n<\/p><\/div>\n<\/p><\/div>\n<\/section>\n<\/div>\n<div data-section=\"gallery\/1.html\">\n<div class=\"section-area mosaic\">\n<div class=\"container\">\n<div class=\"row scrollr bg-light\">\n<div class=\"col-sm-12\">\n<div class=\"row\">\n<div class=\"col-sm-3\">\n                           <a class=\"mosaic__img bg bg_mod-a prettyPhoto\" href=\"http:\/\/tflinc.ca\/wp-content\/uploads\/2016\/09\/galerie-fenetre-neuve-01.jpg\"><br \/>\n                               <img decoding=\"async\" src=\"http:\/\/tflinc.ca\/wp-content\/uploads\/2017\/01\/carre-fenetre-neuve-01.jpg\" alt=\"Fen\u00eatre neuve\"><br \/>\n                           <\/a>\n                       <\/div>\n<div class=\"col-sm-3\">\n                           <a class=\"mosaic__img bg bg_mod-a prettyPhoto\" href=\"http:\/\/tflinc.ca\/wp-content\/uploads\/2016\/09\/galerie-fenetre-neuve-02.jpg\"><br \/>\n                               <img decoding=\"async\" src=\"http:\/\/tflinc.ca\/wp-content\/uploads\/2017\/01\/carre-fenetre-neuve-02.jpg\" alt=\"Fen\u00eatre neuve\"><br \/>\n                           <\/a>\n                       <\/div>\n<div class=\"col-sm-3\">\n                           <a class=\"mosaic__img bg bg_mod-a prettyPhoto\" href=\"http:\/\/tflinc.ca\/wp-content\/uploads\/2016\/09\/galerie-fenetre-neuve-03.jpg\"><br \/>\n                               <img decoding=\"async\" src=\"http:\/\/tflinc.ca\/wp-content\/uploads\/2016\/09\/carre-fenetre-neuve-03.jpg\" alt=\"Fen\u00eatre neuve\"><br \/>\n                           <\/a>\n                       <\/div>\n<div class=\"col-sm-3\">\n                           <a class=\"mosaic__img bg bg_mod-a prettyPhoto\" href=\"http:\/\/tflinc.ca\/wp-content\/uploads\/2016\/09\/galerie-fenetre-neuve-04.jpg\"><br \/>\n                               <img decoding=\"async\" src=\"http:\/\/tflinc.ca\/wp-content\/uploads\/2016\/09\/carre-fenetre-neuve-04.jpg\" alt=\"Fen\u00eatre neuve\"><br \/>\n                           <\/a>\n                       <\/div>\n<\/p><\/div>\n<div class=\"row\">\n<div class=\"col-sm-3\">\n                           <a class=\"mosaic__img bg bg_mod-a prettyPhoto\" href=\"http:\/\/tflinc.ca\/wp-content\/uploads\/2016\/09\/galerie-fenetre-neuve-05.jpg\"><br \/>\n                               <img decoding=\"async\" src=\"http:\/\/tflinc.ca\/wp-content\/uploads\/2016\/09\/carre-fenetre-neuve-05.jpg\" alt=\"Fen\u00eatre neuve\"><br \/>\n                           <\/a>\n                       <\/div>\n<div class=\"col-sm-3\">\n                           <a class=\"mosaic__img bg bg_mod-a prettyPhoto\" href=\"http:\/\/tflinc.ca\/wp-content\/uploads\/2016\/09\/galerie-fenetre-neuve-06.jpg\"><br \/>\n                               <img decoding=\"async\" src=\"http:\/\/tflinc.ca\/wp-content\/uploads\/2016\/09\/carre-fenetre-neuve-06.jpg\" alt=\"Fen\u00eatre neuve\"><br \/>\n                           <\/a>\n                       <\/div>\n<div class=\"col-sm-3\">\n                           <a class=\"mosaic__img bg bg_mod-a prettyPhoto\" href=\"http:\/\/tflinc.ca\/wp-content\/uploads\/2016\/09\/galerie-fenetre-neuve-07.jpg\"><br \/>\n                               <img decoding=\"async\" src=\"http:\/\/tflinc.ca\/wp-content\/uploads\/2017\/01\/carre-fenetre-neuve-07.jpg\" alt=\"Fen\u00eatre neuve\"><br \/>\n                           <\/a>\n                       <\/div>\n<div class=\"col-sm-3\">\n                           <a class=\"mosaic__img bg bg_mod-a prettyPhoto\" href=\"http:\/\/tflinc.ca\/wp-content\/uploads\/2016\/09\/galerie-fenetre-neuve-08.jpg\"><br \/>\n                               <img decoding=\"async\" src=\"http:\/\/tflinc.ca\/wp-content\/uploads\/2017\/01\/carre-fenetre-neuve-08.jpg\" alt=\"Fen\u00eatre neuve\"><br \/>\n                           <\/a>\n                       <\/div>\n<\/p><\/div>\n<div class=\"row\">\n<div class=\"col-sm-3\">\n                           <a class=\"mosaic__img bg bg_mod-a prettyPhoto\" href=\"http:\/\/tflinc.ca\/wp-content\/uploads\/2016\/09\/galerie-fenetre-neuve-09.jpg\"><br \/>\n                               <img decoding=\"async\" src=\"http:\/\/tflinc.ca\/wp-content\/uploads\/2016\/09\/carre-fenetre-neuve-09.jpg\" alt=\"Fen\u00eatre neuve\"><br \/>\n                           <\/a>\n                       <\/div>\n<div class=\"col-sm-3\">\n                           <a class=\"mosaic__img bg bg_mod-a prettyPhoto\" href=\"http:\/\/tflinc.ca\/wp-content\/uploads\/2016\/09\/galerie-fenetre-neuve-11.jpg\"><br \/>\n                               <img decoding=\"async\" src=\"http:\/\/tflinc.ca\/wp-content\/uploads\/2016\/09\/carre-fenetre-neuve-11.jpg\" alt=\"Fen\u00eatre neuve\"><br \/>\n                           <\/a>\n                       <\/div>\n<div class=\"col-sm-3\">\n                           <a class=\"mosaic__img bg bg_mod-a prettyPhoto\" href=\"http:\/\/tflinc.ca\/wp-content\/uploads\/2016\/09\/galerie-fenetre-neuve-10.jpg\"><br \/>\n                               <img decoding=\"async\" src=\"http:\/\/tflinc.ca\/wp-content\/uploads\/2016\/09\/carre-fenetre-neuve-10.jpg\" alt=\"Fen\u00eatre neuve\"><br \/>\n                           <\/a>\n                       <\/div>\n<div class=\"col-sm-3\">\n                           <a class=\"mosaic__img bg bg_mod-a prettyPhoto\" href=\"http:\/\/tflinc.ca\/wp-content\/uploads\/2016\/09\/galerie-fenetre-neuve-12.jpg\"><br \/>\n                               <img decoding=\"async\" src=\"http:\/\/tflinc.ca\/wp-content\/uploads\/2016\/09\/carre-fenetre-neuve-12.jpg\" alt=\"Fen\u00eatre neuve\"><br \/>\n                           <\/a>\n                       <\/div>\n<\/p><\/div>\n<\/p><\/div>\n<\/p><\/div>\n<\/p><\/div>\n<\/p><\/div>\n<\/div>\n<div data-section=\"form\/3.html\">\n<div class=\"container\">\n<div class=\"bg_mod-d\">\n<div class=\"row\">\n<div class=\"col-md-6\">\n<section id=\"estimation-gratuite\" class=\"section-default block-padd-14\">\n<h2 class=\"ui-title-block_w-border\">Estimation gratuite pour vos fen\u00eatres neuves<\/h2>\n<\/p>\n<p>                       \n<div class=\"wpcf7 no-js\" id=\"wpcf7-f456-o1\" lang=\"fr-FR\" dir=\"ltr\" data-wpcf7-id=\"456\">\n<div class=\"screen-reader-response\"><p role=\"status\" aria-live=\"polite\" aria-atomic=\"true\"><\/p> <ul><\/ul><\/div>\n<form action=\"\/index.php\/wp-json\/wp\/v2\/pages\/241#wpcf7-f456-o1\" method=\"post\" class=\"wpcf7-form init\" aria-label=\"Formulaire de contact\" novalidate=\"novalidate\" data-status=\"init\">\n<fieldset class=\"hidden-fields-container\"><input type=\"hidden\" name=\"_wpcf7\" value=\"456\" \/><input type=\"hidden\" name=\"_wpcf7_version\" value=\"6.1.5\" \/><input type=\"hidden\" name=\"_wpcf7_locale\" value=\"fr_FR\" \/><input type=\"hidden\" name=\"_wpcf7_unit_tag\" value=\"wpcf7-f456-o1\" \/><input type=\"hidden\" name=\"_wpcf7_container_post\" value=\"0\" \/><input type=\"hidden\" name=\"_wpcf7_posted_data_hash\" value=\"\" \/><input type=\"hidden\" name=\"_wpcf7dtx_version\" value=\"5.0.5\" \/><input type=\"hidden\" name=\"_wpcf7_recaptcha_response\" value=\"\" \/>\n<\/fieldset>\n<div class=\"input-with-icon\">\n\t<p><i class=\"wp-svg-users-2 users-2\"><\/i><span class=\"wpcf7-form-control-wrap\" data-name=\"nom\"><input size=\"40\" maxlength=\"400\" class=\"wpcf7-form-control wpcf7-text wpcf7-validates-as-required form-accueil-2\" aria-required=\"true\" aria-invalid=\"false\" placeholder=\"Nom *\" value=\"\" type=\"text\" name=\"nom\" \/><\/span>\n\t<\/p>\n<\/div>\n<div class=\"input-with-icon\">\n\t<p><i class=\"wp-svg-mail-2 mail-2\"><\/i><span class=\"wpcf7-form-control-wrap\" data-name=\"courriel\"><input size=\"40\" maxlength=\"400\" class=\"wpcf7-form-control wpcf7-email wpcf7-validates-as-required wpcf7-text wpcf7-validates-as-email form-accueil-2\" aria-required=\"true\" aria-invalid=\"false\" placeholder=\"Courriel *\" value=\"\" type=\"email\" name=\"courriel\" \/><\/span>\n\t<\/p>\n<\/div>\n<div class=\"input-with-icon\">\n\t<p><i class=\"wp-svg-phone phone\"><\/i><span class=\"wpcf7-form-control-wrap\" data-name=\"tel\"><input size=\"40\" maxlength=\"400\" class=\"wpcf7-form-control wpcf7-tel wpcf7-text wpcf7-validates-as-tel form-accueil-2\" aria-invalid=\"false\" placeholder=\"T\u00e9l\u00e9phone\" value=\"\" type=\"tel\" name=\"tel\" \/><\/span>\n\t<\/p>\n<\/div>\n<p>\n\t<center><input class=\"wpcf7-form-control wpcf7-submit has-spinner btn btn-primary btn-effect form-div-btn\" type=\"submit\" value=\"ENVOYER\" \/>\n\t<\/center>\n<\/p><div class=\"wpcf7-response-output\" aria-hidden=\"true\"><\/div>\n<\/form>\n<\/div>\n<br \/>\n                   <\/section>\n<\/p><\/div>\n<div class=\"col-md-6\">\n<div class=\"wrap-text\">\n                       <img decoding=\"async\" src=\"https:\/\/tflinc.ca\/wp-content\/themes\/prometheus\/prometheus\/azh\/prometheus\/assets\/media\/content\/840x840\/3.jpg\" alt=\"foto\" class=\"img-full\">\n                   <\/div>\n<\/p><\/div>\n<\/p><\/div>\n<\/p><\/div>\n<\/p><\/div>\n<\/div>\n","protected":false},"excerpt":{"rendered":"<p>Fen\u00eatres en PVC Fen\u00eatres neuves coulissantes Nos \u00e9l\u00e9gantes fen\u00eatres coulissantes m\u00e9langent de belles lignes \u00e9pur\u00e9es et une fabrication solide pour une utilisation quotidienne. Les ch\u00e2ssis \u00e9lanc\u00e9s glissent horizontalement pour \u00eatre ouverts et ferm\u00e9s sans effort. Ils se soul\u00e8vent \u00e9galement, en facilitant le nettoyage. Estimation gratuite Fen\u00eatres neuves \u00e0 battant Lorsque vous consid\u00e9rez les fen\u00eatres comme [&hellip;]<\/p>\n","protected":false},"author":1,"featured_media":553,"parent":0,"menu_order":0,"comment_status":"closed","ping_status":"closed","template":"page-templates\/without-container.php","meta":{"_custom_body_class":"azh","_custom_post_class":"","footnotes":""},"class_list":["post-241","page","type-page","status-publish","has-post-thumbnail","hentry"],"yoast_head":"<!-- This site is optimized with the Yoast SEO plugin v27.3 - https:\/\/yoast.com\/product\/yoast-seo-wordpress\/ -->\n<title>Fen\u00eatres Neuves PVC \u2013 Installation \u2013 Vente \u2013 Laval \u2013 TFL Inc.<\/title>\n<meta name=\"description\" content=\"Notre gamme de fen\u00eatres neuves en PVC que Traitement des Fen\u00eatres Laval vous proposent est bas\u00e9e sur un savoir-faire et un engagement face \u00e0 la qualit\u00e9 et \u00e0 l\u2019innovation.\" \/>\n<meta name=\"robots\" content=\"index, follow, max-snippet:-1, max-image-preview:large, max-video-preview:-1\" \/>\n<link rel=\"canonical\" href=\"https:\/\/tflinc.ca\/index.php\/fenetres-neuves-pvc\/\" \/>\n<meta property=\"og:locale\" content=\"fr_FR\" \/>\n<meta property=\"og:type\" content=\"article\" \/>\n<meta property=\"og:title\" content=\"Fen\u00eatres Neuves PVC \u2013 Installation \u2013 Vente \u2013 Laval \u2013 TFL Inc.\" \/>\n<meta property=\"og:description\" content=\"Notre gamme de fen\u00eatres neuves en PVC que Traitement des Fen\u00eatres Laval vous proposent est bas\u00e9e sur un savoir-faire et un engagement face \u00e0 la qualit\u00e9 et \u00e0 l\u2019innovation.\" \/>\n<meta property=\"og:url\" content=\"https:\/\/tflinc.ca\/index.php\/fenetres-neuves-pvc\/\" \/>\n<meta property=\"og:site_name\" content=\"Traitement Fen\u00eatres Laval\" \/>\n<meta property=\"article:modified_time\" content=\"2026-04-01T15:07:56+00:00\" \/>\n<meta property=\"og:image\" content=\"https:\/\/tflinc.ca\/wp-content\/uploads\/2016\/09\/fenetre-neuve-03.jpg\" \/>\n\t<meta property=\"og:image:width\" content=\"1920\" \/>\n\t<meta property=\"og:image:height\" content=\"1280\" \/>\n\t<meta property=\"og:image:type\" content=\"image\/jpeg\" \/>\n<meta name=\"twitter:card\" content=\"summary_large_image\" \/>\n<meta name=\"twitter:label1\" content=\"Dur\u00e9e de lecture estim\u00e9e\" \/>\n\t<meta name=\"twitter:data1\" content=\"5 minutes\" \/>\n<script type=\"application\/ld+json\" class=\"yoast-schema-graph\">{\"@context\":\"https:\\\/\\\/schema.org\",\"@graph\":[{\"@type\":\"WebPage\",\"@id\":\"https:\\\/\\\/tflinc.ca\\\/index.php\\\/fenetres-neuves-pvc\\\/\",\"url\":\"https:\\\/\\\/tflinc.ca\\\/index.php\\\/fenetres-neuves-pvc\\\/\",\"name\":\"Fen\u00eatres Neuves PVC \u2013 Installation \u2013 Vente \u2013 Laval \u2013 TFL Inc.\",\"isPartOf\":{\"@id\":\"https:\\\/\\\/tflinc.ca\\\/#website\"},\"primaryImageOfPage\":{\"@id\":\"https:\\\/\\\/tflinc.ca\\\/index.php\\\/fenetres-neuves-pvc\\\/#primaryimage\"},\"image\":{\"@id\":\"https:\\\/\\\/tflinc.ca\\\/index.php\\\/fenetres-neuves-pvc\\\/#primaryimage\"},\"thumbnailUrl\":\"https:\\\/\\\/tflinc.ca\\\/wp-content\\\/uploads\\\/2016\\\/09\\\/fenetre-neuve-03.jpg\",\"datePublished\":\"2016-09-29T15:37:04+00:00\",\"dateModified\":\"2026-04-01T15:07:56+00:00\",\"description\":\"Notre gamme de fen\u00eatres neuves en PVC que Traitement des Fen\u00eatres Laval vous proposent est bas\u00e9e sur un savoir-faire et un engagement face \u00e0 la qualit\u00e9 et \u00e0 l\u2019innovation.\",\"breadcrumb\":{\"@id\":\"https:\\\/\\\/tflinc.ca\\\/index.php\\\/fenetres-neuves-pvc\\\/#breadcrumb\"},\"inLanguage\":\"fr-FR\",\"potentialAction\":[{\"@type\":\"ReadAction\",\"target\":[\"https:\\\/\\\/tflinc.ca\\\/index.php\\\/fenetres-neuves-pvc\\\/\"]}]},{\"@type\":\"ImageObject\",\"inLanguage\":\"fr-FR\",\"@id\":\"https:\\\/\\\/tflinc.ca\\\/index.php\\\/fenetres-neuves-pvc\\\/#primaryimage\",\"url\":\"https:\\\/\\\/tflinc.ca\\\/wp-content\\\/uploads\\\/2016\\\/09\\\/fenetre-neuve-03.jpg\",\"contentUrl\":\"https:\\\/\\\/tflinc.ca\\\/wp-content\\\/uploads\\\/2016\\\/09\\\/fenetre-neuve-03.jpg\",\"width\":1920,\"height\":1280},{\"@type\":\"BreadcrumbList\",\"@id\":\"https:\\\/\\\/tflinc.ca\\\/index.php\\\/fenetres-neuves-pvc\\\/#breadcrumb\",\"itemListElement\":[{\"@type\":\"ListItem\",\"position\":1,\"name\":\"Accueil\",\"item\":\"https:\\\/\\\/tflinc.ca\\\/\"},{\"@type\":\"ListItem\",\"position\":2,\"name\":\"Fen\u00eatres neuves en PVC\"}]},{\"@type\":\"WebSite\",\"@id\":\"https:\\\/\\\/tflinc.ca\\\/#website\",\"url\":\"https:\\\/\\\/tflinc.ca\\\/\",\"name\":\"Traitement Fen\u00eatres Laval\",\"description\":\"\",\"potentialAction\":[{\"@type\":\"SearchAction\",\"target\":{\"@type\":\"EntryPoint\",\"urlTemplate\":\"https:\\\/\\\/tflinc.ca\\\/?s={search_term_string}\"},\"query-input\":{\"@type\":\"PropertyValueSpecification\",\"valueRequired\":true,\"valueName\":\"search_term_string\"}}],\"inLanguage\":\"fr-FR\"}]}<\/script>\n<!-- \/ Yoast SEO plugin. -->","yoast_head_json":{"title":"Fen\u00eatres Neuves PVC \u2013 Installation \u2013 Vente \u2013 Laval \u2013 TFL Inc.","description":"Notre gamme de fen\u00eatres neuves en PVC que Traitement des Fen\u00eatres Laval vous proposent est bas\u00e9e sur un savoir-faire et un engagement face \u00e0 la qualit\u00e9 et \u00e0 l\u2019innovation.","robots":{"index":"index","follow":"follow","max-snippet":"max-snippet:-1","max-image-preview":"max-image-preview:large","max-video-preview":"max-video-preview:-1"},"canonical":"https:\/\/tflinc.ca\/index.php\/fenetres-neuves-pvc\/","og_locale":"fr_FR","og_type":"article","og_title":"Fen\u00eatres Neuves PVC \u2013 Installation \u2013 Vente \u2013 Laval \u2013 TFL Inc.","og_description":"Notre gamme de fen\u00eatres neuves en PVC que Traitement des Fen\u00eatres Laval vous proposent est bas\u00e9e sur un savoir-faire et un engagement face \u00e0 la qualit\u00e9 et \u00e0 l\u2019innovation.","og_url":"https:\/\/tflinc.ca\/index.php\/fenetres-neuves-pvc\/","og_site_name":"Traitement Fen\u00eatres Laval","article_modified_time":"2026-04-01T15:07:56+00:00","og_image":[{"width":1920,"height":1280,"url":"https:\/\/tflinc.ca\/wp-content\/uploads\/2016\/09\/fenetre-neuve-03.jpg","type":"image\/jpeg"}],"twitter_card":"summary_large_image","twitter_misc":{"Dur\u00e9e de lecture estim\u00e9e":"5 minutes"},"schema":{"@context":"https:\/\/schema.org","@graph":[{"@type":"WebPage","@id":"https:\/\/tflinc.ca\/index.php\/fenetres-neuves-pvc\/","url":"https:\/\/tflinc.ca\/index.php\/fenetres-neuves-pvc\/","name":"Fen\u00eatres Neuves PVC \u2013 Installation \u2013 Vente \u2013 Laval \u2013 TFL Inc.","isPartOf":{"@id":"https:\/\/tflinc.ca\/#website"},"primaryImageOfPage":{"@id":"https:\/\/tflinc.ca\/index.php\/fenetres-neuves-pvc\/#primaryimage"},"image":{"@id":"https:\/\/tflinc.ca\/index.php\/fenetres-neuves-pvc\/#primaryimage"},"thumbnailUrl":"https:\/\/tflinc.ca\/wp-content\/uploads\/2016\/09\/fenetre-neuve-03.jpg","datePublished":"2016-09-29T15:37:04+00:00","dateModified":"2026-04-01T15:07:56+00:00","description":"Notre gamme de fen\u00eatres neuves en PVC que Traitement des Fen\u00eatres Laval vous proposent est bas\u00e9e sur un savoir-faire et un engagement face \u00e0 la qualit\u00e9 et \u00e0 l\u2019innovation.","breadcrumb":{"@id":"https:\/\/tflinc.ca\/index.php\/fenetres-neuves-pvc\/#breadcrumb"},"inLanguage":"fr-FR","potentialAction":[{"@type":"ReadAction","target":["https:\/\/tflinc.ca\/index.php\/fenetres-neuves-pvc\/"]}]},{"@type":"ImageObject","inLanguage":"fr-FR","@id":"https:\/\/tflinc.ca\/index.php\/fenetres-neuves-pvc\/#primaryimage","url":"https:\/\/tflinc.ca\/wp-content\/uploads\/2016\/09\/fenetre-neuve-03.jpg","contentUrl":"https:\/\/tflinc.ca\/wp-content\/uploads\/2016\/09\/fenetre-neuve-03.jpg","width":1920,"height":1280},{"@type":"BreadcrumbList","@id":"https:\/\/tflinc.ca\/index.php\/fenetres-neuves-pvc\/#breadcrumb","itemListElement":[{"@type":"ListItem","position":1,"name":"Accueil","item":"https:\/\/tflinc.ca\/"},{"@type":"ListItem","position":2,"name":"Fen\u00eatres neuves en PVC"}]},{"@type":"WebSite","@id":"https:\/\/tflinc.ca\/#website","url":"https:\/\/tflinc.ca\/","name":"Traitement Fen\u00eatres Laval","description":"","potentialAction":[{"@type":"SearchAction","target":{"@type":"EntryPoint","urlTemplate":"https:\/\/tflinc.ca\/?s={search_term_string}"},"query-input":{"@type":"PropertyValueSpecification","valueRequired":true,"valueName":"search_term_string"}}],"inLanguage":"fr-FR"}]}},"_links":{"self":[{"href":"https:\/\/tflinc.ca\/index.php\/wp-json\/wp\/v2\/pages\/241","targetHints":{"allow":["GET"]}}],"collection":[{"href":"https:\/\/tflinc.ca\/index.php\/wp-json\/wp\/v2\/pages"}],"about":[{"href":"https:\/\/tflinc.ca\/index.php\/wp-json\/wp\/v2\/types\/page"}],"author":[{"embeddable":true,"href":"https:\/\/tflinc.ca\/index.php\/wp-json\/wp\/v2\/users\/1"}],"replies":[{"embeddable":true,"href":"https:\/\/tflinc.ca\/index.php\/wp-json\/wp\/v2\/comments?post=241"}],"version-history":[{"count":43,"href":"https:\/\/tflinc.ca\/index.php\/wp-json\/wp\/v2\/pages\/241\/revisions"}],"predecessor-version":[{"id":4528,"href":"https:\/\/tflinc.ca\/index.php\/wp-json\/wp\/v2\/pages\/241\/revisions\/4528"}],"wp:featuredmedia":[{"embeddable":true,"href":"https:\/\/tflinc.ca\/index.php\/wp-json\/wp\/v2\/media\/553"}],"wp:attachment":[{"href":"https:\/\/tflinc.ca\/index.php\/wp-json\/wp\/v2\/media?parent=241"}],"curies":[{"name":"wp","href":"https:\/\/api.w.org\/{rel}","templated":true}]}}