{"id":214,"date":"2016-09-29T17:12:31","date_gmt":"2016-09-29T15:12:31","guid":{"rendered":"http:\/\/tflinc.ca\/?page_id=214"},"modified":"2017-02-21T19:47:57","modified_gmt":"2017-02-21T18:47:57","slug":"calfeutrage-de-fenetres","status":"publish","type":"page","link":"https:\/\/tflinc.ca\/index.php\/calfeutrage-de-fenetres\/","title":{"rendered":"Calfeutrage de fen\u00eatres"},"content":{"rendered":"<div data-section=\"text\/2.html\">\n<section class=\"section-area\">\n<div class=\"container\">\n<div class=\"row scrollr\">\n<div class=\"col-xs-12\">\n<h2 class=\"title-btn ui-title-block\">\n                       <a href=\"#MCXkW\" class=\"title-btn__inner js-scroll\">Calfeutrage de fen\u00eatres<\/a><br \/>\n                       <button type=\"button\" data-toggle=\"collapse\" data-target=\"#MCXkW\" class=\"title-btn__btn\"><br \/>\n                           <span class=\"icon fa fa-caret-down\"><\/span><br \/>\n                       <\/button><br \/>\n                   <\/h2>\n<div id=\"MCXkW\" class=\"container collapse in\">\n<div class=\"table-row\">\n<div class=\"col-md-6 bg-light table-cell\">\n<div class=\"col-md-8 col-md-offset-2\">\n<section class=\"section-default\">\n<h3 class=\"ui-title-block color-dark\">Calfeutrage professionnel<\/h3>\n<div class=\"color-grey\">\n<p>Si la pluie peut s&#8217;infiltrer, il va sans dire que la structure de votre maison peut en souffrir. M\u00eame une infiltration d&#8217;air cause de la condensation, qui avec le temps, va faire moisir le bois du cadre de vos fen\u00eatres.<\/p>\n<p>Un calfeutrage professionnel est important, car c&#8217;est une des composantes essentielles d&#8217;une bonne isolation thermique. L&#8217;hiver, la condensation sous le point de cong\u00e9lation va devenir de la glace, et cela a pour effet de refroidir votre porte et vos fen\u00eatres. Naturellement, l&#8217;air froid qui entre va augmenter vos frais pour le chauffage. Traitement des fen\u00eatres Laval peut vous offrir cette expertise \u00e0 un cout tr\u00e8s abordable.<\/p>\n<\/p><\/div>\n<\/section><\/div>\n<\/p><\/div>\n<div class=\"col-md-6 bg_mod-c table-cell\">\n<div class=\"col-md-8 col-md-offset-2\">\n<section class=\"section-default\">\n<h3 class=\"ui-title-block color-dark\">Probl\u00e8mes des calfeutrages fissur\u00e9s<\/h3>\n<div class=\"color-grey\">\n<p>Les calfeutrages fissur\u00e9s sont en majeure partie, la premi\u00e8re cause de d\u00e9t\u00e9rioration de vos cadres de portes et de fen\u00eatres, car ils contribuent au d\u00e9c\u00e8lement de vos vitres thermos et provoquent souvent des probl\u00e8mes de pourriture de charpente et de moisissure dans l&#8217;air ambiant int\u00e9rieur.<\/p>\n<p>Un calfeutrage fissur\u00e9 contribue aussi \u00e0 augmenter les frais de chauffage de la maison, c\u2019est d\u2019ailleurs pour cette raison que nous utilisons les meilleurs produits de calfeutrage de grade professionnel. Corriger le probl\u00e8me \u00e0 la source est assur\u00e9ment un moyen efficace de couper vos factures d&#8217;\u00e9nergie. De plus, votre investissement est souvent rentabilis\u00e9 d\u00e8s la premi\u00e8re ann\u00e9e.<\/p>\n<\/p><\/div>\n<\/section><\/div>\n<\/p><\/div>\n<\/p><\/div>\n<\/p><\/div>\n<\/p><\/div>\n<\/p><\/div>\n<\/p><\/div>\n<\/section>\n<\/div>\n<div data-section=\"text\/1.html\">\n<div class=\"container\">\n<section class=\"section_mod-b block-2-col bg-light\">\n<div class=\"row scrollr\">\n<div class=\"col-xs-12\">\n               <\/div>\n<div class=\"col-md-8 col-md-offset-2 col-sm-10 col-sm-offset-1\">\n<div class=\"block-2-col__inner\">\n                       <iframe height=\"315\" style=\"width:100%;\" src=\"https:\/\/www.youtube.com\/embed\/aWG1dgLjM5c\" frameborder=\"0\" allowfullscreen><\/iframe>\n                   <\/div>\n<div class=\"block-2-col__inner\">\n<h3 class=\"ui-title-block color-dark\">Autre services offerts avec le calfeutrage des fen\u00eatres<\/h3>\n<ul>\n<li>Remplacement de (vitres) thermos bu\u00e9es ou cass\u00e9e par un monteur m\u00e9canicien vitrier<\/li>\n<li>Remplacement de bois d\u00e9t\u00e9rior\u00e9 et abim\u00e9<\/li>\n<li>Changement des manivelles et m\u00e9canismes d\u00e9fectueux, remplacement de coupe-froids<\/li>\n<li>Rev\u00eatement ext\u00e9rieur ; Aluminium, Canexel, Acier<\/li>\n<\/ul>\n<p>Nous pouvons \u00e9galement vous offrir une teinture \/ vernis sp\u00e9cialis\u00e9 pour ext\u00e9rieur, sur votre fenestration.<\/p>\n<\/p><\/div>\n<\/p><\/div>\n<\/p><\/div>\n<\/section><\/div>\n<\/div>\n<div data-section=\"form\/3.html\">\n<div class=\"container\">\n<div class=\"bg_mod-d\">\n<div class=\"row\">\n<div class=\"col-md-6\">\n<section id=\"b8V8w\" class=\"section-default block-padd-14\">\n<h2 class=\"ui-title-block_w-border\">Estimation gratuite pour le calfeutrage de vos fen\u00eatres<\/h2>\n<\/p>\n<p>                       \n<div class=\"wpcf7 no-js\" id=\"wpcf7-f463-o1\" lang=\"fr-FR\" dir=\"ltr\" data-wpcf7-id=\"463\">\n<div class=\"screen-reader-response\"><p role=\"status\" aria-live=\"polite\" aria-atomic=\"true\"><\/p> <ul><\/ul><\/div>\n<form action=\"\/index.php\/wp-json\/wp\/v2\/pages\/214#wpcf7-f463-o1\" method=\"post\" class=\"wpcf7-form init\" aria-label=\"Formulaire de contact\" novalidate=\"novalidate\" data-status=\"init\">\n<fieldset class=\"hidden-fields-container\"><input type=\"hidden\" name=\"_wpcf7\" value=\"463\" \/><input type=\"hidden\" name=\"_wpcf7_version\" value=\"6.1.5\" \/><input type=\"hidden\" name=\"_wpcf7_locale\" value=\"fr_FR\" \/><input type=\"hidden\" name=\"_wpcf7_unit_tag\" value=\"wpcf7-f463-o1\" \/><input type=\"hidden\" name=\"_wpcf7_container_post\" value=\"0\" \/><input type=\"hidden\" name=\"_wpcf7_posted_data_hash\" value=\"\" \/><input type=\"hidden\" name=\"_wpcf7dtx_version\" value=\"5.0.5\" \/><input type=\"hidden\" name=\"_wpcf7_recaptcha_response\" value=\"\" \/>\n<\/fieldset>\n<div class=\"input-with-icon\">\n\t<p><i class=\"wp-svg-users-2 users-2\"><\/i><span class=\"wpcf7-form-control-wrap\" data-name=\"nom\"><input size=\"40\" maxlength=\"400\" class=\"wpcf7-form-control wpcf7-text wpcf7-validates-as-required form-accueil-2\" aria-required=\"true\" aria-invalid=\"false\" placeholder=\"Nom *\" value=\"\" type=\"text\" name=\"nom\" \/><\/span>\n\t<\/p>\n<\/div>\n<div class=\"input-with-icon\">\n\t<p><i class=\"wp-svg-mail-2 mail-2\"><\/i><span class=\"wpcf7-form-control-wrap\" data-name=\"courriel\"><input size=\"40\" maxlength=\"400\" class=\"wpcf7-form-control wpcf7-email wpcf7-validates-as-required wpcf7-text wpcf7-validates-as-email form-accueil-2\" aria-required=\"true\" aria-invalid=\"false\" placeholder=\"Courriel *\" value=\"\" type=\"email\" name=\"courriel\" \/><\/span>\n\t<\/p>\n<\/div>\n<div class=\"input-with-icon\">\n\t<p><i class=\"wp-svg-phone phone\"><\/i><span class=\"wpcf7-form-control-wrap\" data-name=\"tel\"><input size=\"40\" maxlength=\"400\" class=\"wpcf7-form-control wpcf7-tel wpcf7-text wpcf7-validates-as-tel form-accueil-2\" aria-invalid=\"false\" placeholder=\"T\u00e9l\u00e9phone\" value=\"\" type=\"tel\" name=\"tel\" \/><\/span>\n\t<\/p>\n<\/div>\n<p>\n\t<center><input class=\"wpcf7-form-control wpcf7-submit has-spinner btn btn-primary btn-effect form-div-btn\" type=\"submit\" value=\"ENVOYER\" \/>\n\t<\/center>\n<\/p><div class=\"wpcf7-response-output\" aria-hidden=\"true\"><\/div>\n<\/form>\n<\/div>\n<br \/>\n                   <\/section>\n<\/p><\/div>\n<div class=\"col-md-6\">\n<div class=\"wrap-text\">\n                       <img decoding=\"async\" src=\"https:\/\/tflinc.ca\/wp-content\/themes\/prometheus\/prometheus\/azh\/prometheus\/assets\/media\/content\/840x840\/3.jpg\" alt=\"foto\" class=\"img-full\">\n                   <\/div>\n<\/p><\/div>\n<\/p><\/div>\n<\/p><\/div>\n<\/p><\/div>\n<\/div>\n","protected":false},"excerpt":{"rendered":"<p>Calfeutrage de fen\u00eatres Calfeutrage professionnel Si la pluie peut s&#8217;infiltrer, il va sans dire que la structure de votre maison peut en souffrir. M\u00eame une infiltration d&#8217;air cause de la condensation, qui avec le temps, va faire moisir le bois du cadre de vos fen\u00eatres. Un calfeutrage professionnel est important, car c&#8217;est une des composantes [&hellip;]<\/p>\n","protected":false},"author":1,"featured_media":753,"parent":0,"menu_order":0,"comment_status":"closed","ping_status":"closed","template":"page-templates\/without-container.php","meta":{"_custom_body_class":"azh","_custom_post_class":"","footnotes":""},"class_list":["post-214","page","type-page","status-publish","has-post-thumbnail","hentry"],"yoast_head":"<!-- This site is optimized with the Yoast SEO plugin v27.3 - https:\/\/yoast.com\/product\/yoast-seo-wordpress\/ -->\n<title>Calfeutrage de Fen\u00eatres - Traitement Fen\u00eatres Laval<\/title>\n<meta name=\"description\" content=\"Traitement des fen\u00eatres Laval peut vous offrir le calfeutrage de vos fen\u00eatres \u00e0 un cout tr\u00e8s abordable par une \u00e9quipe experte..\" \/>\n<meta name=\"robots\" content=\"index, follow, max-snippet:-1, max-image-preview:large, max-video-preview:-1\" \/>\n<link rel=\"canonical\" href=\"https:\/\/tflinc.ca\/index.php\/calfeutrage-de-fenetres\/\" \/>\n<meta property=\"og:locale\" content=\"fr_FR\" \/>\n<meta property=\"og:type\" content=\"article\" \/>\n<meta property=\"og:title\" content=\"Calfeutrage de Fen\u00eatres - Traitement Fen\u00eatres Laval\" \/>\n<meta property=\"og:description\" content=\"Traitement des fen\u00eatres Laval peut vous offrir le calfeutrage de vos fen\u00eatres \u00e0 un cout tr\u00e8s abordable par une \u00e9quipe experte..\" \/>\n<meta property=\"og:url\" content=\"https:\/\/tflinc.ca\/index.php\/calfeutrage-de-fenetres\/\" \/>\n<meta property=\"og:site_name\" content=\"Traitement Fen\u00eatres Laval\" \/>\n<meta property=\"article:modified_time\" content=\"2017-02-21T18:47:57+00:00\" \/>\n<meta property=\"og:image\" content=\"https:\/\/tflinc.ca\/wp-content\/uploads\/2016\/09\/calfeutrage-slide.jpg\" \/>\n\t<meta property=\"og:image:width\" content=\"1920\" \/>\n\t<meta property=\"og:image:height\" content=\"1282\" \/>\n\t<meta property=\"og:image:type\" content=\"image\/jpeg\" \/>\n<meta name=\"twitter:card\" content=\"summary_large_image\" \/>\n<meta name=\"twitter:label1\" content=\"Dur\u00e9e de lecture estim\u00e9e\" \/>\n\t<meta name=\"twitter:data1\" content=\"2 minutes\" \/>\n<script type=\"application\/ld+json\" class=\"yoast-schema-graph\">{\"@context\":\"https:\\\/\\\/schema.org\",\"@graph\":[{\"@type\":\"WebPage\",\"@id\":\"https:\\\/\\\/tflinc.ca\\\/index.php\\\/calfeutrage-de-fenetres\\\/\",\"url\":\"https:\\\/\\\/tflinc.ca\\\/index.php\\\/calfeutrage-de-fenetres\\\/\",\"name\":\"Calfeutrage de Fen\u00eatres - Traitement Fen\u00eatres Laval\",\"isPartOf\":{\"@id\":\"https:\\\/\\\/tflinc.ca\\\/#website\"},\"primaryImageOfPage\":{\"@id\":\"https:\\\/\\\/tflinc.ca\\\/index.php\\\/calfeutrage-de-fenetres\\\/#primaryimage\"},\"image\":{\"@id\":\"https:\\\/\\\/tflinc.ca\\\/index.php\\\/calfeutrage-de-fenetres\\\/#primaryimage\"},\"thumbnailUrl\":\"https:\\\/\\\/tflinc.ca\\\/wp-content\\\/uploads\\\/2016\\\/09\\\/calfeutrage-slide.jpg\",\"datePublished\":\"2016-09-29T15:12:31+00:00\",\"dateModified\":\"2017-02-21T18:47:57+00:00\",\"description\":\"Traitement des fen\u00eatres Laval peut vous offrir le calfeutrage de vos fen\u00eatres \u00e0 un cout tr\u00e8s abordable par une \u00e9quipe experte..\",\"breadcrumb\":{\"@id\":\"https:\\\/\\\/tflinc.ca\\\/index.php\\\/calfeutrage-de-fenetres\\\/#breadcrumb\"},\"inLanguage\":\"fr-FR\",\"potentialAction\":[{\"@type\":\"ReadAction\",\"target\":[\"https:\\\/\\\/tflinc.ca\\\/index.php\\\/calfeutrage-de-fenetres\\\/\"]}]},{\"@type\":\"ImageObject\",\"inLanguage\":\"fr-FR\",\"@id\":\"https:\\\/\\\/tflinc.ca\\\/index.php\\\/calfeutrage-de-fenetres\\\/#primaryimage\",\"url\":\"https:\\\/\\\/tflinc.ca\\\/wp-content\\\/uploads\\\/2016\\\/09\\\/calfeutrage-slide.jpg\",\"contentUrl\":\"https:\\\/\\\/tflinc.ca\\\/wp-content\\\/uploads\\\/2016\\\/09\\\/calfeutrage-slide.jpg\",\"width\":1920,\"height\":1282,\"caption\":\"Close-up Of Person Hands Applying Silicone Sealant With Caulking Gun\"},{\"@type\":\"BreadcrumbList\",\"@id\":\"https:\\\/\\\/tflinc.ca\\\/index.php\\\/calfeutrage-de-fenetres\\\/#breadcrumb\",\"itemListElement\":[{\"@type\":\"ListItem\",\"position\":1,\"name\":\"Accueil\",\"item\":\"https:\\\/\\\/tflinc.ca\\\/\"},{\"@type\":\"ListItem\",\"position\":2,\"name\":\"Calfeutrage de fen\u00eatres\"}]},{\"@type\":\"WebSite\",\"@id\":\"https:\\\/\\\/tflinc.ca\\\/#website\",\"url\":\"https:\\\/\\\/tflinc.ca\\\/\",\"name\":\"Traitement Fen\u00eatres Laval\",\"description\":\"\",\"potentialAction\":[{\"@type\":\"SearchAction\",\"target\":{\"@type\":\"EntryPoint\",\"urlTemplate\":\"https:\\\/\\\/tflinc.ca\\\/?s={search_term_string}\"},\"query-input\":{\"@type\":\"PropertyValueSpecification\",\"valueRequired\":true,\"valueName\":\"search_term_string\"}}],\"inLanguage\":\"fr-FR\"}]}<\/script>\n<!-- \/ Yoast SEO plugin. -->","yoast_head_json":{"title":"Calfeutrage de Fen\u00eatres - Traitement Fen\u00eatres Laval","description":"Traitement des fen\u00eatres Laval peut vous offrir le calfeutrage de vos fen\u00eatres \u00e0 un cout tr\u00e8s abordable par une \u00e9quipe experte..","robots":{"index":"index","follow":"follow","max-snippet":"max-snippet:-1","max-image-preview":"max-image-preview:large","max-video-preview":"max-video-preview:-1"},"canonical":"https:\/\/tflinc.ca\/index.php\/calfeutrage-de-fenetres\/","og_locale":"fr_FR","og_type":"article","og_title":"Calfeutrage de Fen\u00eatres - Traitement Fen\u00eatres Laval","og_description":"Traitement des fen\u00eatres Laval peut vous offrir le calfeutrage de vos fen\u00eatres \u00e0 un cout tr\u00e8s abordable par une \u00e9quipe experte..","og_url":"https:\/\/tflinc.ca\/index.php\/calfeutrage-de-fenetres\/","og_site_name":"Traitement Fen\u00eatres Laval","article_modified_time":"2017-02-21T18:47:57+00:00","og_image":[{"width":1920,"height":1282,"url":"https:\/\/tflinc.ca\/wp-content\/uploads\/2016\/09\/calfeutrage-slide.jpg","type":"image\/jpeg"}],"twitter_card":"summary_large_image","twitter_misc":{"Dur\u00e9e de lecture estim\u00e9e":"2 minutes"},"schema":{"@context":"https:\/\/schema.org","@graph":[{"@type":"WebPage","@id":"https:\/\/tflinc.ca\/index.php\/calfeutrage-de-fenetres\/","url":"https:\/\/tflinc.ca\/index.php\/calfeutrage-de-fenetres\/","name":"Calfeutrage de Fen\u00eatres - Traitement Fen\u00eatres Laval","isPartOf":{"@id":"https:\/\/tflinc.ca\/#website"},"primaryImageOfPage":{"@id":"https:\/\/tflinc.ca\/index.php\/calfeutrage-de-fenetres\/#primaryimage"},"image":{"@id":"https:\/\/tflinc.ca\/index.php\/calfeutrage-de-fenetres\/#primaryimage"},"thumbnailUrl":"https:\/\/tflinc.ca\/wp-content\/uploads\/2016\/09\/calfeutrage-slide.jpg","datePublished":"2016-09-29T15:12:31+00:00","dateModified":"2017-02-21T18:47:57+00:00","description":"Traitement des fen\u00eatres Laval peut vous offrir le calfeutrage de vos fen\u00eatres \u00e0 un cout tr\u00e8s abordable par une \u00e9quipe experte..","breadcrumb":{"@id":"https:\/\/tflinc.ca\/index.php\/calfeutrage-de-fenetres\/#breadcrumb"},"inLanguage":"fr-FR","potentialAction":[{"@type":"ReadAction","target":["https:\/\/tflinc.ca\/index.php\/calfeutrage-de-fenetres\/"]}]},{"@type":"ImageObject","inLanguage":"fr-FR","@id":"https:\/\/tflinc.ca\/index.php\/calfeutrage-de-fenetres\/#primaryimage","url":"https:\/\/tflinc.ca\/wp-content\/uploads\/2016\/09\/calfeutrage-slide.jpg","contentUrl":"https:\/\/tflinc.ca\/wp-content\/uploads\/2016\/09\/calfeutrage-slide.jpg","width":1920,"height":1282,"caption":"Close-up Of Person Hands Applying Silicone Sealant With Caulking Gun"},{"@type":"BreadcrumbList","@id":"https:\/\/tflinc.ca\/index.php\/calfeutrage-de-fenetres\/#breadcrumb","itemListElement":[{"@type":"ListItem","position":1,"name":"Accueil","item":"https:\/\/tflinc.ca\/"},{"@type":"ListItem","position":2,"name":"Calfeutrage de fen\u00eatres"}]},{"@type":"WebSite","@id":"https:\/\/tflinc.ca\/#website","url":"https:\/\/tflinc.ca\/","name":"Traitement Fen\u00eatres Laval","description":"","potentialAction":[{"@type":"SearchAction","target":{"@type":"EntryPoint","urlTemplate":"https:\/\/tflinc.ca\/?s={search_term_string}"},"query-input":{"@type":"PropertyValueSpecification","valueRequired":true,"valueName":"search_term_string"}}],"inLanguage":"fr-FR"}]}},"_links":{"self":[{"href":"https:\/\/tflinc.ca\/index.php\/wp-json\/wp\/v2\/pages\/214","targetHints":{"allow":["GET"]}}],"collection":[{"href":"https:\/\/tflinc.ca\/index.php\/wp-json\/wp\/v2\/pages"}],"about":[{"href":"https:\/\/tflinc.ca\/index.php\/wp-json\/wp\/v2\/types\/page"}],"author":[{"embeddable":true,"href":"https:\/\/tflinc.ca\/index.php\/wp-json\/wp\/v2\/users\/1"}],"replies":[{"embeddable":true,"href":"https:\/\/tflinc.ca\/index.php\/wp-json\/wp\/v2\/comments?post=214"}],"version-history":[{"count":24,"href":"https:\/\/tflinc.ca\/index.php\/wp-json\/wp\/v2\/pages\/214\/revisions"}],"predecessor-version":[{"id":952,"href":"https:\/\/tflinc.ca\/index.php\/wp-json\/wp\/v2\/pages\/214\/revisions\/952"}],"wp:featuredmedia":[{"embeddable":true,"href":"https:\/\/tflinc.ca\/index.php\/wp-json\/wp\/v2\/media\/753"}],"wp:attachment":[{"href":"https:\/\/tflinc.ca\/index.php\/wp-json\/wp\/v2\/media?parent=214"}],"curies":[{"name":"wp","href":"https:\/\/api.w.org\/{rel}","templated":true}]}}