{"id":2,"date":"2016-06-15T12:32:24","date_gmt":"2016-06-15T12:32:24","guid":{"rendered":"http:\/\/azexo.com\/prometheus\/?page_id=2"},"modified":"2025-08-25T19:25:34","modified_gmt":"2025-08-25T17:25:34","slug":"accueil","status":"publish","type":"page","link":"https:\/\/tflinc.ca\/","title":{"rendered":"Accueil"},"content":{"rendered":"<div data-section=\"image &amp; text\/2.html\">\n<section class=\"section-area\">\n<div class=\"container\">\n<div class=\"row scrollr\">\n<div class=\"col-xs-12\">\n<h2 class=\"title-btn ui-title-block\">\n                       <a class=\"title-btn__inner js-scroll\" href=\"#BS0qV\">Nos services<\/a><br \/>\n                       <button class=\"title-btn__btn\" type=\"button\" data-toggle=\"collapse\" data-target=\"#BS0qV\"><br \/>\n                       <\/button><br \/>\n                   <\/h2>\n<div id=\"BS0qV\" class=\"section-area collapse in\">\n<div class=\"row\">\n<div class=\"col-lg-4\">\n<section class=\"post-a\">\n<div class=\"entry-media\">\n<div class=\"post-a__img\">\n                                           <img decoding=\"async\" class=\"img-responsive\" src=\"http:\/\/tflinc.ca\/wp-content\/uploads\/2016\/06\/fenetres-neuves-small.jpg\" alt=\"foto\" \/>\n                                       <\/div>\n<\/p><\/div>\n<div class=\"entry-main\">\n<div class=\"entry-content\">\n<h3 class=\"post-a__title ui-title-block\">Fen\u00eatres neuves<\/h3>\n<div class=\"post-a__text\">Nos fen\u00eatres sont con\u00e7ues pour atteindre les niveaux les plus \u00e9lev\u00e9s de rendement, de beaut\u00e9 et de valeur.<\/div>\n<\/p><\/div>\n<p>                                       <a class=\"post-a__btn btn btn-default btn-effect\" href=\"http:\/\/tflinc.ca\/index.php\/fenetres-neuves\/\">En savoir plus<\/a>\n                                   <\/div>\n<\/section><\/div>\n<div class=\"col-lg-4\">\n<section class=\"post-a\">\n<div class=\"entry-media\">\n<div class=\"post-a__img\">\n                                           <img decoding=\"async\" class=\"img-responsive\" src=\"http:\/\/tflinc.ca\/wp-content\/uploads\/2016\/06\/thermos-small.jpg\" alt=\"foto\" \/>\n                                       <\/div>\n<\/p><\/div>\n<div class=\"entry-main\">\n<div class=\"entry-content\">\n<h3 class=\"post-a__title ui-title-block\">Remplacement de thermos<\/h3>\n<div class=\"post-a__text\">Le remplacement de thermos dans vos fen\u00eatres est une solution \u00e9conomique qui peut vous faire \u00e9conomiser gros.<\/div>\n<p>                                           <a class=\"post-a__btn btn btn-default btn-effect\" href=\"http:\/\/tflinc.ca\/index.php\/remplacement-de-thermos\/\">En savoir plus<\/a>\n                                       <\/div>\n<\/p><\/div>\n<\/section><\/div>\n<div class=\"col-lg-4\">\n<section class=\"post-a post-a_last\">\n<div class=\"entry-media\">\n<div class=\"post-a__img\">\n                                           <img decoding=\"async\" class=\"img-responsive\" src=\"http:\/\/tflinc.ca\/wp-content\/uploads\/2016\/06\/restauration-small-2.jpg\" alt=\"foto\" \/>\n                                       <\/div>\n<\/p><\/div>\n<div class=\"entry-main\">\n<div class=\"entry-content\">\n<h3 class=\"post-a__title ui-title-block\">Restauration de fen\u00eatres<\/h3>\n<div class=\"post-a__text\">Nous pouvons remettre \u00e0 neuf vos fen\u00eatres existantes et ainsi r\u00e9attribuer toute l&#8217;efficacit\u00e9 \u00e9nerg\u00e9tique. Solution \u00e9cologique!<\/div>\n<p>                                           <a class=\"post-a__btn btn btn-default btn-effect\" href=\"http:\/\/tflinc.ca\/index.php\/reparation-de-fenetres\/\">En savoir plus<\/a>\n                                       <\/div>\n<\/p><\/div>\n<\/section><\/div>\n<\/p><\/div>\n<div class=\"row\">\n<div class=\"col-lg-4\">\n<section class=\"post-a\">\n<div class=\"entry-media\">\n<div class=\"post-a__img\">\n                                           <img decoding=\"async\" class=\"img-responsive\" src=\"http:\/\/tflinc.ca\/wp-content\/uploads\/2016\/06\/calfeutrage-small.jpg\" alt=\"foto\" \/>\n                                       <\/div>\n<\/p><\/div>\n<div class=\"entry-main\">\n<div class=\"entry-content\">\n<h3 class=\"post-a__title ui-title-block\">Calfeutrage de fen\u00eatres<\/h3>\n<div class=\"post-a__text\">Facilite l\u2019entretien des fen\u00eatres, baies vitr\u00e9es afin d\u2019\u00e9viter la moisissure et la pourriture dans les encadrements en bois.<\/div>\n<\/p><\/div>\n<p>                                       <a class=\"post-a__btn btn btn-default btn-effect\" href=\"http:\/\/tflinc.ca\/index.php\/calfeutrage-de-fenetres\/\">En savoir plus<\/a>\n                                   <\/div>\n<\/section><\/div>\n<div class=\"col-lg-4\">\n<section class=\"post-a\">\n<div class=\"entry-media\">\n<div class=\"post-a__img\">\n                                           <img decoding=\"async\" class=\"img-responsive\" src=\"http:\/\/tflinc.ca\/wp-content\/uploads\/2016\/06\/recouvrement-small.jpg\" alt=\"foto\" \/>\n                                       <\/div>\n<\/p><\/div>\n<div class=\"entry-main\">\n<div class=\"entry-content\">\n<h3 class=\"post-a__title ui-title-block\">Recouvrement de fen\u00eatres<\/h3>\n<div class=\"post-a__text\">Nos produits de recouvrements haut de gamme sont plus \u00e9cologiques, ce qui en fait un excellent choix.<\/div>\n<p>                                           <a class=\"post-a__btn btn btn-default btn-effect\" href=\"http:\/\/tflinc.ca\/index.php\/recouvrement-de-fenetres\/\">En savoir plus<\/a>\n                                       <\/div>\n<\/p><\/div>\n<\/section><\/div>\n<div class=\"col-lg-4\">\n<section class=\"post-a post-a_last\">\n<div class=\"entry-media\">\n<div class=\"post-a__img\">\n                                           <img decoding=\"async\" class=\"img-responsive\" src=\"http:\/\/tflinc.ca\/wp-content\/uploads\/2016\/06\/revetement-small.jpg\" alt=\"foto\" \/>\n                                       <\/div>\n<\/p><\/div>\n<div class=\"entry-main\">\n<div class=\"entry-content\">\n<h3 class=\"post-a__title ui-title-block\">Rev\u00eatement ext\u00e9rieur<\/h3>\n<div class=\"post-a__text\">Nous proposons des produits de rev\u00eatement ext\u00e9rieur r\u00e9sistants ayant un excellent rapport qualit\u00e9-prix.<\/div>\n<p>                                           <a class=\"post-a__btn btn btn-default btn-effect\" href=\"http:\/\/tflinc.ca\/index.php\/revetement-exterieur\/\">En savoir plus<\/a>\n                                       <\/div>\n<\/p><\/div>\n<\/section><\/div>\n<\/p><\/div>\n<\/p><\/div>\n<\/p><\/div>\n<\/p><\/div>\n<\/p><\/div>\n<\/section>\n<\/div>\n<div data-section=\"video\/1.html\">\n<div class=\"container\">\n<section class=\"section-video-block section-video-block_mod-a section-bg section-bg_mod-a\" style=\"background-image: url('https:\/\/tflinc.ca\/wp-content\/themes\/prometheus\/prometheus\/azh\/prometheus\/assets\/media\/content\/bg\/2.jpg');\">\n<div class=\"section__inner\">\n<div class=\"row scrollr\">\n<div class=\"col-xs-12\">\n<div class=\"form-accueil-div\">\n<h2 class=\"video-block__title ui-title-block color-light\" style=\"margin-bottom:0;\">DEMANDEZ VOTRE<\/h2>\n<h1 style=\"color: #6abf60;\">ESTIMATION GRATUITE<\/h1>\n\n<div class=\"wpcf7 no-js\" id=\"wpcf7-f166-o1\" lang=\"fr-FR\" dir=\"ltr\" data-wpcf7-id=\"166\">\n<div class=\"screen-reader-response\"><p role=\"status\" aria-live=\"polite\" aria-atomic=\"true\"><\/p> <ul><\/ul><\/div>\n<form action=\"\/index.php\/wp-json\/wp\/v2\/pages\/2#wpcf7-f166-o1\" method=\"post\" class=\"wpcf7-form init\" aria-label=\"Formulaire de contact\" novalidate=\"novalidate\" data-status=\"init\">\n<fieldset class=\"hidden-fields-container\"><input type=\"hidden\" name=\"_wpcf7\" value=\"166\" \/><input type=\"hidden\" name=\"_wpcf7_version\" value=\"6.1.5\" \/><input type=\"hidden\" name=\"_wpcf7_locale\" value=\"fr_FR\" \/><input type=\"hidden\" name=\"_wpcf7_unit_tag\" value=\"wpcf7-f166-o1\" \/><input type=\"hidden\" name=\"_wpcf7_container_post\" value=\"0\" \/><input type=\"hidden\" name=\"_wpcf7_posted_data_hash\" value=\"\" \/><input type=\"hidden\" name=\"_wpcf7dtx_version\" value=\"5.0.5\" \/><input type=\"hidden\" name=\"_wpcf7_recaptcha_response\" value=\"\" \/>\n<\/fieldset>\n<style>\n<\/style>\n<div class=\"input-with-icon\">\n\t<p><i class=\"wp-svg-users-2 users-2\"><\/i><span class=\"wpcf7-form-control-wrap\" data-name=\"nom\"><input size=\"40\" maxlength=\"400\" class=\"wpcf7-form-control wpcf7-text wpcf7-validates-as-required form-accueil\" aria-required=\"true\" aria-invalid=\"false\" placeholder=\"Nom *\" value=\"\" type=\"text\" name=\"nom\" \/><\/span>\n\t<\/p>\n<\/div>\n<div class=\"input-with-icon\">\n\t<p><i class=\"wp-svg-mail-2 mail-2\"><\/i><span class=\"wpcf7-form-control-wrap\" data-name=\"courriel\"><input size=\"40\" maxlength=\"400\" class=\"wpcf7-form-control wpcf7-email wpcf7-validates-as-required wpcf7-text wpcf7-validates-as-email form-accueil\" aria-required=\"true\" aria-invalid=\"false\" placeholder=\"Courriel *\" value=\"\" type=\"email\" name=\"courriel\" \/><\/span>\n\t<\/p>\n<\/div>\n<div class=\"input-with-icon\">\n\t<p><i class=\"wp-svg-phone phone\"><\/i><span class=\"wpcf7-form-control-wrap\" data-name=\"tel\"><input size=\"40\" maxlength=\"400\" class=\"wpcf7-form-control wpcf7-tel wpcf7-text wpcf7-validates-as-tel form-accueil\" aria-invalid=\"false\" placeholder=\"T\u00e9l\u00e9phone\" value=\"\" type=\"tel\" name=\"tel\" \/><\/span>\n\t<\/p>\n<\/div>\n<div class=\"input-with-icon\" style=\"margin-bottom:25px\">\n\t<dl class=\"dropdown\">\n\t\t<dt>\n\t\t\t<p><a href=\"#\" style=\"text-align:left\"><br \/>\n<i style=\"padding-left:12px\" class=\"wp-svg-arrow-down arrow-down\"><\/i><span class=\"hida\">Produit(s) d\u00e9sir\u00e9(s)<\/span><br \/>\n<\/a>\n\t\t\t<\/p>\n\t\t\t<p class=\"multiSel\">\n\t\t\t<\/p>\n\t\t<\/dt>\n\t\t<dd>\n\t\t\t<div class=\"mutliSelect\">\n\t\t\t\t<ul>\n\t\t\t\t\t<li>\n\t\t\t\t\t\t<p><span class=\"wpcf7-form-control-wrap\" data-name=\"service-desire\"><span class=\"wpcf7-form-control wpcf7-checkbox\"><span class=\"wpcf7-list-item first last\"><input type=\"checkbox\" name=\"service-desire[]\" value=\"Fen\u00eatres neuves\" \/><span class=\"wpcf7-list-item-label\">Fen\u00eatres neuves<\/span><\/span><\/span><\/span>\n\t\t\t\t\t\t<\/p>\n\t\t\t\t\t<\/li>\n\t\t\t\t\t<li>\n\t\t\t\t\t\t<p><span class=\"wpcf7-form-control-wrap\" data-name=\"service-desire\"><span class=\"wpcf7-form-control wpcf7-checkbox\"><span class=\"wpcf7-list-item first last\"><input type=\"checkbox\" name=\"service-desire[]\" value=\"Restauration de fen\u00eatres\" \/><span class=\"wpcf7-list-item-label\">Restauration de fen\u00eatres<\/span><\/span><\/span><\/span>\n\t\t\t\t\t\t<\/p>\n\t\t\t\t\t<\/li>\n\t\t\t\t\t<li>\n\t\t\t\t\t\t<p><span class=\"wpcf7-form-control-wrap\" data-name=\"service-desire\"><span class=\"wpcf7-form-control wpcf7-checkbox\"><span class=\"wpcf7-list-item first last\"><input type=\"checkbox\" name=\"service-desire[]\" value=\"Recouvrement de fen\u00eatres\" \/><span class=\"wpcf7-list-item-label\">Recouvrement de fen\u00eatres<\/span><\/span><\/span><\/span>\n\t\t\t\t\t\t<\/p>\n\t\t\t\t\t<\/li>\n\t\t\t\t\t<li>\n\t\t\t\t\t\t<p><span class=\"wpcf7-form-control-wrap\" data-name=\"service-desire\"><span class=\"wpcf7-form-control wpcf7-checkbox\"><span class=\"wpcf7-list-item first last\"><input type=\"checkbox\" name=\"service-desire[]\" value=\"Remplacement de thermos\" \/><span class=\"wpcf7-list-item-label\">Remplacement de thermos<\/span><\/span><\/span><\/span>\n\t\t\t\t\t\t<\/p>\n\t\t\t\t\t<\/li>\n\t\t\t\t\t<li>\n\t\t\t\t\t\t<p><span class=\"wpcf7-form-control-wrap\" data-name=\"service-desire\"><span class=\"wpcf7-form-control wpcf7-checkbox\"><span class=\"wpcf7-list-item first last\"><input type=\"checkbox\" name=\"service-desire[]\" value=\"Calfeutrage\" \/><span class=\"wpcf7-list-item-label\">Calfeutrage<\/span><\/span><\/span><\/span>\n\t\t\t\t\t\t<\/p>\n\t\t\t\t\t<\/li>\n\t\t\t\t\t<li>\n\t\t\t\t\t\t<p><span class=\"wpcf7-form-control-wrap\" data-name=\"service-desire\"><span class=\"wpcf7-form-control wpcf7-checkbox\"><span class=\"wpcf7-list-item first last\"><input type=\"checkbox\" name=\"service-desire[]\" value=\"Rev\u00eatement ext\u00e9rieur\" \/><span class=\"wpcf7-list-item-label\">Rev\u00eatement ext\u00e9rieur<\/span><\/span><\/span><\/span>\n\t\t\t\t\t\t<\/p>\n\t\t\t\t\t<\/li>\n\t\t\t\t\t<li>\n\t\t\t\t\t\t<p><span class=\"wpcf7-form-control-wrap\" data-name=\"service-desire\"><span class=\"wpcf7-form-control wpcf7-checkbox\"><span class=\"wpcf7-list-item first last\"><input type=\"checkbox\" name=\"service-desire[]\" value=\"Autre\" \/><span class=\"wpcf7-list-item-label\">Autre<\/span><\/span><\/span><\/span>\n\t\t\t\t\t\t<\/p>\n\t\t\t\t\t<\/li>\n\t\t\t\t<\/ul>\n\t\t\t<\/div>\n\t\t<\/dd>\n\t<\/dl>\n<\/div>\n<p><input class=\"wpcf7-form-control wpcf7-submit has-spinner btn btn-primary btn-effect form-div-btn\" type=\"submit\" value=\"ENVOYER\" \/>\n<\/p><div class=\"wpcf7-response-output\" aria-hidden=\"true\"><\/div>\n<\/form>\n<\/div>\n<\/div>\n<\/p><\/div>\n<\/p><\/div>\n<\/p><\/div>\n<\/section><\/div>\n<\/div>\n<div data-section=\"image &#038; text\/1.html\">\n<section class=\"section-area\">\n<div class=\"container\">\n<div class=\"row\">\n<div class=\"col-xs-12\">\n<h2 class=\"title-btn ui-title-block\">\n                       <a href=\"#SJnic\" class=\"title-btn__inner js-scroll\">TFL Inc.<\/a><br \/>\n                       <button type=\"button\" data-toggle=\"collapse\" data-target=\"#SJnic\" class=\"title-btn__btn\"><br \/>\n                           <span class=\"icon fa fa-caret-down\"><\/span><br \/>\n                       <\/button><br \/>\n                   <\/h2>\n<div id=\"SJnic\" class=\"section-gallery-description collapse in\">\n<div class=\"scroll-blocks\" data-cloneable>\n<div class=\"gallery-description bg-main clearfix scrollr\">\n<div class=\"gallery-description__inner\">\n<h3 class=\"gallery-description__title ui-title-block color-light\">GRAND CHOIX DE FEN\u00caTRES NEUVES<\/h3>\n<div class=\"gallery-description__wrap-info wrap-text\">\n<div class=\"gallery-description__info\">Notre vaste choix de fen\u00eatres neuves permettra de r\u00e9pondre efficacement \u00e0 vos besoins. Nous proposons des fen\u00eatres neuves de qualit\u00e9s en PVC et m\u00eame en bois.<\/div>\n<\/p><\/div>\n<p>                                   <a class=\"post-a__btn btn btn-default btn-effect\" style=\"background-color:#fff;margin-top:25px\" href=\"http:\/\/tflinc.ca\/index.php\/fenetres-neuves\/\">En savoir plus<\/a><br \/>\n                                   <a class=\"post-a__btn btn btn-default btn-effect\" style=\"background-color:#fff;margin-top:25px\" href=\"https:\/\/tflinc.ca\/index.php\/technologie-gentek\/\"><br \/>\n                                       <img decoding=\"async\" src=\"https:\/\/tflinc.ca\/wp-content\/uploads\/2025\/08\/armourguard-logo-3.png\" style=\"max-width:100%\" \/><br \/>\n                                   <\/a>\n                               <\/div>\n<div class=\"gallery-description__img\">\n                                   <img decoding=\"async\" src=\"http:\/\/tflinc.ca\/wp-content\/uploads\/2016\/06\/mini-slide-03.jpg\" alt=\"Fen\u00eatres existantes vitre sur vitre ou plastiques\">\n                               <\/div>\n<\/p><\/div>\n<div class=\"gallery-description bg-main clearfix scrollr\">\n<div class=\"gallery-description__inner\">\n<h3 class=\"gallery-description__title ui-title-block color-light\">SOLUTIONS \u00c9COLOGIQUES POUR VOS FEN\u00caTRES EXISTANTES<\/h3>\n<div class=\"gallery-description__wrap-info wrap-text\">\n<div class=\"gallery-description__info\">Notre concept de conversion ou de restauration des fen\u00eatres vous permet de r\u00e9utiliser vos vitres existantes, vous b\u00e9n\u00e9ficiez ainsi d\u2019\u00e9conomies qui peuvent repr\u00e9senter pr\u00e8s de la moiti\u00e9 du prix des fen\u00eatres neuves.<\/div>\n<\/p><\/div>\n<p>                                   <a class=\"post-a__btn btn btn-default btn-effect\" style=\"background-color:#fff;margin-top:25px\" href=\"http:\/\/tflinc.ca\/index.php\/restauration-fenetres-de-bois\/\">En savoir plus<\/a>\n                               <\/div>\n<div class=\"gallery-description__img\">\n                                   <img decoding=\"async\" src=\"http:\/\/tflinc.ca\/wp-content\/uploads\/2017\/02\/mini-slide-04.jpg\" alt=\"Solution de rechange garantie 20 ans\">\n                               <\/div>\n<\/p><\/div>\n<\/p><\/div>\n<\/p><\/div>\n<\/p><\/div>\n<\/p><\/div>\n<\/p><\/div>\n<\/section>\n<\/div>\n","protected":false},"excerpt":{"rendered":"<p>Nos services Fen\u00eatres neuves Nos fen\u00eatres sont con\u00e7ues pour atteindre les niveaux les plus \u00e9lev\u00e9s de rendement, de beaut\u00e9 et de valeur. En savoir plus Remplacement de thermos Le remplacement de thermos dans vos fen\u00eatres est une solution \u00e9conomique qui peut vous faire \u00e9conomiser gros. En savoir plus Restauration de fen\u00eatres Nous pouvons remettre \u00e0 [&hellip;]<\/p>\n","protected":false},"author":1,"featured_media":0,"parent":0,"menu_order":0,"comment_status":"closed","ping_status":"open","template":"page-templates\/without-container.php","meta":{"_custom_body_class":"azh","_custom_post_class":"","footnotes":""},"class_list":["post-2","page","type-page","status-publish","hentry"],"yoast_head":"<!-- This site is optimized with the Yoast SEO plugin v27.3 - https:\/\/yoast.com\/product\/yoast-seo-wordpress\/ -->\n<title>Traitement des Fen\u00eatres Laval \u2013 Fen\u00eatres Neuves &amp; Restauration<\/title>\n<meta name=\"description\" content=\"Vente et installation de fen\u00eatres neuves. Notre concept de conversion ou de restauration des fen\u00eatres vous permet de r\u00e9utiliser vos vitres existantes, vous b\u00e9n\u00e9ficiez ainsi d\u2019\u00e9conomies. TRAITEMENT FEN\u00caTRES LAVAL - 450 682-8928\" \/>\n<meta name=\"robots\" content=\"index, follow, max-snippet:-1, max-image-preview:large, max-video-preview:-1\" \/>\n<link rel=\"canonical\" href=\"https:\/\/tflinc.ca\/\" \/>\n<meta property=\"og:locale\" content=\"fr_FR\" \/>\n<meta property=\"og:type\" content=\"article\" \/>\n<meta property=\"og:title\" content=\"Traitement des Fen\u00eatres Laval \u2013 Fen\u00eatres Neuves &amp; Restauration\" \/>\n<meta property=\"og:description\" content=\"Vente et installation de fen\u00eatres neuves. Notre concept de conversion ou de restauration des fen\u00eatres vous permet de r\u00e9utiliser vos vitres existantes, vous b\u00e9n\u00e9ficiez ainsi d\u2019\u00e9conomies. TRAITEMENT FEN\u00caTRES LAVAL - 450 682-8928\" \/>\n<meta property=\"og:url\" content=\"https:\/\/tflinc.ca\/\" \/>\n<meta property=\"og:site_name\" content=\"Traitement Fen\u00eatres Laval\" \/>\n<meta property=\"article:modified_time\" content=\"2025-08-25T17:25:34+00:00\" \/>\n<meta property=\"og:image\" content=\"http:\/\/tflinc.ca\/wp-content\/uploads\/2016\/06\/fenetres-neuves-small.jpg\" \/>\n<meta name=\"twitter:card\" content=\"summary_large_image\" \/>\n<meta name=\"twitter:label1\" content=\"Dur\u00e9e de lecture estim\u00e9e\" \/>\n\t<meta name=\"twitter:data1\" content=\"3 minutes\" \/>\n<script type=\"application\/ld+json\" class=\"yoast-schema-graph\">{\"@context\":\"https:\\\/\\\/schema.org\",\"@graph\":[{\"@type\":\"WebPage\",\"@id\":\"https:\\\/\\\/tflinc.ca\\\/\",\"url\":\"https:\\\/\\\/tflinc.ca\\\/\",\"name\":\"Traitement des Fen\u00eatres Laval \u2013 Fen\u00eatres Neuves & Restauration\",\"isPartOf\":{\"@id\":\"https:\\\/\\\/tflinc.ca\\\/#website\"},\"primaryImageOfPage\":{\"@id\":\"https:\\\/\\\/tflinc.ca\\\/#primaryimage\"},\"image\":{\"@id\":\"https:\\\/\\\/tflinc.ca\\\/#primaryimage\"},\"thumbnailUrl\":\"http:\\\/\\\/tflinc.ca\\\/wp-content\\\/uploads\\\/2016\\\/06\\\/fenetres-neuves-small.jpg\",\"datePublished\":\"2016-06-15T12:32:24+00:00\",\"dateModified\":\"2025-08-25T17:25:34+00:00\",\"description\":\"Vente et installation de fen\u00eatres neuves. Notre concept de conversion ou de restauration des fen\u00eatres vous permet de r\u00e9utiliser vos vitres existantes, vous b\u00e9n\u00e9ficiez ainsi d\u2019\u00e9conomies. TRAITEMENT FEN\u00caTRES LAVAL - 450 682-8928\",\"breadcrumb\":{\"@id\":\"https:\\\/\\\/tflinc.ca\\\/#breadcrumb\"},\"inLanguage\":\"fr-FR\",\"potentialAction\":[{\"@type\":\"ReadAction\",\"target\":[\"https:\\\/\\\/tflinc.ca\\\/\"]}]},{\"@type\":\"ImageObject\",\"inLanguage\":\"fr-FR\",\"@id\":\"https:\\\/\\\/tflinc.ca\\\/#primaryimage\",\"url\":\"https:\\\/\\\/tflinc.ca\\\/wp-content\\\/uploads\\\/2016\\\/06\\\/fenetres-neuves-small.jpg\",\"contentUrl\":\"https:\\\/\\\/tflinc.ca\\\/wp-content\\\/uploads\\\/2016\\\/06\\\/fenetres-neuves-small.jpg\",\"width\":560,\"height\":350},{\"@type\":\"BreadcrumbList\",\"@id\":\"https:\\\/\\\/tflinc.ca\\\/#breadcrumb\",\"itemListElement\":[{\"@type\":\"ListItem\",\"position\":1,\"name\":\"Accueil\",\"item\":\"https:\\\/\\\/tflinc.ca\\\/\"},{\"@type\":\"ListItem\",\"position\":2,\"name\":\"Accueil\"}]},{\"@type\":\"WebSite\",\"@id\":\"https:\\\/\\\/tflinc.ca\\\/#website\",\"url\":\"https:\\\/\\\/tflinc.ca\\\/\",\"name\":\"Traitement Fen\u00eatres Laval\",\"description\":\"\",\"potentialAction\":[{\"@type\":\"SearchAction\",\"target\":{\"@type\":\"EntryPoint\",\"urlTemplate\":\"https:\\\/\\\/tflinc.ca\\\/?s={search_term_string}\"},\"query-input\":{\"@type\":\"PropertyValueSpecification\",\"valueRequired\":true,\"valueName\":\"search_term_string\"}}],\"inLanguage\":\"fr-FR\"}]}<\/script>\n<!-- \/ Yoast SEO plugin. -->","yoast_head_json":{"title":"Traitement des Fen\u00eatres Laval \u2013 Fen\u00eatres Neuves & Restauration","description":"Vente et installation de fen\u00eatres neuves. Notre concept de conversion ou de restauration des fen\u00eatres vous permet de r\u00e9utiliser vos vitres existantes, vous b\u00e9n\u00e9ficiez ainsi d\u2019\u00e9conomies. TRAITEMENT FEN\u00caTRES LAVAL - 450 682-8928","robots":{"index":"index","follow":"follow","max-snippet":"max-snippet:-1","max-image-preview":"max-image-preview:large","max-video-preview":"max-video-preview:-1"},"canonical":"https:\/\/tflinc.ca\/","og_locale":"fr_FR","og_type":"article","og_title":"Traitement des Fen\u00eatres Laval \u2013 Fen\u00eatres Neuves & Restauration","og_description":"Vente et installation de fen\u00eatres neuves. Notre concept de conversion ou de restauration des fen\u00eatres vous permet de r\u00e9utiliser vos vitres existantes, vous b\u00e9n\u00e9ficiez ainsi d\u2019\u00e9conomies. TRAITEMENT FEN\u00caTRES LAVAL - 450 682-8928","og_url":"https:\/\/tflinc.ca\/","og_site_name":"Traitement Fen\u00eatres Laval","article_modified_time":"2025-08-25T17:25:34+00:00","og_image":[{"url":"http:\/\/tflinc.ca\/wp-content\/uploads\/2016\/06\/fenetres-neuves-small.jpg","type":"","width":"","height":""}],"twitter_card":"summary_large_image","twitter_misc":{"Dur\u00e9e de lecture estim\u00e9e":"3 minutes"},"schema":{"@context":"https:\/\/schema.org","@graph":[{"@type":"WebPage","@id":"https:\/\/tflinc.ca\/","url":"https:\/\/tflinc.ca\/","name":"Traitement des Fen\u00eatres Laval \u2013 Fen\u00eatres Neuves & Restauration","isPartOf":{"@id":"https:\/\/tflinc.ca\/#website"},"primaryImageOfPage":{"@id":"https:\/\/tflinc.ca\/#primaryimage"},"image":{"@id":"https:\/\/tflinc.ca\/#primaryimage"},"thumbnailUrl":"http:\/\/tflinc.ca\/wp-content\/uploads\/2016\/06\/fenetres-neuves-small.jpg","datePublished":"2016-06-15T12:32:24+00:00","dateModified":"2025-08-25T17:25:34+00:00","description":"Vente et installation de fen\u00eatres neuves. Notre concept de conversion ou de restauration des fen\u00eatres vous permet de r\u00e9utiliser vos vitres existantes, vous b\u00e9n\u00e9ficiez ainsi d\u2019\u00e9conomies. TRAITEMENT FEN\u00caTRES LAVAL - 450 682-8928","breadcrumb":{"@id":"https:\/\/tflinc.ca\/#breadcrumb"},"inLanguage":"fr-FR","potentialAction":[{"@type":"ReadAction","target":["https:\/\/tflinc.ca\/"]}]},{"@type":"ImageObject","inLanguage":"fr-FR","@id":"https:\/\/tflinc.ca\/#primaryimage","url":"https:\/\/tflinc.ca\/wp-content\/uploads\/2016\/06\/fenetres-neuves-small.jpg","contentUrl":"https:\/\/tflinc.ca\/wp-content\/uploads\/2016\/06\/fenetres-neuves-small.jpg","width":560,"height":350},{"@type":"BreadcrumbList","@id":"https:\/\/tflinc.ca\/#breadcrumb","itemListElement":[{"@type":"ListItem","position":1,"name":"Accueil","item":"https:\/\/tflinc.ca\/"},{"@type":"ListItem","position":2,"name":"Accueil"}]},{"@type":"WebSite","@id":"https:\/\/tflinc.ca\/#website","url":"https:\/\/tflinc.ca\/","name":"Traitement Fen\u00eatres Laval","description":"","potentialAction":[{"@type":"SearchAction","target":{"@type":"EntryPoint","urlTemplate":"https:\/\/tflinc.ca\/?s={search_term_string}"},"query-input":{"@type":"PropertyValueSpecification","valueRequired":true,"valueName":"search_term_string"}}],"inLanguage":"fr-FR"}]}},"_links":{"self":[{"href":"https:\/\/tflinc.ca\/index.php\/wp-json\/wp\/v2\/pages\/2","targetHints":{"allow":["GET"]}}],"collection":[{"href":"https:\/\/tflinc.ca\/index.php\/wp-json\/wp\/v2\/pages"}],"about":[{"href":"https:\/\/tflinc.ca\/index.php\/wp-json\/wp\/v2\/types\/page"}],"author":[{"embeddable":true,"href":"https:\/\/tflinc.ca\/index.php\/wp-json\/wp\/v2\/users\/1"}],"replies":[{"embeddable":true,"href":"https:\/\/tflinc.ca\/index.php\/wp-json\/wp\/v2\/comments?post=2"}],"version-history":[{"count":78,"href":"https:\/\/tflinc.ca\/index.php\/wp-json\/wp\/v2\/pages\/2\/revisions"}],"predecessor-version":[{"id":4300,"href":"https:\/\/tflinc.ca\/index.php\/wp-json\/wp\/v2\/pages\/2\/revisions\/4300"}],"wp:attachment":[{"href":"https:\/\/tflinc.ca\/index.php\/wp-json\/wp\/v2\/media?parent=2"}],"curies":[{"name":"wp","href":"https:\/\/api.w.org\/{rel}","templated":true}]}}