{"id":1031,"date":"2017-02-27T14:56:36","date_gmt":"2017-02-27T13:56:36","guid":{"rendered":"http:\/\/tflinc.ca\/?page_id=1031"},"modified":"2024-08-07T01:29:16","modified_gmt":"2024-08-06T23:29:16","slug":"restauration-de-fenetres","status":"publish","type":"page","link":"https:\/\/tflinc.ca\/index.php\/restauration-de-fenetres\/","title":{"rendered":"Restauration de fen\u00eatres"},"content":{"rendered":"<div data-section=\"text\/1.html\">\n<div class=\"container\">\n<section class=\"section_mod-b block-2-col bg-light\">\n<div class=\"row scrollr\">\n<div class=\"col-xs-12\">\n<h2 class=\"block-2-col__title ui-title-inner text-center\">Avant \/ Pendant \/ Apr\u00e8s<\/h2>\n<\/p><\/div>\n<div class=\"col-md-8 col-md-offset-2 col-sm-10 col-sm-offset-1\">\n                   <img decoding=\"async\" style=\"width:100%;height:auto\" src=\"https:\/\/tflinc.ca\/wp-content\/uploads\/2024\/07\/TFL-realisation-2024-avant-pendant-apres2.jpg\" \/>\n               <\/div>\n<\/p><\/div>\n<\/section><\/div>\n<\/div>\n<div data-section=\"image &amp; text\/2.html\">\n<section class=\"section-area\">\n<div class=\"container\">\n<div class=\"row scrollr\">\n<div class=\"col-xs-12\">\n<h2 class=\"title-btn ui-title-block\">\n                       <a class=\"title-btn__inner js-scroll\" href=\"#UnW2O\">Nos services<\/a><br \/>\n                       <button class=\"title-btn__btn\" type=\"button\" data-toggle=\"collapse\" data-target=\"#UnW2O\"><br \/>\n                       <\/button><br \/>\n                   <\/h2>\n<div id=\"UnW2O\" class=\"section-area collapse in\">\n<div class=\"row\">\n<div class=\"col-lg-4\">\n<section class=\"post-a\">\n<div class=\"entry-media\">\n<div class=\"post-a__img\">\n                                           <img decoding=\"async\" class=\"img-responsive\" src=\"http:\/\/tflinc.ca\/wp-content\/uploads\/2016\/06\/restauration-small-2.jpg\" alt=\"foto\" \/>\n                                       <\/div>\n<\/p><\/div>\n<div class=\"entry-main\">\n<div class=\"entry-content\">\n<h3 class=\"post-a__title ui-title-block\">Restauration fen\u00eatres de bois<\/h3>\n<div class=\"post-a__text\">Nos experts fabriqueront sur mesure toutes vos pi\u00e8ces de boiseries et ce dans la m\u00eame essence de bois.<\/div>\n<\/p><\/div>\n<p>                                       <a class=\"post-a__btn btn btn-default btn-effect\" href=\"http:\/\/tflinc.ca\/index.php\/restauration-fenetres-de-bois\/\">En savoir plus<\/a>\n                                   <\/div>\n<\/section><\/div>\n<div class=\"col-lg-4\">\n<section class=\"post-a\">\n<div class=\"entry-media\">\n<div class=\"post-a__img\">\n                                           <img decoding=\"async\" class=\"img-responsive\" src=\"http:\/\/tflinc.ca\/wp-content\/uploads\/2016\/06\/thermos-small.jpg\" alt=\"foto\" \/>\n                                       <\/div>\n<\/p><\/div>\n<div class=\"entry-main\">\n<div class=\"entry-content\">\n<h3 class=\"post-a__title ui-title-block\">Remplacement de thermos<\/h3>\n<div class=\"post-a__text\">Le remplacement de thermos dans vos fen\u00eatres est une solution \u00e9conomique qui peut vous faire \u00e9conomiser gros.<\/div>\n<p>                                           <a class=\"post-a__btn btn btn-default btn-effect\" href=\"http:\/\/tflinc.ca\/index.php\/remplacement-de-thermos\/\">En savoir plus<\/a>\n                                       <\/div>\n<\/p><\/div>\n<\/section><\/div>\n<div class=\"col-lg-4\">\n<section class=\"post-a post-a_last\">\n<div class=\"entry-media\">\n<div class=\"post-a__img\">\n                                           <img decoding=\"async\" class=\"img-responsive\" src=\"http:\/\/tflinc.ca\/wp-content\/uploads\/2017\/02\/reparation-small.jpg\" alt=\"foto\" \/>\n                                       <\/div>\n<\/p><\/div>\n<div class=\"entry-main\">\n<div class=\"entry-content\">\n<h3 class=\"post-a__title ui-title-block\">R\u00e9paration de fen\u00eatres<\/h3>\n<div class=\"post-a__text\">Nous pouvons remettre \u00e0 neuf vos fen\u00eatres existantes et ainsi r\u00e9attribuer toute l&#8217;efficacit\u00e9 \u00e9nerg\u00e9tique. Solution \u00e9cologique!<\/div>\n<p>                                           <a class=\"post-a__btn btn btn-default btn-effect\" href=\"http:\/\/tflinc.ca\/index.php\/reparation-de-fenetres\/\">En savoir plus<\/a>\n                                       <\/div>\n<\/p><\/div>\n<\/section><\/div>\n<\/p><\/div>\n<div class=\"row\">\n<div class=\"col-lg-4\">\n<section class=\"post-a\">\n<div class=\"entry-media\">\n<div class=\"post-a__img\">\n                                           <img decoding=\"async\" class=\"img-responsive\" src=\"http:\/\/tflinc.ca\/wp-content\/uploads\/2016\/06\/calfeutrage-small.jpg\" alt=\"foto\" \/>\n                                       <\/div>\n<\/p><\/div>\n<div class=\"entry-main\">\n<div class=\"entry-content\">\n<h3 class=\"post-a__title ui-title-block\">Calfeutrage de fen\u00eatres<\/h3>\n<div class=\"post-a__text\">Facilite l&#8217;entretien des fen\u00eatres et baies vitr\u00e9es et \u00e9vite la moisissure et la pourriture dans les encadrements en bois.<\/div>\n<\/p><\/div>\n<p>                                       <a class=\"post-a__btn btn btn-default btn-effect\" href=\"http:\/\/tflinc.ca\/index.php\/calfeutrage-de-fenetres\/\">En savoir plus<\/a>\n                                   <\/div>\n<\/section><\/div>\n<div class=\"col-lg-4\">\n<section class=\"post-a\">\n<div class=\"entry-media\">\n<div class=\"post-a__img\">\n                                           <img decoding=\"async\" class=\"img-responsive\" src=\"http:\/\/tflinc.ca\/wp-content\/uploads\/2016\/06\/recouvrement-small.jpg\" alt=\"foto\" \/>\n                                       <\/div>\n<\/p><\/div>\n<div class=\"entry-main\">\n<div class=\"entry-content\">\n<h3 class=\"post-a__title ui-title-block\">Recouvrement de fen\u00eatres<\/h3>\n<div class=\"post-a__text\">Nos produits de recouvrements haut de gamme sont plus \u00e9cologiques, ce qui en fait un excellent choix.<\/div>\n<p>                                           <a class=\"post-a__btn btn btn-default btn-effect\" href=\"http:\/\/tflinc.ca\/index.php\/recouvrement-de-fenetres\/\">En savoir plus<\/a>\n                                       <\/div>\n<\/p><\/div>\n<\/section><\/div>\n<div class=\"col-lg-4\">\n<section class=\"post-a post-a_last\">\n<div class=\"entry-media\">\n<div class=\"post-a__img\">\n                                           <img decoding=\"async\" class=\"img-responsive\" src=\"http:\/\/tflinc.ca\/wp-content\/uploads\/2016\/06\/revetement-small.jpg\" alt=\"foto\" \/>\n                                       <\/div>\n<\/p><\/div>\n<div class=\"entry-main\">\n<div class=\"entry-content\">\n<h3 class=\"post-a__title ui-title-block\">Pi\u00e8ces pour fen\u00eatres<\/h3>\n<div class=\"post-a__text\">Nous proposons des produits de rev\u00eatement ext\u00e9rieur r\u00e9sistants ayant un excellent rapport qualit\u00e9-prix.<\/div>\n<p>                                           <a class=\"post-a__btn btn btn-default btn-effect\" href=\"http:\/\/tflinc.ca\/index.php\/pieces-pour-fenetres\/\">En savoir plus<\/a>\n                                       <\/div>\n<\/p><\/div>\n<\/section><\/div>\n<\/p><\/div>\n<\/p><\/div>\n<\/p><\/div>\n<\/p><\/div>\n<\/p><\/div>\n<\/section>\n<\/div>\n<div data-section=\"text\/2.html\">\n<section class=\"section-area\">\n<div class=\"container\">\n<div class=\"row scrollr\">\n<div class=\"col-xs-12\">\n<h2 class=\"title-btn ui-title-block\">\n                       <a href=\"#O7xyB\" class=\"title-btn__inner js-scroll\">Restauration de fen\u00eatres<\/a><br \/>\n                       <button type=\"button\" data-toggle=\"collapse\" data-target=\"#O7xyB\" class=\"title-btn__btn\"><br \/>\n                           <span class=\"icon fa fa-caret-down\"><\/span><br \/>\n                       <\/button><br \/>\n                   <\/h2>\n<div id=\"O7xyB\" class=\"container collapse in\">\n<div class=\"table-row\">\n<div class=\"col-md-6 bg-light table-cell\">\n<div class=\"col-md-8 col-md-offset-2\">\n<section class=\"section-default\">\n<h3 class=\"ui-title-block color-dark\">Renouvelez vos fen\u00eatres \u00e0 neuf avec vos vitres existantes<\/h3>\n<div class=\"color-grey\">\n<p>Notre concept de conversion de fen\u00eatres vous permet de r\u00e9utiliser vos vitres existantes, comme elles sont g\u00e9n\u00e9ralement fonctionnelles, vous b\u00e9n\u00e9ficiez d&#8217;\u00e9conomies qui peuvent repr\u00e9senter pr\u00e8s de la moiti\u00e9 du prix des fen\u00eatres neuves! Nous r\u00e9cup\u00e9rons vos vitres pour les r\u00e9utiliser dans vos nouvelles fen\u00eatres. Gr\u00e2ce \u00e0 une conception assist\u00e9e par ordinateur, exclusive \u00e0 TFL INC., nous taillons sur mesures toutes les composantes de vos nouvelles fen\u00eatres.<\/p>\n<\/p><\/div>\n<\/section><\/div>\n<\/p><\/div>\n<div class=\"col-md-6 bg_mod-c table-cell\">\n<div class=\"col-md-8 col-md-offset-2\">\n<section class=\"section-default\">\n<h3 class=\"ui-title-block color-dark\">Notre assemblage de vos fen\u00eatres<\/h3>\n<div class=\"color-grey\">\n<p>Ensuite, \u00e0 votre domicile, nous les assemblons directement dans les ouvertures existantes en prenant soin de conserver les b\u00e2tis existants intacts. Ce proc\u00e9d\u00e9 \u00e9vite de d\u00e9molir une partie de vos murs et vous fait r\u00e9aliser des \u00e9conomies importantes. Une \u00e9quipe chevronn\u00e9e fait le travail en une journ\u00e9e. Pas de d\u00e9g\u00e2ts, pas de poussi\u00e8re. Satisfaction garantie.<\/p>\n<p>Recouvrement des cadres ext\u00e9rieurs en sus. Contactez-nous pour plus d&#8217;information<\/p>\n<\/p><\/div>\n<\/section><\/div>\n<\/p><\/div>\n<\/p><\/div>\n<\/p><\/div>\n<\/p><\/div>\n<\/p><\/div>\n<\/p><\/div>\n<\/section>\n<\/div>\n<div data-section=\"form\/3.html\">\n<div class=\"container\">\n<div class=\"bg_mod-d\">\n<div class=\"row\">\n<div class=\"col-md-6\">\n<section id=\"feAoB\" class=\"section-default block-padd-14\">\n<h2 class=\"ui-title-block_w-border\">Estimation gratuite pour la restauration de vos fen\u00eatres.<\/h2>\n<\/p>\n<p>                       \n<div class=\"wpcf7 no-js\" id=\"wpcf7-f1033-o1\" lang=\"fr-FR\" dir=\"ltr\" data-wpcf7-id=\"1033\">\n<div class=\"screen-reader-response\"><p role=\"status\" aria-live=\"polite\" aria-atomic=\"true\"><\/p> <ul><\/ul><\/div>\n<form action=\"\/index.php\/wp-json\/wp\/v2\/pages\/1031#wpcf7-f1033-o1\" method=\"post\" class=\"wpcf7-form init\" aria-label=\"Formulaire de contact\" novalidate=\"novalidate\" data-status=\"init\">\n<fieldset class=\"hidden-fields-container\"><input type=\"hidden\" name=\"_wpcf7\" value=\"1033\" \/><input type=\"hidden\" name=\"_wpcf7_version\" value=\"6.1.5\" \/><input type=\"hidden\" name=\"_wpcf7_locale\" value=\"fr_FR\" \/><input type=\"hidden\" name=\"_wpcf7_unit_tag\" value=\"wpcf7-f1033-o1\" \/><input type=\"hidden\" name=\"_wpcf7_container_post\" value=\"0\" \/><input type=\"hidden\" name=\"_wpcf7_posted_data_hash\" value=\"\" \/><input type=\"hidden\" name=\"_wpcf7dtx_version\" value=\"5.0.5\" \/><input type=\"hidden\" name=\"_wpcf7_recaptcha_response\" value=\"\" \/>\n<\/fieldset>\n<div class=\"input-with-icon\">\n\t<p><i class=\"wp-svg-users-2 users-2\"><\/i><span class=\"wpcf7-form-control-wrap\" data-name=\"nom\"><input size=\"40\" maxlength=\"400\" class=\"wpcf7-form-control wpcf7-text wpcf7-validates-as-required form-accueil-2\" aria-required=\"true\" aria-invalid=\"false\" placeholder=\"Nom *\" value=\"\" type=\"text\" name=\"nom\" \/><\/span>\n\t<\/p>\n<\/div>\n<div class=\"input-with-icon\">\n\t<p><i class=\"wp-svg-mail-2 mail-2\"><\/i><span class=\"wpcf7-form-control-wrap\" data-name=\"courriel\"><input size=\"40\" maxlength=\"400\" class=\"wpcf7-form-control wpcf7-email wpcf7-validates-as-required wpcf7-text wpcf7-validates-as-email form-accueil-2\" aria-required=\"true\" aria-invalid=\"false\" placeholder=\"Courriel *\" value=\"\" type=\"email\" name=\"courriel\" \/><\/span>\n\t<\/p>\n<\/div>\n<div class=\"input-with-icon\">\n\t<p><i class=\"wp-svg-phone phone\"><\/i><span class=\"wpcf7-form-control-wrap\" data-name=\"tel\"><input size=\"40\" maxlength=\"400\" class=\"wpcf7-form-control wpcf7-tel wpcf7-text wpcf7-validates-as-tel form-accueil-2\" aria-invalid=\"false\" placeholder=\"T\u00e9l\u00e9phone\" value=\"\" type=\"tel\" name=\"tel\" \/><\/span>\n\t<\/p>\n<\/div>\n<p>\n\t<center><input class=\"wpcf7-form-control wpcf7-submit has-spinner btn btn-primary btn-effect form-div-btn\" type=\"submit\" value=\"ENVOYER\" \/>\n\t<\/center>\n<\/p><div class=\"wpcf7-response-output\" aria-hidden=\"true\"><\/div>\n<\/form>\n<\/div>\n<br \/>\n                   <\/section>\n<\/p><\/div>\n<div class=\"col-md-6\">\n<div class=\"wrap-text\">\n                       <img decoding=\"async\" src=\"https:\/\/tflinc.ca\/wp-content\/themes\/prometheus\/prometheus\/azh\/prometheus\/assets\/media\/content\/840x840\/3.jpg\" alt=\"foto\" class=\"img-full\">\n                   <\/div>\n<\/p><\/div>\n<\/p><\/div>\n<\/p><\/div>\n<\/p><\/div>\n<\/div>\n","protected":false},"excerpt":{"rendered":"<p>Avant \/ Pendant \/ Apr\u00e8s Nos services Restauration fen\u00eatres de bois Nos experts fabriqueront sur mesure toutes vos pi\u00e8ces de boiseries et ce dans la m\u00eame essence de bois. En savoir plus Remplacement de thermos Le remplacement de thermos dans vos fen\u00eatres est une solution \u00e9conomique qui peut vous faire \u00e9conomiser gros. En savoir plus [&hellip;]<\/p>\n","protected":false},"author":1,"featured_media":798,"parent":0,"menu_order":0,"comment_status":"closed","ping_status":"closed","template":"page-templates\/without-container.php","meta":{"_custom_body_class":"azh","_custom_post_class":"","footnotes":""},"class_list":["post-1031","page","type-page","status-publish","has-post-thumbnail","hentry"],"yoast_head":"<!-- This site is optimized with the Yoast SEO plugin v27.3 - https:\/\/yoast.com\/product\/yoast-seo-wordpress\/ -->\n<title>Restauration de fen\u00eatres - Traitement Fen\u00eatres Laval<\/title>\n<meta name=\"robots\" content=\"index, follow, max-snippet:-1, max-image-preview:large, max-video-preview:-1\" \/>\n<link rel=\"canonical\" href=\"https:\/\/tflinc.ca\/index.php\/restauration-de-fenetres\/\" \/>\n<meta property=\"og:locale\" content=\"fr_FR\" \/>\n<meta property=\"og:type\" content=\"article\" \/>\n<meta property=\"og:title\" content=\"Restauration de fen\u00eatres - Traitement Fen\u00eatres Laval\" \/>\n<meta property=\"og:description\" content=\"Avant \/ Pendant \/ Apr\u00e8s Nos services Restauration fen\u00eatres de bois Nos experts fabriqueront sur mesure toutes vos pi\u00e8ces de boiseries et ce dans la m\u00eame essence de bois. En savoir plus Remplacement de thermos Le remplacement de thermos dans vos fen\u00eatres est une solution \u00e9conomique qui peut vous faire \u00e9conomiser gros. En savoir plus [&hellip;]\" \/>\n<meta property=\"og:url\" content=\"https:\/\/tflinc.ca\/index.php\/restauration-de-fenetres\/\" \/>\n<meta property=\"og:site_name\" content=\"Traitement Fen\u00eatres Laval\" \/>\n<meta property=\"article:modified_time\" content=\"2024-08-06T23:29:16+00:00\" \/>\n<meta property=\"og:image\" content=\"https:\/\/tflinc.ca\/wp-content\/uploads\/2016\/11\/restauration-slide.jpg\" \/>\n\t<meta property=\"og:image:width\" content=\"1920\" \/>\n\t<meta property=\"og:image:height\" content=\"1257\" \/>\n\t<meta property=\"og:image:type\" content=\"image\/jpeg\" \/>\n<meta name=\"twitter:card\" content=\"summary_large_image\" \/>\n<meta name=\"twitter:label1\" content=\"Dur\u00e9e de lecture estim\u00e9e\" \/>\n\t<meta name=\"twitter:data1\" content=\"4 minutes\" \/>\n<script type=\"application\/ld+json\" class=\"yoast-schema-graph\">{\"@context\":\"https:\\\/\\\/schema.org\",\"@graph\":[{\"@type\":\"WebPage\",\"@id\":\"https:\\\/\\\/tflinc.ca\\\/index.php\\\/restauration-de-fenetres\\\/\",\"url\":\"https:\\\/\\\/tflinc.ca\\\/index.php\\\/restauration-de-fenetres\\\/\",\"name\":\"Restauration de fen\u00eatres - Traitement Fen\u00eatres Laval\",\"isPartOf\":{\"@id\":\"https:\\\/\\\/tflinc.ca\\\/#website\"},\"primaryImageOfPage\":{\"@id\":\"https:\\\/\\\/tflinc.ca\\\/index.php\\\/restauration-de-fenetres\\\/#primaryimage\"},\"image\":{\"@id\":\"https:\\\/\\\/tflinc.ca\\\/index.php\\\/restauration-de-fenetres\\\/#primaryimage\"},\"thumbnailUrl\":\"https:\\\/\\\/tflinc.ca\\\/wp-content\\\/uploads\\\/2016\\\/11\\\/restauration-slide.jpg\",\"datePublished\":\"2017-02-27T13:56:36+00:00\",\"dateModified\":\"2024-08-06T23:29:16+00:00\",\"breadcrumb\":{\"@id\":\"https:\\\/\\\/tflinc.ca\\\/index.php\\\/restauration-de-fenetres\\\/#breadcrumb\"},\"inLanguage\":\"fr-FR\",\"potentialAction\":[{\"@type\":\"ReadAction\",\"target\":[\"https:\\\/\\\/tflinc.ca\\\/index.php\\\/restauration-de-fenetres\\\/\"]}]},{\"@type\":\"ImageObject\",\"inLanguage\":\"fr-FR\",\"@id\":\"https:\\\/\\\/tflinc.ca\\\/index.php\\\/restauration-de-fenetres\\\/#primaryimage\",\"url\":\"https:\\\/\\\/tflinc.ca\\\/wp-content\\\/uploads\\\/2016\\\/11\\\/restauration-slide.jpg\",\"contentUrl\":\"https:\\\/\\\/tflinc.ca\\\/wp-content\\\/uploads\\\/2016\\\/11\\\/restauration-slide.jpg\",\"width\":1920,\"height\":1257,\"caption\":\"light kitchen interior, chairs, desk, windows\"},{\"@type\":\"BreadcrumbList\",\"@id\":\"https:\\\/\\\/tflinc.ca\\\/index.php\\\/restauration-de-fenetres\\\/#breadcrumb\",\"itemListElement\":[{\"@type\":\"ListItem\",\"position\":1,\"name\":\"Accueil\",\"item\":\"https:\\\/\\\/tflinc.ca\\\/\"},{\"@type\":\"ListItem\",\"position\":2,\"name\":\"Restauration de fen\u00eatres\"}]},{\"@type\":\"WebSite\",\"@id\":\"https:\\\/\\\/tflinc.ca\\\/#website\",\"url\":\"https:\\\/\\\/tflinc.ca\\\/\",\"name\":\"Traitement Fen\u00eatres Laval\",\"description\":\"\",\"potentialAction\":[{\"@type\":\"SearchAction\",\"target\":{\"@type\":\"EntryPoint\",\"urlTemplate\":\"https:\\\/\\\/tflinc.ca\\\/?s={search_term_string}\"},\"query-input\":{\"@type\":\"PropertyValueSpecification\",\"valueRequired\":true,\"valueName\":\"search_term_string\"}}],\"inLanguage\":\"fr-FR\"}]}<\/script>\n<!-- \/ Yoast SEO plugin. -->","yoast_head_json":{"title":"Restauration de fen\u00eatres - Traitement Fen\u00eatres Laval","robots":{"index":"index","follow":"follow","max-snippet":"max-snippet:-1","max-image-preview":"max-image-preview:large","max-video-preview":"max-video-preview:-1"},"canonical":"https:\/\/tflinc.ca\/index.php\/restauration-de-fenetres\/","og_locale":"fr_FR","og_type":"article","og_title":"Restauration de fen\u00eatres - Traitement Fen\u00eatres Laval","og_description":"Avant \/ Pendant \/ Apr\u00e8s Nos services Restauration fen\u00eatres de bois Nos experts fabriqueront sur mesure toutes vos pi\u00e8ces de boiseries et ce dans la m\u00eame essence de bois. En savoir plus Remplacement de thermos Le remplacement de thermos dans vos fen\u00eatres est une solution \u00e9conomique qui peut vous faire \u00e9conomiser gros. En savoir plus [&hellip;]","og_url":"https:\/\/tflinc.ca\/index.php\/restauration-de-fenetres\/","og_site_name":"Traitement Fen\u00eatres Laval","article_modified_time":"2024-08-06T23:29:16+00:00","og_image":[{"width":1920,"height":1257,"url":"https:\/\/tflinc.ca\/wp-content\/uploads\/2016\/11\/restauration-slide.jpg","type":"image\/jpeg"}],"twitter_card":"summary_large_image","twitter_misc":{"Dur\u00e9e de lecture estim\u00e9e":"4 minutes"},"schema":{"@context":"https:\/\/schema.org","@graph":[{"@type":"WebPage","@id":"https:\/\/tflinc.ca\/index.php\/restauration-de-fenetres\/","url":"https:\/\/tflinc.ca\/index.php\/restauration-de-fenetres\/","name":"Restauration de fen\u00eatres - Traitement Fen\u00eatres Laval","isPartOf":{"@id":"https:\/\/tflinc.ca\/#website"},"primaryImageOfPage":{"@id":"https:\/\/tflinc.ca\/index.php\/restauration-de-fenetres\/#primaryimage"},"image":{"@id":"https:\/\/tflinc.ca\/index.php\/restauration-de-fenetres\/#primaryimage"},"thumbnailUrl":"https:\/\/tflinc.ca\/wp-content\/uploads\/2016\/11\/restauration-slide.jpg","datePublished":"2017-02-27T13:56:36+00:00","dateModified":"2024-08-06T23:29:16+00:00","breadcrumb":{"@id":"https:\/\/tflinc.ca\/index.php\/restauration-de-fenetres\/#breadcrumb"},"inLanguage":"fr-FR","potentialAction":[{"@type":"ReadAction","target":["https:\/\/tflinc.ca\/index.php\/restauration-de-fenetres\/"]}]},{"@type":"ImageObject","inLanguage":"fr-FR","@id":"https:\/\/tflinc.ca\/index.php\/restauration-de-fenetres\/#primaryimage","url":"https:\/\/tflinc.ca\/wp-content\/uploads\/2016\/11\/restauration-slide.jpg","contentUrl":"https:\/\/tflinc.ca\/wp-content\/uploads\/2016\/11\/restauration-slide.jpg","width":1920,"height":1257,"caption":"light kitchen interior, chairs, desk, windows"},{"@type":"BreadcrumbList","@id":"https:\/\/tflinc.ca\/index.php\/restauration-de-fenetres\/#breadcrumb","itemListElement":[{"@type":"ListItem","position":1,"name":"Accueil","item":"https:\/\/tflinc.ca\/"},{"@type":"ListItem","position":2,"name":"Restauration de fen\u00eatres"}]},{"@type":"WebSite","@id":"https:\/\/tflinc.ca\/#website","url":"https:\/\/tflinc.ca\/","name":"Traitement Fen\u00eatres Laval","description":"","potentialAction":[{"@type":"SearchAction","target":{"@type":"EntryPoint","urlTemplate":"https:\/\/tflinc.ca\/?s={search_term_string}"},"query-input":{"@type":"PropertyValueSpecification","valueRequired":true,"valueName":"search_term_string"}}],"inLanguage":"fr-FR"}]}},"_links":{"self":[{"href":"https:\/\/tflinc.ca\/index.php\/wp-json\/wp\/v2\/pages\/1031","targetHints":{"allow":["GET"]}}],"collection":[{"href":"https:\/\/tflinc.ca\/index.php\/wp-json\/wp\/v2\/pages"}],"about":[{"href":"https:\/\/tflinc.ca\/index.php\/wp-json\/wp\/v2\/types\/page"}],"author":[{"embeddable":true,"href":"https:\/\/tflinc.ca\/index.php\/wp-json\/wp\/v2\/users\/1"}],"replies":[{"embeddable":true,"href":"https:\/\/tflinc.ca\/index.php\/wp-json\/wp\/v2\/comments?post=1031"}],"version-history":[{"count":8,"href":"https:\/\/tflinc.ca\/index.php\/wp-json\/wp\/v2\/pages\/1031\/revisions"}],"predecessor-version":[{"id":4523,"href":"https:\/\/tflinc.ca\/index.php\/wp-json\/wp\/v2\/pages\/1031\/revisions\/4523"}],"wp:featuredmedia":[{"embeddable":true,"href":"https:\/\/tflinc.ca\/index.php\/wp-json\/wp\/v2\/media\/798"}],"wp:attachment":[{"href":"https:\/\/tflinc.ca\/index.php\/wp-json\/wp\/v2\/media?parent=1031"}],"curies":[{"name":"wp","href":"https:\/\/api.w.org\/{rel}","templated":true}]}}